{"id":772684,"date":"2025-08-28T15:48:51","date_gmt":"2025-08-28T12:48:51","guid":{"rendered":"https:\/\/roveyayinevi.com.tr\/index.php\/urun\/veba-2\/"},"modified":"2026-04-15T03:38:54","modified_gmt":"2026-04-15T00:38:54","slug":"veba-2","status":"publish","type":"product","link":"https:\/\/roveyayinevi.com.tr\/index.php\/urun\/veba-2\/","title":{"rendered":"Veba"},"content":{"rendered":"<p>\u00d6l\u00fcm ve \u00f6lmek art\u0131k insan deneyiminin s\u0131n\u0131rlar\u0131 d\u0131\u015f\u0131na itilemedi\u011finde veya bilin\u00e7 taraf\u0131ndan reddedilemedi\u011finde ne olur? \u00d6l\u00fcm \u00e7ok yak\u0131na geldi\u011finde, dahas\u0131 soludu\u011fun havaya kar\u0131\u015fma ihtimali do\u011fdu\u011funda ki\u015fi \u00f6l\u00fcmle hatta \u201c\u00f6l\u00fcm\u00fc nas\u0131l ya\u015far\u201d?   Veba, ya\u015fayan en \u00f6nemli feministlerden ve k\u00fclt\u00fcr yorumcular\u0131ndan biri olan Jacqueline Rose\u2019un, g\u00fcn\u00fcm\u00fcz d\u00fcnyas\u0131n\u0131 daha iyi kavramak i\u00e7in Albert Camus, Sigmund Freud ve Simone Weil\u2019in yap\u0131tlar\u0131na ba\u015fvurdu\u011fu denemelerden olu\u015fuyor. \u00d6l\u00fcme y\u00f6nelik radikal bir sayg\u0131n\u0131n daha e\u015fit bir servet payla\u015f\u0131m\u0131yla birlikte d\u00fc\u015f\u00fcn\u00fclebilece\u011fini \u00f6ne s\u00fcren Rose, bu tezinden yola \u00e7\u0131karak Covid-19 pandemisi yahut Ukrayna\u2019n\u0131n i\u015fgali gibi yak\u0131n d\u00f6nemde meydana gelen felaketlerin yaratt\u0131\u011f\u0131 ruh durumlar\u0131n\u0131 mercek alt\u0131na al\u0131yor. \u00d6zellikle Bat\u0131\u2019da, \u00f6l\u00fcm\u00fc hayat d\u00fczenimizi ihlal eden, uzak tutulacak bir i\u015fgalci olarak d\u00fc\u015f\u00fcnmenin ba\u015far\u0131s\u0131zl\u0131\u011fa mahk\u00fbm savunmac\u0131 bir tav\u0131r oldu\u011funu vurgulayarak \u201c\u00f6l\u00fcm\u00fc ya\u015famak\u201dta \u0131srar ediyor. Filozof Simone Weil\u2019in d\u00fc\u015f\u00fcncesini ele ald\u0131\u011f\u0131, kitapta kilit rol oynayan denemesinde ancak insan olman\u0131n s\u0131n\u0131rlar\u0131n\u0131 kabul etti\u011fimiz takdirde azg\u0131nca iktidar h\u0131rs\u0131ndan ve beraberinde getirdi\u011fi yan\u0131lsamalardan ar\u0131nabilece\u011finizi ileri s\u00fcr\u00fcyor.   \u00d6l\u00fcm, sava\u015f ve Simone Weil \u00fczerine bu de\u011ferli denemeler, kitab\u0131n son sayfas\u0131 \u00e7evrildikten \u00e7ok sonra da ya\u015fam g\u00fcc\u00fc vermeye devam ediyor. Deborah Levy, Guardian   Edebiyat\u00e7\u0131 ve psikanalitik d\u00fc\u015f\u00fcn\u00fcr olarak Rose, en acil sosyopolitik sorunlar\u0131m\u0131z\u0131 \u015fekillendiren yer alt\u0131 korkular\u0131m\u0131z, d\u00fc\u015flemlerimiz ve de anlat\u0131lar\u0131m\u0131z \u00fczerinde dikkatle durmam\u0131z konusunda uzun zamand\u0131r diretiyor. Merve Emre, The Nation   Kendi ku\u015fa\u011f\u0131n\u0131n ele\u015ftirmenleri aras\u0131nda Jacqueline Rose\u2019un benzeri yok. Edebi i\u00e7 g\u00f6r\u00fcs\u00fcndeki parlakl\u0131k, nesrindeki berrakl\u0131k ve analizlerindeki incelik tam anlam\u0131yla nefes kesici. Edward Said <\/p>\n","protected":false},"excerpt":{"rendered":"<p>\u00d6l\u00fcm ve \u00f6lmek art\u0131k insan deneyiminin s\u0131n\u0131rlar\u0131 d\u0131\u015f\u0131na itilemedi\u011finde veya bilin\u00e7 taraf\u0131ndan reddedilemedi\u011finde ne olur? \u00d6l\u00fcm \u00e7ok yak\u0131na geldi\u011finde, dahas\u0131 soludu\u011fun havaya kar\u0131\u015fma ihtimali do\u011fdu\u011funda ki\u015fi<span class=\"excerpt-hellip\"> [\u2026]<\/span><\/p>\n","protected":false},"featured_media":0,"template":"","meta":{"_monsterinsights_skip_tracking":false,"_monsterinsights_sitenote_active":false,"_monsterinsights_sitenote_note":"","_monsterinsights_sitenote_category":0},"product_brand":[],"product_cat":[12777,12291],"product_tag":[],"class_list":{"0":"post-772684","1":"product","2":"type-product","3":"status-publish","5":"product_cat-deneme","6":"product_cat-edebiyat","7":"pa_cilt-ciltsiz","8":"pa_tur-kitap","9":"pa_yayinevi-yapi-kredi-yayinlari","10":"pa_yazar-jacqueline-rose","12":"first","13":"instock","14":"sale","15":"shipping-taxable","16":"purchasable","17":"product-type-simple"},"_links":{"self":[{"href":"https:\/\/roveyayinevi.com.tr\/index.php\/wp-json\/wp\/v2\/product\/772684","targetHints":{"allow":["GET"]}}],"collection":[{"href":"https:\/\/roveyayinevi.com.tr\/index.php\/wp-json\/wp\/v2\/product"}],"about":[{"href":"https:\/\/roveyayinevi.com.tr\/index.php\/wp-json\/wp\/v2\/types\/product"}],"wp:attachment":[{"href":"https:\/\/roveyayinevi.com.tr\/index.php\/wp-json\/wp\/v2\/media?parent=772684"}],"wp:term":[{"taxonomy":"product_brand","embeddable":true,"href":"https:\/\/roveyayinevi.com.tr\/index.php\/wp-json\/wp\/v2\/product_brand?post=772684"},{"taxonomy":"product_cat","embeddable":true,"href":"https:\/\/roveyayinevi.com.tr\/index.php\/wp-json\/wp\/v2\/product_cat?post=772684"},{"taxonomy":"product_tag","embeddable":true,"href":"https:\/\/roveyayinevi.com.tr\/index.php\/wp-json\/wp\/v2\/product_tag?post=772684"}],"curies":[{"name":"wp","href":"https:\/\/api.w.org\/{rel}","templated":true}]}}