{"id":772681,"date":"2025-08-28T15:48:45","date_gmt":"2025-08-28T12:48:45","guid":{"rendered":"https:\/\/roveyayinevi.com.tr\/index.php\/urun\/atochadan-ayrilis\/"},"modified":"2026-04-15T03:38:54","modified_gmt":"2026-04-15T00:38:54","slug":"atochadan-ayrilis","status":"publish","type":"product","link":"https:\/\/roveyayinevi.com.tr\/index.php\/urun\/atochadan-ayrilis\/","title":{"rendered":"Atocha\u2019dan Ayr\u0131l\u0131\u015f"},"content":{"rendered":"<p>Amerikal\u0131 gen\u00e7 \u015fair Adam Gordon, \u0130spanya \u0130\u00e7 Sava\u015f\u0131 \u00fczerine \u00e7al\u0131\u015fmak i\u00e7in bir \u201c\u015fiir bursu\u201dyla Madrid\u2019e gelmi\u015ftir. Ancak Adam buradaki zaman\u0131n\u0131n b\u00fcy\u00fck b\u00f6l\u00fcm\u00fcn\u00fc aylakl\u0131k etmekle ve sahte biri oldu\u011fu \u015feklindeki endi\u015fesini kimisi yarat\u0131c\u0131 kimisi al\u0131\u015f\u0131ld\u0131k \u00e7e\u015fitli yollara ba\u015fvurarak bast\u0131rmakla ge\u00e7irir.   Sahtelikle sahicilik aras\u0131ndaki s\u0131n\u0131r\u0131n bulan\u0131kla\u015ft\u0131\u011f\u0131 teknoloji ve medikasyon \u00e7a\u011f\u0131nda \u015fiir ve sanat\u0131n bir ge\u00e7erlili\u011fi, hatta imk\u00e2n\u0131 kalm\u0131\u015f m\u0131d\u0131r? Her \u015fey kendi \u00fcst\u00fcne d\u00f6nen dil oyunlar\u0131ndan ibaret g\u00f6r\u00fcn\u00fcrken hakiki bir deneyime ula\u015fmak h\u00e2l\u00e2 m\u00fcmk\u00fcn m\u00fcd\u00fcr? Atocha\u2019dan Ayr\u0131l\u0131\u015f\u2019\u0131n kafas\u0131 kar\u0131\u015f\u0131k kahraman\u0131 bu t\u00fcr sorularla bo\u011fu\u015fur ve iki kad\u0131n aras\u0131nda savrulurken her \u015feyi de\u011fi\u015ftiren bir olay ya\u015fanacak, Adam Avrupa\u2019da bir Amerikal\u0131 olarak kendini Tarih\u2019le y\u00fcz y\u00fcze bulacakt\u0131r.   Atocha\u2019dan Ayr\u0131l\u0131\u015f g\u00fcn\u00fcm\u00fcz\u00fcn en \u00f6nemli yazarlar\u0131ndan Ben Lerner\u2019\u0131n ilk roman\u0131.        Atocha\u2019dan Ayr\u0131l\u0131\u015f hafiflik ve a\u011f\u0131rl\u0131\u011f\u0131n b\u00fcy\u00fcleyici bir kar\u0131\u015f\u0131m\u0131na sahip. (\u2026) Lerner, geleneksel romanlar\u0131n \u00e7o\u011funun hantal olay \u00f6rg\u00fcleri, sahneleri ve \u2018\u00e7at\u0131\u015fma\u2019lar\u0131 y\u00fcz\u00fcnden \u0131skalad\u0131\u011f\u0131 bir \u015feyi kay\u0131t alt\u0131na almay\u0131 ama\u00e7l\u0131yor: D\u00fc\u015f\u00fcncenin s\u00fcr\u00fckleni\u015fi; hayat\u0131n dramdan yoksun taraf\u0131n\u0131n anlams\u0131zca ge\u00e7ip gidi\u015fi&#8230; James Wood, The New Yorker   Ba\u015ftan sona b\u00fcy\u00fcleyici. Lerner\u2019\u0131n kendinden nefret eden, yalanc\u0131, a\u015f\u0131r\u0131 ilaca maruz kalm\u0131\u015f, hem zeki hem budala kahraman\u0131 unutulmaz bir karakter ve sesinde kendine \u00f6zg\u00fc bir komedi var. Paul Auster <\/p>\n","protected":false},"excerpt":{"rendered":"<p>Amerikal\u0131 gen\u00e7 \u015fair Adam Gordon, \u0130spanya \u0130\u00e7 Sava\u015f\u0131 \u00fczerine \u00e7al\u0131\u015fmak i\u00e7in bir \u201c\u015fiir bursu\u201dyla Madrid\u2019e gelmi\u015ftir. Ancak Adam buradaki zaman\u0131n\u0131n b\u00fcy\u00fck b\u00f6l\u00fcm\u00fcn\u00fc aylakl\u0131k etmekle ve sahte<span class=\"excerpt-hellip\"> [\u2026]<\/span><\/p>\n","protected":false},"featured_media":0,"template":"","meta":{"_monsterinsights_skip_tracking":false,"_monsterinsights_sitenote_active":false,"_monsterinsights_sitenote_note":"","_monsterinsights_sitenote_category":0},"product_brand":[],"product_cat":[12291,12711],"product_tag":[],"class_list":{"0":"post-772681","1":"product","2":"type-product","3":"status-publish","5":"product_cat-edebiyat","6":"product_cat-roman-oyku","7":"pa_cilt-ciltsiz","8":"pa_tur-kitap","9":"pa_yayinevi-yapi-kredi-yayinlari","10":"pa_yazar-ben-lerner","12":"first","13":"instock","14":"sale","15":"shipping-taxable","16":"purchasable","17":"product-type-simple"},"_links":{"self":[{"href":"https:\/\/roveyayinevi.com.tr\/index.php\/wp-json\/wp\/v2\/product\/772681","targetHints":{"allow":["GET"]}}],"collection":[{"href":"https:\/\/roveyayinevi.com.tr\/index.php\/wp-json\/wp\/v2\/product"}],"about":[{"href":"https:\/\/roveyayinevi.com.tr\/index.php\/wp-json\/wp\/v2\/types\/product"}],"wp:attachment":[{"href":"https:\/\/roveyayinevi.com.tr\/index.php\/wp-json\/wp\/v2\/media?parent=772681"}],"wp:term":[{"taxonomy":"product_brand","embeddable":true,"href":"https:\/\/roveyayinevi.com.tr\/index.php\/wp-json\/wp\/v2\/product_brand?post=772681"},{"taxonomy":"product_cat","embeddable":true,"href":"https:\/\/roveyayinevi.com.tr\/index.php\/wp-json\/wp\/v2\/product_cat?post=772681"},{"taxonomy":"product_tag","embeddable":true,"href":"https:\/\/roveyayinevi.com.tr\/index.php\/wp-json\/wp\/v2\/product_tag?post=772681"}],"curies":[{"name":"wp","href":"https:\/\/api.w.org\/{rel}","templated":true}]}}