{"id":772680,"date":"2025-08-28T15:48:43","date_gmt":"2025-08-28T12:48:43","guid":{"rendered":"https:\/\/roveyayinevi.com.tr\/index.php\/urun\/pan-3\/"},"modified":"2026-04-15T03:38:54","modified_gmt":"2026-04-15T00:38:54","slug":"pan-3","status":"publish","type":"product","link":"https:\/\/roveyayinevi.com.tr\/index.php\/urun\/pan-3\/","title":{"rendered":"Pan"},"content":{"rendered":"<p>\u201cY\u00dcCE TANRI PAN GER\u00c7EKTEN \u00d6LMED\u0130; B\u00dcY\u00dc H\u00c2L\u00c2 ORADA.\u201d \u2013 CARL GUSTAV JUNG   Pan; do\u011furganl\u0131\u011f\u0131n, i\u00e7g\u00fcd\u00fclerin, do\u011fan\u0131n ve sihrin efendisidir. En derin arzular\u0131m\u0131zda, do\u011fayla kurdu\u011fumuz o b\u00fcy\u00fcl\u00fc ba\u011fda, i\u00e7sel korkular\u0131m\u0131zda, i\u00e7imizdeki ne\u015fede ve hilebazl\u0131kta h\u00e2l\u00e2 ya\u015famaktad\u0131r.   Carl Gustav Jung ve Marie-Louise von Franz gibi analitik psikologlar\u0131n vaka analizleriyle Pan arketipinin psikomitolojik katmanlar\u0131n\u0131n incelendi\u011fi bu kitap; G\u00f6beklitepe buluntular\u0131ndan ma\u011fara sanat\u0131na, cad\u0131lardan ok\u00fcltistlere, Anadolu\u2019nun k\u00f6y seyirlik oyunlar\u0131ndan gizem k\u00fcltlerine kadar Pan\u2019\u0131n fl\u00fct\u00fcn\u00fcn ezgisi e\u015fli\u011finde sizi derin bir yolculu\u011fa \u00e7\u0131kar\u0131yor.   Y\u00fcce Tanr\u0131 Pan\u2019\u0131n \u00e7a\u011f\u0131m\u0131z insan\u0131na s\u00f6yleyece\u011fi \u00e7ok \u015fey var. <\/p>\n","protected":false},"excerpt":{"rendered":"<p>\u201cY\u00dcCE TANRI PAN GER\u00c7EKTEN \u00d6LMED\u0130; B\u00dcY\u00dc H\u00c2L\u00c2 ORADA.\u201d \u2013 CARL GUSTAV JUNG Pan; do\u011furganl\u0131\u011f\u0131n, i\u00e7g\u00fcd\u00fclerin, do\u011fan\u0131n ve sihrin efendisidir. En derin arzular\u0131m\u0131zda, do\u011fayla kurdu\u011fumuz o b\u00fcy\u00fcl\u00fc<span class=\"excerpt-hellip\"> [\u2026]<\/span><\/p>\n","protected":false},"featured_media":0,"template":"","meta":{"_monsterinsights_skip_tracking":false,"_monsterinsights_sitenote_active":false,"_monsterinsights_sitenote_note":"","_monsterinsights_sitenote_category":0},"product_brand":[],"product_cat":[12357],"product_tag":[],"class_list":{"0":"post-772680","1":"product","2":"type-product","3":"status-publish","5":"product_cat-psikoloji","6":"pa_cilt-ciltsiz","7":"pa_tur-kitap","8":"pa_yayinevi-destek-yayinlari","9":"pa_yazar-efe-elmas","11":"first","12":"instock","13":"sale","14":"shipping-taxable","15":"purchasable","16":"product-type-simple"},"_links":{"self":[{"href":"https:\/\/roveyayinevi.com.tr\/index.php\/wp-json\/wp\/v2\/product\/772680","targetHints":{"allow":["GET"]}}],"collection":[{"href":"https:\/\/roveyayinevi.com.tr\/index.php\/wp-json\/wp\/v2\/product"}],"about":[{"href":"https:\/\/roveyayinevi.com.tr\/index.php\/wp-json\/wp\/v2\/types\/product"}],"wp:attachment":[{"href":"https:\/\/roveyayinevi.com.tr\/index.php\/wp-json\/wp\/v2\/media?parent=772680"}],"wp:term":[{"taxonomy":"product_brand","embeddable":true,"href":"https:\/\/roveyayinevi.com.tr\/index.php\/wp-json\/wp\/v2\/product_brand?post=772680"},{"taxonomy":"product_cat","embeddable":true,"href":"https:\/\/roveyayinevi.com.tr\/index.php\/wp-json\/wp\/v2\/product_cat?post=772680"},{"taxonomy":"product_tag","embeddable":true,"href":"https:\/\/roveyayinevi.com.tr\/index.php\/wp-json\/wp\/v2\/product_tag?post=772680"}],"curies":[{"name":"wp","href":"https:\/\/api.w.org\/{rel}","templated":true}]}}