{"id":772679,"date":"2025-08-28T15:48:40","date_gmt":"2025-08-28T12:48:40","guid":{"rendered":"https:\/\/roveyayinevi.com.tr\/index.php\/urun\/amari-ve-dogaustu-isler-burosu\/"},"modified":"2026-04-15T03:38:54","modified_gmt":"2026-04-15T00:38:54","slug":"amari-ve-dogaustu-isler-burosu","status":"publish","type":"product","link":"https:\/\/roveyayinevi.com.tr\/index.php\/urun\/amari-ve-dogaustu-isler-burosu\/","title":{"rendered":"Amari ve Do\u011fa\u00fcst\u00fc \u0130\u015fler B\u00fcrosu"},"content":{"rendered":"<p>Amari \u00fc\u00e7 \u015fey biliyor:Abisi Quinton ortadan kayboldu.Kimse bu konuda konu\u015fmak istemiyor.Buldu\u011fu gizemli davetiye elindeki tek ipucu.Ailesinden mahallesine, onu tan\u0131yan herkes Quinton Peters\u2019\u0131n bir g\u00fcn y\u0131ld\u0131z gibi parlayaca\u011f\u0131na emindir. Ancak bu \u00e7ok sevilen gen\u00e7 ans\u0131z\u0131n ortadan kayboldu\u011funda tuhaft\u0131r ki kimse onun yoklu\u011funu sorgulamaz. Bir ki\u015fi hari\u00e7: k\u0131z karde\u015fi Amari Peters.Akl\u0131 sorularla dolup ta\u015fan Amari, bir g\u00fcn abisinin dolab\u0131nda t\u0131k\u0131rdayan bir evrak \u00e7antas\u0131 ke\u015ffeder. Quinton, Amari i\u00e7in bir \u015fey b\u0131rakm\u0131\u015ft\u0131r: Do\u011fa\u00fcst\u00fc \u0130\u015fler B\u00fcrosu\u2019nda ayarlad\u0131\u011f\u0131 bir staj. Arad\u0131\u011f\u0131 cevaplar\u0131 burada bulaca\u011f\u0131n\u0131 d\u00fc\u015f\u00fcnerek B\u00fcro\u2019ya giden Amari, daha ilk g\u00fcnden neye u\u011frad\u0131\u011f\u0131n\u0131 \u015fa\u015f\u0131r\u0131r: Denizk\u0131zlar\u0131, vampirler, yetiler, uzayl\u0131lar, b\u00fcy\u00fcc\u00fcler\u2026 hepsi ger\u00e7ek, kanl\u0131 canl\u0131 kar\u015f\u0131s\u0131ndad\u0131r, hatta oda arkada\u015f\u0131 bir ejderinsand\u0131r!Abisinin ba\u015f\u0131na gelenleri \u00f6\u011frenmek i\u00e7in Amari\u2019nin bu yeni d\u00fcnyaya al\u0131\u015fmaktan ba\u015fka \u00e7aresi yoktur. Ama ipler k\u00f6t\u00fc bir b\u00fcy\u00fcc\u00fcn\u00fcn elindeyken ve kendi do\u011fa\u00fcst\u00fc yetene\u011fi yasa d\u0131\u015f\u0131 kabul edilmi\u015fken bu hi\u00e7 de kolay olmayacakt\u0131r.B. B. Alston\u2019\u0131n \u00e7ok sevilen, 30 dile \u00e7evrilen ve uzun s\u00fcre New York Times \u00e7oksatanlar listesinde yer alan Amari serisi \u015fimdi T\u00fcrk\u00e7ede. <\/p>\n","protected":false},"excerpt":{"rendered":"<p>Amari \u00fc\u00e7 \u015fey biliyor:Abisi Quinton ortadan kayboldu.Kimse bu konuda konu\u015fmak istemiyor.Buldu\u011fu gizemli davetiye elindeki tek ipucu.Ailesinden mahallesine, onu tan\u0131yan herkes Quinton Peters\u2019\u0131n bir g\u00fcn y\u0131ld\u0131z gibi<span class=\"excerpt-hellip\"> [\u2026]<\/span><\/p>\n","protected":false},"featured_media":0,"template":"","meta":{"_monsterinsights_skip_tracking":false,"_monsterinsights_sitenote_active":false,"_monsterinsights_sitenote_note":"","_monsterinsights_sitenote_category":0},"product_brand":[],"product_cat":[12274,12284],"product_tag":[],"class_list":{"0":"post-772679","1":"product","2":"type-product","3":"status-publish","5":"product_cat-cocuk-ve-genclik-kitaplari","6":"product_cat-hikayeler","7":"pa_cilt-ciltsiz","8":"pa_tur-kitap","9":"pa_yayinevi-domingo-yayinevi","10":"pa_yazar-b-b-alston","12":"first","13":"instock","14":"sale","15":"shipping-taxable","16":"purchasable","17":"product-type-simple"},"_links":{"self":[{"href":"https:\/\/roveyayinevi.com.tr\/index.php\/wp-json\/wp\/v2\/product\/772679","targetHints":{"allow":["GET"]}}],"collection":[{"href":"https:\/\/roveyayinevi.com.tr\/index.php\/wp-json\/wp\/v2\/product"}],"about":[{"href":"https:\/\/roveyayinevi.com.tr\/index.php\/wp-json\/wp\/v2\/types\/product"}],"wp:attachment":[{"href":"https:\/\/roveyayinevi.com.tr\/index.php\/wp-json\/wp\/v2\/media?parent=772679"}],"wp:term":[{"taxonomy":"product_brand","embeddable":true,"href":"https:\/\/roveyayinevi.com.tr\/index.php\/wp-json\/wp\/v2\/product_brand?post=772679"},{"taxonomy":"product_cat","embeddable":true,"href":"https:\/\/roveyayinevi.com.tr\/index.php\/wp-json\/wp\/v2\/product_cat?post=772679"},{"taxonomy":"product_tag","embeddable":true,"href":"https:\/\/roveyayinevi.com.tr\/index.php\/wp-json\/wp\/v2\/product_tag?post=772679"}],"curies":[{"name":"wp","href":"https:\/\/api.w.org\/{rel}","templated":true}]}}