{"id":772676,"date":"2025-08-28T15:48:33","date_gmt":"2025-08-28T12:48:33","guid":{"rendered":"https:\/\/roveyayinevi.com.tr\/index.php\/urun\/zengin-babanin-rehberi\/"},"modified":"2026-04-15T03:38:53","modified_gmt":"2026-04-15T00:38:53","slug":"zengin-babanin-rehberi","status":"publish","type":"product","link":"https:\/\/roveyayinevi.com.tr\/index.php\/urun\/zengin-babanin-rehberi\/","title":{"rendered":"Zengin Baba\u2019n\u0131n Rehberi"},"content":{"rendered":"<p>Kredi kartlar\u0131n\u0131z\u0131 kesmek neden ge\u00e7ici bir \u00e7\u00f6z\u00fcmd\u00fcr ve neden k\u00f6t\u00fc borcun alt\u0131nda yatan temel sorunu \u00e7\u00f6zmez? Batak bor\u00e7 ve tahsil edilebilir bor\u00e7 aras\u0131ndaki fark nedir? Y\u00fck\u00fcml\u00fcl\u00fck almak i\u00e7in kredi kartlar\u0131n\u0131z\u0131 kullanmak sizi neden yoksulla\u015ft\u0131r\u0131r? Kredi kartlar\u0131n\u0131z\u0131 bilin\u00e7li kullanmak neden finansal gelece\u011finizi garanti alt\u0131na alman\u0131n ilk ad\u0131m\u0131d\u0131r? Hayat\u0131n\u0131z\u0131 para kazanmak i\u00e7in \u00e7al\u0131\u015farak ge\u00e7irmemeniz i\u00e7in paray\u0131 \u00e7al\u0131\u015ft\u0131rman\u0131n \u00f6nemi\u2026   \u201c\u0130nsanlar\u0131n finansal s\u0131k\u0131nt\u0131 \u00e7ekmesinin temel sebebi y\u0131llarca okula gitmelerine ra\u011fmen para hakk\u0131nda hi\u00e7bir \u015fey \u00f6\u011frenmemeleri. Sonu\u00e7 olarak para i\u00e7in \u00e7al\u0131\u015fmay\u0131 \u00f6\u011freniyor, ancak paray\u0131 kendileri i\u00e7in \u00e7al\u0131\u015ft\u0131rmay\u0131 \u00f6\u011frenemiyorlar.\u201d \u2013Robert Kiyosaki Giri\u015fimci, yat\u0131r\u0131mc\u0131, e\u011fitimci ve t\u00fcm zamanlar\u0131n en \u00e7ok satan ki\u015fisel finans kitab\u0131 Zengin Baba Yoksul Baba\u2019n\u0131n yazar\u0131   Robert Kiyosaki d\u00fcnya genelinde milyonlarca insan\u0131n parayla ilgili d\u00fc\u015f\u00fcnme \u015fekillerine meydan okudu ve onlar\u0131 de\u011fi\u015ftirdi. Genel inan\u0131\u015fa ters d\u00fc\u015fen bak\u0131\u015f a\u00e7\u0131s\u0131yla Kiyosaki, dobra konu\u015fmas\u0131 ve cesaretiyle \u00fcn kazand\u0131. D\u00fcnya \u00e7ap\u0131nda finansal e\u011fitimin s\u0131k\u0131 destek\u00e7isi olarak kabul edildi. <\/p>\n","protected":false},"excerpt":{"rendered":"<p>Kredi kartlar\u0131n\u0131z\u0131 kesmek neden ge\u00e7ici bir \u00e7\u00f6z\u00fcmd\u00fcr ve neden k\u00f6t\u00fc borcun alt\u0131nda yatan temel sorunu \u00e7\u00f6zmez? Batak bor\u00e7 ve tahsil edilebilir bor\u00e7 aras\u0131ndaki fark nedir? Y\u00fck\u00fcml\u00fcl\u00fck<span class=\"excerpt-hellip\"> [\u2026]<\/span><\/p>\n","protected":false},"featured_media":0,"template":"","meta":{"_monsterinsights_skip_tracking":false,"_monsterinsights_sitenote_active":false,"_monsterinsights_sitenote_note":"","_monsterinsights_sitenote_category":0},"product_brand":[],"product_cat":[13043,19008],"product_tag":[],"class_list":{"0":"post-772676","1":"product","2":"type-product","3":"status-publish","5":"product_cat-ekonomi","6":"product_cat-yonetim","7":"pa_cilt-ciltsiz","8":"pa_tur-kitap","9":"pa_yayinevi-alfa-yayinlari","10":"pa_yazar-robert-t-kiyosaki","12":"first","13":"instock","14":"sale","15":"shipping-taxable","16":"purchasable","17":"product-type-simple"},"_links":{"self":[{"href":"https:\/\/roveyayinevi.com.tr\/index.php\/wp-json\/wp\/v2\/product\/772676","targetHints":{"allow":["GET"]}}],"collection":[{"href":"https:\/\/roveyayinevi.com.tr\/index.php\/wp-json\/wp\/v2\/product"}],"about":[{"href":"https:\/\/roveyayinevi.com.tr\/index.php\/wp-json\/wp\/v2\/types\/product"}],"wp:attachment":[{"href":"https:\/\/roveyayinevi.com.tr\/index.php\/wp-json\/wp\/v2\/media?parent=772676"}],"wp:term":[{"taxonomy":"product_brand","embeddable":true,"href":"https:\/\/roveyayinevi.com.tr\/index.php\/wp-json\/wp\/v2\/product_brand?post=772676"},{"taxonomy":"product_cat","embeddable":true,"href":"https:\/\/roveyayinevi.com.tr\/index.php\/wp-json\/wp\/v2\/product_cat?post=772676"},{"taxonomy":"product_tag","embeddable":true,"href":"https:\/\/roveyayinevi.com.tr\/index.php\/wp-json\/wp\/v2\/product_tag?post=772676"}],"curies":[{"name":"wp","href":"https:\/\/api.w.org\/{rel}","templated":true}]}}