{"id":772675,"date":"2025-08-28T15:48:32","date_gmt":"2025-08-28T12:48:32","guid":{"rendered":"https:\/\/roveyayinevi.com.tr\/index.php\/urun\/insanin-anlami\/"},"modified":"2025-12-30T11:42:35","modified_gmt":"2025-12-30T08:42:35","slug":"insanin-anlami","status":"publish","type":"product","link":"https:\/\/roveyayinevi.com.tr\/index.php\/urun\/insanin-anlami\/","title":{"rendered":"\u0130nsan\u0131n Anlam\u0131"},"content":{"rendered":"<p>\u2022 K\u00fcresel sistemin dayatt\u0131\u011f\u0131 haz, h\u0131z ve be\u011feni aray\u0131\u015f\u0131; insan\u0131n kendi anlam\u0131n\u0131 in\u015fa etme \u00e7abas\u0131n\u0131 zay\u0131flatt\u0131. Oysaki insan, varolu\u015funu ve anlam\u0131n\u0131 problem edinen tek canl\u0131d\u0131r. \u2022 Bilin\u00e7li bir tasar\u0131m olan insan; d\u00fcnyan\u0131n teferruat\u0131nda yol ald\u0131k\u00e7a, ruhunun ihtiyac\u0131 olan a\u015fk\u0131n g\u00fcce ba\u011fl\u0131l\u0131\u011f\u0131 zay\u0131flad\u0131. \u2022 Anlam\u0131ndan uzakla\u015fan insan, d\u00fcnyay\u0131 tehditk\u00e2r bir anlams\u0131zl\u0131k girdab\u0131na s\u00fcr\u00fckl\u00fcyor. Oysaki insan kendi anlam\u0131na aittir, aidiyetini yitirmemelidir. \u2022 Kalbi bu toplumun bekas\u0131 i\u00e7in atan nesiller, insan\u0131n anlam\u0131yla dolu olan kadim k\u00f6klerimizi gelece\u011fe ta\u015f\u0131yacakt\u0131r. \u2022 Anlam aray\u0131\u015f\u0131; ilahi bir network olan \u00e2lemi temsil eden insan\u0131n, varl\u0131k nedenine y\u00f6nelik bir sorgulama yolculu\u011fu ba\u015flatarak anlams\u0131zl\u0131kla sava\u015fmas\u0131d\u0131r. D\u00fc\u015f\u00fcnmeyi ve inanmay\u0131 birlikte ba\u015fard\u0131\u011f\u0131m\u0131z oranda anlam\u0131m\u0131za yakla\u015f\u0131r\u0131z. \u2022 D\u00fcnyadaki insani krizi a\u015fman\u0131n yolu, insan\u0131n kendisini bilmesi ve kendisi olmas\u0131d\u0131r. Hayat\u0131n asl\u0131nda \u00f6l\u00fcm oldu\u011funu yeniden hat\u0131rlamaya ihtiyac\u0131m\u0131z var. Zira kendi anlam\u0131n\u0131 bilmek, ruhlar\u0131 tamir eder ve ba\u011f\u0131ml\u0131l\u0131ktan kurtar\u0131r. \u2022 Bu kitab\u0131n amac\u0131, insan\u0131n kendisiyle ilgili anlam aray\u0131\u015f\u0131na y\u00f6nelik m\u00fctevaz\u0131 bir yolculuktur.  <\/p>\n","protected":false},"excerpt":{"rendered":"<p>\u2022 K\u00fcresel sistemin dayatt\u0131\u011f\u0131 haz, h\u0131z ve be\u011feni aray\u0131\u015f\u0131; insan\u0131n kendi anlam\u0131n\u0131 in\u015fa etme \u00e7abas\u0131n\u0131 zay\u0131flatt\u0131. Oysaki insan, varolu\u015funu ve anlam\u0131n\u0131 problem edinen tek canl\u0131d\u0131r. \u2022<span class=\"excerpt-hellip\"> [\u2026]<\/span><\/p>\n","protected":false},"featured_media":0,"template":"","meta":{"_monsterinsights_skip_tracking":false,"_monsterinsights_sitenote_active":false,"_monsterinsights_sitenote_note":"","_monsterinsights_sitenote_category":0},"product_brand":[],"product_cat":[12364,12376],"product_tag":[],"class_list":{"0":"post-772675","1":"product","2":"type-product","3":"status-publish","5":"product_cat-genel-konular","6":"product_cat-kisisel-gelisim","7":"pa_cilt-ciltsiz","8":"pa_tur-kitap","9":"pa_yayinevi-alfa-yayinlari","10":"pa_yazar-ilhami-findikci","12":"first","13":"instock","14":"sale","15":"shipping-taxable","16":"purchasable","17":"product-type-simple"},"_links":{"self":[{"href":"https:\/\/roveyayinevi.com.tr\/index.php\/wp-json\/wp\/v2\/product\/772675","targetHints":{"allow":["GET"]}}],"collection":[{"href":"https:\/\/roveyayinevi.com.tr\/index.php\/wp-json\/wp\/v2\/product"}],"about":[{"href":"https:\/\/roveyayinevi.com.tr\/index.php\/wp-json\/wp\/v2\/types\/product"}],"wp:attachment":[{"href":"https:\/\/roveyayinevi.com.tr\/index.php\/wp-json\/wp\/v2\/media?parent=772675"}],"wp:term":[{"taxonomy":"product_brand","embeddable":true,"href":"https:\/\/roveyayinevi.com.tr\/index.php\/wp-json\/wp\/v2\/product_brand?post=772675"},{"taxonomy":"product_cat","embeddable":true,"href":"https:\/\/roveyayinevi.com.tr\/index.php\/wp-json\/wp\/v2\/product_cat?post=772675"},{"taxonomy":"product_tag","embeddable":true,"href":"https:\/\/roveyayinevi.com.tr\/index.php\/wp-json\/wp\/v2\/product_tag?post=772675"}],"curies":[{"name":"wp","href":"https:\/\/api.w.org\/{rel}","templated":true}]}}