{"id":772674,"date":"2025-08-28T15:48:30","date_gmt":"2025-08-28T12:48:30","guid":{"rendered":"https:\/\/roveyayinevi.com.tr\/index.php\/urun\/bu-son-olsun\/"},"modified":"2026-04-15T03:38:53","modified_gmt":"2026-04-15T00:38:53","slug":"bu-son-olsun","status":"publish","type":"product","link":"https:\/\/roveyayinevi.com.tr\/index.php\/urun\/bu-son-olsun\/","title":{"rendered":"Bu Son Olsun"},"content":{"rendered":"<p>\u201cHi\u00e7 kimseydim ben Y\u00fcr\u00fcrken omuz att\u0131\u011f\u0131n\u0131z Belediye otob\u00fcs\u00fcn\u00fcn durakta b\u0131rakt\u0131\u011f\u0131 G\u00f6r\u00fcld\u00fc\u011f\u00fcnde varl\u0131\u011f\u0131 bilinmeyen Silin beni haf\u0131zan\u0131zdan Unutulu\u015fa terk edin\u201d <\/p>\n","protected":false},"excerpt":{"rendered":"<p>\u201cHi\u00e7 kimseydim ben Y\u00fcr\u00fcrken omuz att\u0131\u011f\u0131n\u0131z Belediye otob\u00fcs\u00fcn\u00fcn durakta b\u0131rakt\u0131\u011f\u0131 G\u00f6r\u00fcld\u00fc\u011f\u00fcnde varl\u0131\u011f\u0131 bilinmeyen Silin beni haf\u0131zan\u0131zdan Unutulu\u015fa terk edin\u201d<\/p>\n","protected":false},"featured_media":0,"template":"","meta":{"_monsterinsights_skip_tracking":false,"_monsterinsights_sitenote_active":false,"_monsterinsights_sitenote_note":"","_monsterinsights_sitenote_category":0},"product_brand":[],"product_cat":[12291,12509],"product_tag":[],"class_list":{"0":"post-772674","1":"product","2":"type-product","3":"status-publish","5":"product_cat-edebiyat","6":"product_cat-siir","7":"pa_cilt-ciltsiz","8":"pa_tur-kitap","9":"pa_yayinevi-everest-yayinlari","10":"pa_yazar-metin-celal","12":"first","13":"instock","14":"sale","15":"shipping-taxable","16":"purchasable","17":"product-type-simple"},"_links":{"self":[{"href":"https:\/\/roveyayinevi.com.tr\/index.php\/wp-json\/wp\/v2\/product\/772674","targetHints":{"allow":["GET"]}}],"collection":[{"href":"https:\/\/roveyayinevi.com.tr\/index.php\/wp-json\/wp\/v2\/product"}],"about":[{"href":"https:\/\/roveyayinevi.com.tr\/index.php\/wp-json\/wp\/v2\/types\/product"}],"wp:attachment":[{"href":"https:\/\/roveyayinevi.com.tr\/index.php\/wp-json\/wp\/v2\/media?parent=772674"}],"wp:term":[{"taxonomy":"product_brand","embeddable":true,"href":"https:\/\/roveyayinevi.com.tr\/index.php\/wp-json\/wp\/v2\/product_brand?post=772674"},{"taxonomy":"product_cat","embeddable":true,"href":"https:\/\/roveyayinevi.com.tr\/index.php\/wp-json\/wp\/v2\/product_cat?post=772674"},{"taxonomy":"product_tag","embeddable":true,"href":"https:\/\/roveyayinevi.com.tr\/index.php\/wp-json\/wp\/v2\/product_tag?post=772674"}],"curies":[{"name":"wp","href":"https:\/\/api.w.org\/{rel}","templated":true}]}}