{"id":772672,"date":"2025-08-28T15:48:26","date_gmt":"2025-08-28T12:48:26","guid":{"rendered":"https:\/\/roveyayinevi.com.tr\/index.php\/urun\/rosariovampire-tilsimli-kolye-ve-vampir-sezon-2-cilt-14\/"},"modified":"2026-04-15T03:38:53","modified_gmt":"2026-04-15T00:38:53","slug":"rosariovampire-tilsimli-kolye-ve-vampir-sezon-2-cilt-14","status":"publish","type":"product","link":"https:\/\/roveyayinevi.com.tr\/index.php\/urun\/rosariovampire-tilsimli-kolye-ve-vampir-sezon-2-cilt-14\/","title":{"rendered":"Rosario+Vampire &#8211; T\u0131ls\u0131ml\u0131 Kolye ve Vampir Sezon 2 Cilt 14"},"content":{"rendered":"<p>T\u0131ls\u0131mlar g\u00f6\u011fs\u00fc delip ge\u00e7erken ve bilin\u00e7 kaybolurken, Tsukune\u2019nin kollar\u0131 aras\u0131ndaki Moka\u2019n\u0131n akl\u0131ndan ge\u00e7en son d\u00fc\u015f\u00fcnceler neler? Di\u011fer yandan Alucard nihayet insanlar\u0131n d\u00fcnyas\u0131na iner. D\u00fcnyan\u0131n varl\u0131\u011f\u0131n\u0131 devam ettirmesi i\u00e7in verilen son sava\u015fta neler olacak? Benzerine pek rastlanmayan karanl\u0131k fantezinin son cildi! <\/p>\n","protected":false},"excerpt":{"rendered":"<p>T\u0131ls\u0131mlar g\u00f6\u011fs\u00fc delip ge\u00e7erken ve bilin\u00e7 kaybolurken, Tsukune\u2019nin kollar\u0131 aras\u0131ndaki Moka\u2019n\u0131n akl\u0131ndan ge\u00e7en son d\u00fc\u015f\u00fcnceler neler? Di\u011fer yandan Alucard nihayet insanlar\u0131n d\u00fcnyas\u0131na iner. D\u00fcnyan\u0131n varl\u0131\u011f\u0131n\u0131 devam<span class=\"excerpt-hellip\"> [\u2026]<\/span><\/p>\n","protected":false},"featured_media":0,"template":"","meta":{"_monsterinsights_skip_tracking":false,"_monsterinsights_sitenote_active":false,"_monsterinsights_sitenote_note":"","_monsterinsights_sitenote_category":0},"product_brand":[],"product_cat":[12416,12291],"product_tag":[],"class_list":{"0":"post-772672","1":"product","2":"type-product","3":"status-publish","5":"product_cat-cizgi-roman","6":"product_cat-edebiyat","7":"pa_cilt-ciltsiz","8":"pa_tur-kitap","9":"pa_yayinevi-akil-celen-kitaplar","10":"pa_yazar-akihisa-ikeda","12":"first","13":"instock","14":"sale","15":"shipping-taxable","16":"purchasable","17":"product-type-simple"},"_links":{"self":[{"href":"https:\/\/roveyayinevi.com.tr\/index.php\/wp-json\/wp\/v2\/product\/772672","targetHints":{"allow":["GET"]}}],"collection":[{"href":"https:\/\/roveyayinevi.com.tr\/index.php\/wp-json\/wp\/v2\/product"}],"about":[{"href":"https:\/\/roveyayinevi.com.tr\/index.php\/wp-json\/wp\/v2\/types\/product"}],"wp:attachment":[{"href":"https:\/\/roveyayinevi.com.tr\/index.php\/wp-json\/wp\/v2\/media?parent=772672"}],"wp:term":[{"taxonomy":"product_brand","embeddable":true,"href":"https:\/\/roveyayinevi.com.tr\/index.php\/wp-json\/wp\/v2\/product_brand?post=772672"},{"taxonomy":"product_cat","embeddable":true,"href":"https:\/\/roveyayinevi.com.tr\/index.php\/wp-json\/wp\/v2\/product_cat?post=772672"},{"taxonomy":"product_tag","embeddable":true,"href":"https:\/\/roveyayinevi.com.tr\/index.php\/wp-json\/wp\/v2\/product_tag?post=772672"}],"curies":[{"name":"wp","href":"https:\/\/api.w.org\/{rel}","templated":true}]}}