{"id":772671,"date":"2025-08-28T15:48:24","date_gmt":"2025-08-28T12:48:24","guid":{"rendered":"https:\/\/roveyayinevi.com.tr\/index.php\/urun\/cicek-gunlugu-bez-ciltli\/"},"modified":"2026-04-15T03:38:53","modified_gmt":"2026-04-15T00:38:53","slug":"cicek-gunlugu-bez-ciltli","status":"publish","type":"product","link":"https:\/\/roveyayinevi.com.tr\/index.php\/urun\/cicek-gunlugu-bez-ciltli\/","title":{"rendered":"\u00c7i\u00e7ek G\u00fcnl\u00fc\u011f\u00fc (Bez Ciltli)"},"content":{"rendered":"<p>\u00c7i\u00e7eklerin renkli d\u00fcnyas\u0131na ho\u015f geldin! Parkta, bah\u00e7ede, okul yolunda ya da ormanda piknik yaparken kar\u015f\u0131na \u00e7\u0131kacak 40 farkl\u0131 yabani \u00e7i\u00e7e\u011fi yak\u0131ndan tan\u0131maya haz\u0131r m\u0131s\u0131n? S\u0131ra s\u0131ra dizip ta\u00e7 yapt\u0131\u011f\u0131m\u0131z papatyalardan, kokusuyla bah\u00e7eleri saran han\u0131meline, bahar\u0131n habercisi kardelenden, boncuk boncuk a\u00e7an unutmabeni \u00e7i\u00e7e\u011fine, ar\u0131lar\u0131n a\u011fz\u0131n\u0131 suland\u0131ran tatl\u0131 m\u0131 tatl\u0131 ball\u0131babaya kadar hepsi \u00c7i\u00e7ek G\u00fcnl\u00fc\u011f\u00fc&#8217;nde!<\/p>\n","protected":false},"excerpt":{"rendered":"<p>\u00c7i\u00e7eklerin renkli d\u00fcnyas\u0131na ho\u015f geldin! Parkta, bah\u00e7ede, okul yolunda ya da ormanda piknik yaparken kar\u015f\u0131na \u00e7\u0131kacak 40 farkl\u0131 yabani \u00e7i\u00e7e\u011fi yak\u0131ndan tan\u0131maya haz\u0131r m\u0131s\u0131n? S\u0131ra s\u0131ra<span class=\"excerpt-hellip\"> [\u2026]<\/span><\/p>\n","protected":false},"featured_media":0,"template":"","meta":{"_monsterinsights_skip_tracking":false,"_monsterinsights_sitenote_active":false,"_monsterinsights_sitenote_note":"","_monsterinsights_sitenote_category":0},"product_brand":[],"product_cat":[12291,18202],"product_tag":[],"class_list":{"0":"post-772671","1":"product","2":"type-product","3":"status-publish","5":"product_cat-edebiyat","6":"product_cat-hikaye","7":"pa_cilt-ciltli","8":"pa_tur-kitap","9":"pa_yayinevi-taze-kitap","10":"pa_yazar-saide-dikmen-fatih-dikmen","12":"first","13":"instock","14":"sale","15":"shipping-taxable","16":"purchasable","17":"product-type-simple"},"_links":{"self":[{"href":"https:\/\/roveyayinevi.com.tr\/index.php\/wp-json\/wp\/v2\/product\/772671","targetHints":{"allow":["GET"]}}],"collection":[{"href":"https:\/\/roveyayinevi.com.tr\/index.php\/wp-json\/wp\/v2\/product"}],"about":[{"href":"https:\/\/roveyayinevi.com.tr\/index.php\/wp-json\/wp\/v2\/types\/product"}],"wp:attachment":[{"href":"https:\/\/roveyayinevi.com.tr\/index.php\/wp-json\/wp\/v2\/media?parent=772671"}],"wp:term":[{"taxonomy":"product_brand","embeddable":true,"href":"https:\/\/roveyayinevi.com.tr\/index.php\/wp-json\/wp\/v2\/product_brand?post=772671"},{"taxonomy":"product_cat","embeddable":true,"href":"https:\/\/roveyayinevi.com.tr\/index.php\/wp-json\/wp\/v2\/product_cat?post=772671"},{"taxonomy":"product_tag","embeddable":true,"href":"https:\/\/roveyayinevi.com.tr\/index.php\/wp-json\/wp\/v2\/product_tag?post=772671"}],"curies":[{"name":"wp","href":"https:\/\/api.w.org\/{rel}","templated":true}]}}