{"id":772669,"date":"2025-08-28T15:48:18","date_gmt":"2025-08-28T12:48:18","guid":{"rendered":"https:\/\/roveyayinevi.com.tr\/index.php\/urun\/ihtilal-3-zerda-ciltli\/"},"modified":"2026-04-15T03:38:53","modified_gmt":"2026-04-15T00:38:53","slug":"ihtilal-3-zerda-ciltli","status":"publish","type":"product","link":"https:\/\/roveyayinevi.com.tr\/index.php\/urun\/ihtilal-3-zerda-ciltli\/","title":{"rendered":"\u0130htilal 3 &#8211; Zerda (Ciltli)"},"content":{"rendered":"<p>Zerda \u00e7i\u00e7e\u011fi, karanl\u0131\u011f\u0131n izlerini alt\u0131n bir sevdayla silerken zemheri, zincirlerini zorlayan bir yarat\u0131k gibi onlar\u0131 izliyordu.   Zeliha ile Gurur\u2019un a\u015fk\u0131, zerdali \u00e7i\u00e7e\u011finin ta\u00e7 yapraklar\u0131nda sakl\u0131 bir s\u0131rd\u0131r; mutluluk, onlar\u0131n ellerinde hem bir anahtar hem bir yara band\u0131d\u0131r. Fakat ufukta beliren g\u00f6lgeler usulca \u00e7o\u011fal\u0131r, sinsice birikir. G\u00f6lgelerden biri kur\u015fun olup h\u0131zla onlara do\u011fru ilerlerken bir di\u011feri ayn\u0131 kandan bir d\u00fc\u015fmana d\u00f6n\u00fc\u015f\u00fcr, kur\u015fundan \u00f6nce kalbi deler. A\u015fklar\u0131, her f\u0131rt\u0131nay\u0131 g\u00f6\u011f\u00fcsleyecek kadar g\u00fc\u00e7l\u00fc olsa da kaderin \u00e7ark\u0131 amans\u0131zca d\u00f6nmeye devam eder. \u00c7ark durdu\u011funda ortaya \u00e7\u0131kacak ger\u00e7ek, yaz\u0131n en s\u0131cak g\u00fcnlerini bile zemherinin buz kesen g\u00f6lgesine mi zincirleyecek?   O olsun, \u00f6l\u00fcm gelsin, o olsun, her \u015fey yok olsun; o olsun, ben olmasam da olur. Sadece o olsun. Zeliha olsun. Zerda\u2019m, Zerdali\u2019m, da\u011fda a\u00e7an yaban \u00e7i\u00e7e\u011fim, gelinci\u011fim, bir avu\u00e7 mutluluk bin kar\u0131\u015f ac\u0131m, her \u015feyim. <\/p>\n","protected":false},"excerpt":{"rendered":"<p>Zerda \u00e7i\u00e7e\u011fi, karanl\u0131\u011f\u0131n izlerini alt\u0131n bir sevdayla silerken zemheri, zincirlerini zorlayan bir yarat\u0131k gibi onlar\u0131 izliyordu. Zeliha ile Gurur\u2019un a\u015fk\u0131, zerdali \u00e7i\u00e7e\u011finin ta\u00e7 yapraklar\u0131nda sakl\u0131 bir<span class=\"excerpt-hellip\"> [\u2026]<\/span><\/p>\n","protected":false},"featured_media":0,"template":"","meta":{"_monsterinsights_skip_tracking":false,"_monsterinsights_sitenote_active":false,"_monsterinsights_sitenote_note":"","_monsterinsights_sitenote_category":0},"product_brand":[],"product_cat":[12291,12711],"product_tag":[],"class_list":{"0":"post-772669","1":"product","2":"type-product","3":"status-publish","5":"product_cat-edebiyat","6":"product_cat-roman-oyku","7":"pa_cilt-ciltli","8":"pa_tur-kitap","9":"pa_yayinevi-dokuz-yayinlari","10":"pa_yazar-binnur-safak-nigiz","12":"first","13":"instock","14":"sale","15":"shipping-taxable","16":"purchasable","17":"product-type-simple"},"_links":{"self":[{"href":"https:\/\/roveyayinevi.com.tr\/index.php\/wp-json\/wp\/v2\/product\/772669","targetHints":{"allow":["GET"]}}],"collection":[{"href":"https:\/\/roveyayinevi.com.tr\/index.php\/wp-json\/wp\/v2\/product"}],"about":[{"href":"https:\/\/roveyayinevi.com.tr\/index.php\/wp-json\/wp\/v2\/types\/product"}],"wp:attachment":[{"href":"https:\/\/roveyayinevi.com.tr\/index.php\/wp-json\/wp\/v2\/media?parent=772669"}],"wp:term":[{"taxonomy":"product_brand","embeddable":true,"href":"https:\/\/roveyayinevi.com.tr\/index.php\/wp-json\/wp\/v2\/product_brand?post=772669"},{"taxonomy":"product_cat","embeddable":true,"href":"https:\/\/roveyayinevi.com.tr\/index.php\/wp-json\/wp\/v2\/product_cat?post=772669"},{"taxonomy":"product_tag","embeddable":true,"href":"https:\/\/roveyayinevi.com.tr\/index.php\/wp-json\/wp\/v2\/product_tag?post=772669"}],"curies":[{"name":"wp","href":"https:\/\/api.w.org\/{rel}","templated":true}]}}