{"id":772667,"date":"2025-08-28T15:48:13","date_gmt":"2025-08-28T12:48:13","guid":{"rendered":"https:\/\/roveyayinevi.com.tr\/index.php\/urun\/babamin-sandigi\/"},"modified":"2026-04-15T03:38:53","modified_gmt":"2026-04-15T00:38:53","slug":"babamin-sandigi","status":"publish","type":"product","link":"https:\/\/roveyayinevi.com.tr\/index.php\/urun\/babamin-sandigi\/","title":{"rendered":"Babam\u0131n Sand\u0131\u011f\u0131"},"content":{"rendered":"<p>\u201cKimsesiz bir t\u00fcrk\u00fc \u00e7ald\u0131 radyolarda. O t\u00fcrk\u00fc yol oldu sonra, hepimizi ay\u0131rd\u0131.\u201d 1980 Darbesi\u2019yle da\u011f\u0131lan bir ailenin en k\u00fc\u00e7\u00fck ve k\u0131r\u0131lgan par\u00e7as\u0131, \u00e7alkant\u0131lar\u0131n ortas\u0131nda kendini so\u011fuk bir okul pansiyonunda bulur. Sonra zaman sinsi bir \u00e7\u0131\u011f misali t\u00fcm ya\u015fananlar\u0131n \u00fczerini \u00f6rter. Oysa pencereden askeri ara\u00e7lar\u0131 endi\u015feyle izleyen, geceleri yatakhanede bilinmezlik ve korku i\u00e7inde uyuyan, hayatta olup olmad\u0131\u011f\u0131n\u0131 bilemedi\u011fi i\u00e7in babas\u0131n\u0131 y\u00fcre\u011finde \u00f6ld\u00fcrmeyi tercih eden Ozan\u2019\u0131n bir yan\u0131 hi\u00e7 mi hi\u00e7 b\u00fcy\u00fcmez. \u00c7ocuklu\u011funu benli\u011fine hapsetmi\u015ftir. G\u00fcn\u00fcn birinde ortaya \u00e7\u0131k\u201cKimsesiz bir t\u00fcrk\u00fc \u00e7ald\u0131 radyolarda. O t\u00fcrk\u00fc yol oldu sonra, hepimizi ay\u0131rd\u0131.\u201d <\/p>\n","protected":false},"excerpt":{"rendered":"<p>\u201cKimsesiz bir t\u00fcrk\u00fc \u00e7ald\u0131 radyolarda. O t\u00fcrk\u00fc yol oldu sonra, hepimizi ay\u0131rd\u0131.\u201d 1980 Darbesi\u2019yle da\u011f\u0131lan bir ailenin en k\u00fc\u00e7\u00fck ve k\u0131r\u0131lgan par\u00e7as\u0131, \u00e7alkant\u0131lar\u0131n ortas\u0131nda kendini so\u011fuk<span class=\"excerpt-hellip\"> [\u2026]<\/span><\/p>\n","protected":false},"featured_media":0,"template":"","meta":{"_monsterinsights_skip_tracking":false,"_monsterinsights_sitenote_active":false,"_monsterinsights_sitenote_note":"","_monsterinsights_sitenote_category":0},"product_brand":[],"product_cat":[12291,12711],"product_tag":[],"class_list":{"0":"post-772667","1":"product","2":"type-product","3":"status-publish","5":"product_cat-edebiyat","6":"product_cat-roman-oyku","7":"pa_cilt-ciltsiz","8":"pa_tur-kitap","9":"pa_yayinevi-bilgi-yayinevi","10":"pa_yazar-kemal-sinan-ozmen","12":"first","13":"instock","14":"sale","15":"shipping-taxable","16":"purchasable","17":"product-type-simple"},"_links":{"self":[{"href":"https:\/\/roveyayinevi.com.tr\/index.php\/wp-json\/wp\/v2\/product\/772667","targetHints":{"allow":["GET"]}}],"collection":[{"href":"https:\/\/roveyayinevi.com.tr\/index.php\/wp-json\/wp\/v2\/product"}],"about":[{"href":"https:\/\/roveyayinevi.com.tr\/index.php\/wp-json\/wp\/v2\/types\/product"}],"wp:attachment":[{"href":"https:\/\/roveyayinevi.com.tr\/index.php\/wp-json\/wp\/v2\/media?parent=772667"}],"wp:term":[{"taxonomy":"product_brand","embeddable":true,"href":"https:\/\/roveyayinevi.com.tr\/index.php\/wp-json\/wp\/v2\/product_brand?post=772667"},{"taxonomy":"product_cat","embeddable":true,"href":"https:\/\/roveyayinevi.com.tr\/index.php\/wp-json\/wp\/v2\/product_cat?post=772667"},{"taxonomy":"product_tag","embeddable":true,"href":"https:\/\/roveyayinevi.com.tr\/index.php\/wp-json\/wp\/v2\/product_tag?post=772667"}],"curies":[{"name":"wp","href":"https:\/\/api.w.org\/{rel}","templated":true}]}}