{"id":772665,"date":"2025-08-28T15:48:08","date_gmt":"2025-08-28T12:48:08","guid":{"rendered":"https:\/\/roveyayinevi.com.tr\/index.php\/urun\/agac-cocuklari\/"},"modified":"2026-04-15T03:38:53","modified_gmt":"2026-04-15T00:38:53","slug":"agac-cocuklari","status":"publish","type":"product","link":"https:\/\/roveyayinevi.com.tr\/index.php\/urun\/agac-cocuklari\/","title":{"rendered":"A\u011fa\u00e7 \u00c7ocuklar\u0131"},"content":{"rendered":"<p>Do\u011fan\u0131n \u015fefkatinin ve koruculu\u011funun simgesi A\u011eA\u00c7 ve onun \u00f6zg\u00fcr \u00e7ocuklar\u0131na dair fantastik bir \u00e7ocuk roman\u0131. Bamba\u015fka bir ya\u015fama k\u00fclt\u00fcr\u00fc ve prati\u011fi i\u00e7indeki bu \u00e7ocuklardan birinin, \u015eibu\u2019nun, \u201cevrenin en tuhaflar\u0131\u201dn\u0131n hikayeleriyle i\u00e7 i\u00e7e ge\u00e7mi\u015f e\u011flenceli ve dokunakl\u0131 ser\u00fcvenlerini okurken, insan ve ya\u015fam ili\u015fkisini yeniden sorgulayacak, fantastik bir d\u00fcnyan\u0131n yarat\u0131c\u0131 kurgusuyla ve \u015fa\u015f\u0131rt\u0131c\u0131 bir d\u00fc\u015f g\u00fcc\u00fcyle sars\u0131lacaks\u0131n\u0131z. *9 ya\u015f ve \u00fczeri i\u00e7in uygundur.<\/p>\n","protected":false},"excerpt":{"rendered":"<p>Do\u011fan\u0131n \u015fefkatinin ve koruculu\u011funun simgesi A\u011eA\u00c7 ve onun \u00f6zg\u00fcr \u00e7ocuklar\u0131na dair fantastik bir \u00e7ocuk roman\u0131. Bamba\u015fka bir ya\u015fama k\u00fclt\u00fcr\u00fc ve prati\u011fi i\u00e7indeki bu \u00e7ocuklardan birinin, \u015eibu\u2019nun,<span class=\"excerpt-hellip\"> [\u2026]<\/span><\/p>\n","protected":false},"featured_media":0,"template":"","meta":{"_monsterinsights_skip_tracking":false,"_monsterinsights_sitenote_active":false,"_monsterinsights_sitenote_note":"","_monsterinsights_sitenote_category":0},"product_brand":[],"product_cat":[12274,12284],"product_tag":[],"class_list":{"0":"post-772665","1":"product","2":"type-product","3":"status-publish","5":"product_cat-cocuk-ve-genclik-kitaplari","6":"product_cat-hikayeler","7":"pa_cilt-ciltsiz","8":"pa_tur-kitap","9":"pa_yayinevi-bilgi-yayinevi-cocuk","10":"pa_yazar-ozge-bahar-sunar","12":"first","13":"instock","14":"sale","15":"shipping-taxable","16":"purchasable","17":"product-type-simple"},"_links":{"self":[{"href":"https:\/\/roveyayinevi.com.tr\/index.php\/wp-json\/wp\/v2\/product\/772665","targetHints":{"allow":["GET"]}}],"collection":[{"href":"https:\/\/roveyayinevi.com.tr\/index.php\/wp-json\/wp\/v2\/product"}],"about":[{"href":"https:\/\/roveyayinevi.com.tr\/index.php\/wp-json\/wp\/v2\/types\/product"}],"wp:attachment":[{"href":"https:\/\/roveyayinevi.com.tr\/index.php\/wp-json\/wp\/v2\/media?parent=772665"}],"wp:term":[{"taxonomy":"product_brand","embeddable":true,"href":"https:\/\/roveyayinevi.com.tr\/index.php\/wp-json\/wp\/v2\/product_brand?post=772665"},{"taxonomy":"product_cat","embeddable":true,"href":"https:\/\/roveyayinevi.com.tr\/index.php\/wp-json\/wp\/v2\/product_cat?post=772665"},{"taxonomy":"product_tag","embeddable":true,"href":"https:\/\/roveyayinevi.com.tr\/index.php\/wp-json\/wp\/v2\/product_tag?post=772665"}],"curies":[{"name":"wp","href":"https:\/\/api.w.org\/{rel}","templated":true}]}}