{"id":772663,"date":"2025-08-28T15:48:05","date_gmt":"2025-08-28T12:48:05","guid":{"rendered":"https:\/\/roveyayinevi.com.tr\/index.php\/urun\/mezopotamyanin-sumer-oncesi-canak-comlekleri\/"},"modified":"2026-04-15T03:38:53","modified_gmt":"2026-04-15T00:38:53","slug":"mezopotamyanin-sumer-oncesi-canak-comlekleri","status":"publish","type":"product","link":"https:\/\/roveyayinevi.com.tr\/index.php\/urun\/mezopotamyanin-sumer-oncesi-canak-comlekleri\/","title":{"rendered":"Mezopotamya\u2019n\u0131n Sumer \u00d6ncesi \u00c7anak \u00c7\u00f6mlekleri"},"content":{"rendered":"<p>Uygarl\u0131\u011f\u0131n be\u015fi\u011fi olarak kabul edilen Mezopotamya\u2019da Sumer \u00f6ncesinde nas\u0131l bir geli\u015fim s\u00fcreci ya\u015fand\u0131\u011f\u0131 uzun zamand\u0131r arkeolojinin merak konusu olmu\u015ftur.Ge\u00e7en y\u00fczy\u0131l\u0131n ba\u015f\u0131nda k\u0131s\u0131tl\u0131 veriye dayan\u0131larakkurgulanmaya \u00e7al\u0131\u015f\u0131lan Mezopotamya\u2019n\u0131n tarih\u00f6ncesine dair \u00e7er\u00e7eve,bu y\u00fczy\u0131l\u0131n ilk \u00e7eyre\u011fini bitirdi\u011fimiz bu g\u00fcnlerde \u00e7ok farkl\u0131 noktaya gelmi\u015ftir.Sumer Uygarl\u0131\u011f\u0131n\u0131n olu\u015fuma dair ipu\u00e7lar\u0131n\u0131 bu co\u011frafyadaki tarih \u00f6ncesi metaryal \u2013k\u00fclt\u00fcrde aranamas\u0131na gerekti\u011fine dair g\u00f6r\u00fc\u015f her ge\u00e7en g\u00fcn taraflar bulmaktad\u0131r.Bu kitapta Mezopotamya\u2019n\u0131n tarih\u00f6ncesi \u00e7anak-\u00e7\u00f6mlek gelenekleri \u00fczerinden sumer Uygarl\u0131\u011f\u0131n\u0131n ba\u015flang\u0131\u00e7 a\u015famas\u0131na \u0131\u015f\u0131k tutulmaya \u00e7al\u0131\u015f\u0131lm\u0131\u015ft\u0131r.<\/p>\n","protected":false},"excerpt":{"rendered":"<p>Uygarl\u0131\u011f\u0131n be\u015fi\u011fi olarak kabul edilen Mezopotamya\u2019da Sumer \u00f6ncesinde nas\u0131l bir geli\u015fim s\u00fcreci ya\u015fand\u0131\u011f\u0131 uzun zamand\u0131r arkeolojinin merak konusu olmu\u015ftur.Ge\u00e7en y\u00fczy\u0131l\u0131n ba\u015f\u0131nda k\u0131s\u0131tl\u0131 veriye dayan\u0131larakkurgulanmaya \u00e7al\u0131\u015f\u0131lan Mezopotamya\u2019n\u0131n<span class=\"excerpt-hellip\"> [\u2026]<\/span><\/p>\n","protected":false},"featured_media":0,"template":"","meta":{"_monsterinsights_skip_tracking":false,"_monsterinsights_sitenote_active":false,"_monsterinsights_sitenote_note":"","_monsterinsights_sitenote_category":0},"product_brand":[],"product_cat":[52477,52478],"product_tag":[],"class_list":{"0":"post-772663","1":"product","2":"type-product","3":"status-publish","5":"product_cat-arastirma","6":"product_cat-arkeoloji","7":"pa_cilt-ciltsiz","8":"pa_tur-kitap","9":"pa_yayinevi-bilgin-kultur-sanat","10":"pa_yazar-halil-tekin","12":"first","13":"instock","14":"sale","15":"shipping-taxable","16":"purchasable","17":"product-type-simple"},"_links":{"self":[{"href":"https:\/\/roveyayinevi.com.tr\/index.php\/wp-json\/wp\/v2\/product\/772663","targetHints":{"allow":["GET"]}}],"collection":[{"href":"https:\/\/roveyayinevi.com.tr\/index.php\/wp-json\/wp\/v2\/product"}],"about":[{"href":"https:\/\/roveyayinevi.com.tr\/index.php\/wp-json\/wp\/v2\/types\/product"}],"wp:attachment":[{"href":"https:\/\/roveyayinevi.com.tr\/index.php\/wp-json\/wp\/v2\/media?parent=772663"}],"wp:term":[{"taxonomy":"product_brand","embeddable":true,"href":"https:\/\/roveyayinevi.com.tr\/index.php\/wp-json\/wp\/v2\/product_brand?post=772663"},{"taxonomy":"product_cat","embeddable":true,"href":"https:\/\/roveyayinevi.com.tr\/index.php\/wp-json\/wp\/v2\/product_cat?post=772663"},{"taxonomy":"product_tag","embeddable":true,"href":"https:\/\/roveyayinevi.com.tr\/index.php\/wp-json\/wp\/v2\/product_tag?post=772663"}],"curies":[{"name":"wp","href":"https:\/\/api.w.org\/{rel}","templated":true}]}}