{"id":772659,"date":"2025-08-28T15:47:58","date_gmt":"2025-08-28T12:47:58","guid":{"rendered":"https:\/\/roveyayinevi.com.tr\/index.php\/urun\/salat-tepe-ii-yukari-dicle-havzasinda-bir-erken-tunc-cagi-koyu-ciltli\/"},"modified":"2026-04-15T03:38:53","modified_gmt":"2026-04-15T00:38:53","slug":"salat-tepe-ii-yukari-dicle-havzasinda-bir-erken-tunc-cagi-koyu-ciltli","status":"publish","type":"product","link":"https:\/\/roveyayinevi.com.tr\/index.php\/urun\/salat-tepe-ii-yukari-dicle-havzasinda-bir-erken-tunc-cagi-koyu-ciltli\/","title":{"rendered":"Salat Tepe II Yukar\u0131 Dicle Havzas\u0131nda Bir Erken Tun\u00e7 \u00c7a\u011f\u0131 K\u00f6y\u00fc (Ciltli)"},"content":{"rendered":"<p>Dicle nehri \u00fczerine in\u015fa edilen Il\u0131su Baraj\u0131 Projesi Kapsam\u0131nda 2000-2015 Y\u0131llar\u0131 Aras\u0131nda Kurtarma Kaz\u0131lar\u0131 y\u00fcr\u00fct\u00fclen Salat Tepe\u2019de M.\u00d6.3. Bin boyunca isk\u00e2n edilen K\u0131rsal Yerle\u015fim Katmanlar\u0131 a\u00e7\u0131\u011fa \u00e7\u0131kar\u0131lm\u0131\u015ft\u0131r. Bu Kitap\u2019ta sonu\u00e7 raporu yay\u0131nlanan Salat Tepe ID-IIA d\u00f6nemleri, Erken Tun\u00e7 \u00c7a\u011f\u0131 boyunca tar\u0131mla ge\u00e7inen topluluklar\u0131n s\u00fcrekli k\u00f6yleri olarak kullan\u0131lm\u0131\u015ft\u0131r.Bu katmanlardan elde edilen veriler k\u00fc\u00e7\u00fck k\u0131rsal yerle\u015fimlere ili\u015fkin olarak kan\u0131tlar sunmaktad\u0131r. <\/p>\n","protected":false},"excerpt":{"rendered":"<p>Dicle nehri \u00fczerine in\u015fa edilen Il\u0131su Baraj\u0131 Projesi Kapsam\u0131nda 2000-2015 Y\u0131llar\u0131 Aras\u0131nda Kurtarma Kaz\u0131lar\u0131 y\u00fcr\u00fct\u00fclen Salat Tepe\u2019de M.\u00d6.3. Bin boyunca isk\u00e2n edilen K\u0131rsal Yerle\u015fim Katmanlar\u0131 a\u00e7\u0131\u011fa<span class=\"excerpt-hellip\"> [\u2026]<\/span><\/p>\n","protected":false},"featured_media":0,"template":"","meta":{"_monsterinsights_skip_tracking":false,"_monsterinsights_sitenote_active":false,"_monsterinsights_sitenote_note":"","_monsterinsights_sitenote_category":0},"product_brand":[],"product_cat":[52477,52478],"product_tag":[],"class_list":{"0":"post-772659","1":"product","2":"type-product","3":"status-publish","5":"product_cat-arastirma","6":"product_cat-arkeoloji","7":"pa_cilt-ciltli","8":"pa_tur-kitap","9":"pa_yayinevi-bilgin-kultur-sanat","10":"pa_yazar-kolektif","12":"first","13":"instock","14":"sale","15":"shipping-taxable","16":"purchasable","17":"product-type-simple"},"_links":{"self":[{"href":"https:\/\/roveyayinevi.com.tr\/index.php\/wp-json\/wp\/v2\/product\/772659","targetHints":{"allow":["GET"]}}],"collection":[{"href":"https:\/\/roveyayinevi.com.tr\/index.php\/wp-json\/wp\/v2\/product"}],"about":[{"href":"https:\/\/roveyayinevi.com.tr\/index.php\/wp-json\/wp\/v2\/types\/product"}],"wp:attachment":[{"href":"https:\/\/roveyayinevi.com.tr\/index.php\/wp-json\/wp\/v2\/media?parent=772659"}],"wp:term":[{"taxonomy":"product_brand","embeddable":true,"href":"https:\/\/roveyayinevi.com.tr\/index.php\/wp-json\/wp\/v2\/product_brand?post=772659"},{"taxonomy":"product_cat","embeddable":true,"href":"https:\/\/roveyayinevi.com.tr\/index.php\/wp-json\/wp\/v2\/product_cat?post=772659"},{"taxonomy":"product_tag","embeddable":true,"href":"https:\/\/roveyayinevi.com.tr\/index.php\/wp-json\/wp\/v2\/product_tag?post=772659"}],"curies":[{"name":"wp","href":"https:\/\/api.w.org\/{rel}","templated":true}]}}