{"id":772658,"date":"2025-08-28T15:47:56","date_gmt":"2025-08-28T12:47:56","guid":{"rendered":"https:\/\/roveyayinevi.com.tr\/index.php\/urun\/paw-patrol-hav-hav-kurtarma-gorevi-boyama-kitabi\/"},"modified":"2026-04-15T03:38:53","modified_gmt":"2026-04-15T00:38:53","slug":"paw-patrol-hav-hav-kurtarma-gorevi-boyama-kitabi","status":"publish","type":"product","link":"https:\/\/roveyayinevi.com.tr\/index.php\/urun\/paw-patrol-hav-hav-kurtarma-gorevi-boyama-kitabi\/","title":{"rendered":"Paw Patrol Hav Hav Kurtarma G\u00f6revi Boyama Kitab\u0131"},"content":{"rendered":"<p>Ke\u015ffe \u00e7\u0131kmaya haz\u0131r m\u0131s\u0131n?   Yavru k\u00f6pek\u00e7ikler, Macera K\u00f6rfezi\u2019nde seni bekliyor! Paw Patrol\u2019un renkli d\u00fcnyas\u0131nda g\u00f6revlerini tamamla, boyamalarla yarat\u0131c\u0131l\u0131\u011f\u0131n\u0131 konu\u015ftur, el becerilerini geli\u015ftir. Her sayfada yeni bir macera ve e\u011flence seni bekliyor!   Haydi, sen de ke\u015ffet ve kahraman ekibe kat\u0131l!<\/p>\n","protected":false},"excerpt":{"rendered":"<p>Ke\u015ffe \u00e7\u0131kmaya haz\u0131r m\u0131s\u0131n? Yavru k\u00f6pek\u00e7ikler, Macera K\u00f6rfezi\u2019nde seni bekliyor! Paw Patrol\u2019un renkli d\u00fcnyas\u0131nda g\u00f6revlerini tamamla, boyamalarla yarat\u0131c\u0131l\u0131\u011f\u0131n\u0131 konu\u015ftur, el becerilerini geli\u015ftir. Her sayfada yeni bir<span class=\"excerpt-hellip\"> [\u2026]<\/span><\/p>\n","protected":false},"featured_media":0,"template":"","meta":{"_monsterinsights_skip_tracking":false,"_monsterinsights_sitenote_active":false,"_monsterinsights_sitenote_note":"","_monsterinsights_sitenote_category":0},"product_brand":[],"product_cat":[12644,12274],"product_tag":[],"class_list":{"0":"post-772658","1":"product","2":"type-product","3":"status-publish","5":"product_cat-boyama-kitaplari","6":"product_cat-cocuk-ve-genclik-kitaplari","7":"pa_cilt-ciltsiz","8":"pa_tur-kitap","9":"pa_yayinevi-beta-kids","10":"pa_yazar-kolektif","12":"first","13":"instock","14":"sale","15":"shipping-taxable","16":"purchasable","17":"product-type-simple"},"_links":{"self":[{"href":"https:\/\/roveyayinevi.com.tr\/index.php\/wp-json\/wp\/v2\/product\/772658","targetHints":{"allow":["GET"]}}],"collection":[{"href":"https:\/\/roveyayinevi.com.tr\/index.php\/wp-json\/wp\/v2\/product"}],"about":[{"href":"https:\/\/roveyayinevi.com.tr\/index.php\/wp-json\/wp\/v2\/types\/product"}],"wp:attachment":[{"href":"https:\/\/roveyayinevi.com.tr\/index.php\/wp-json\/wp\/v2\/media?parent=772658"}],"wp:term":[{"taxonomy":"product_brand","embeddable":true,"href":"https:\/\/roveyayinevi.com.tr\/index.php\/wp-json\/wp\/v2\/product_brand?post=772658"},{"taxonomy":"product_cat","embeddable":true,"href":"https:\/\/roveyayinevi.com.tr\/index.php\/wp-json\/wp\/v2\/product_cat?post=772658"},{"taxonomy":"product_tag","embeddable":true,"href":"https:\/\/roveyayinevi.com.tr\/index.php\/wp-json\/wp\/v2\/product_tag?post=772658"}],"curies":[{"name":"wp","href":"https:\/\/api.w.org\/{rel}","templated":true}]}}