{"id":772657,"date":"2025-08-28T15:47:55","date_gmt":"2025-08-28T12:47:55","guid":{"rendered":"https:\/\/roveyayinevi.com.tr\/index.php\/urun\/diclenin-kuzeyinde-yerlesik-avcilar\/"},"modified":"2026-04-15T03:38:53","modified_gmt":"2026-04-15T00:38:53","slug":"diclenin-kuzeyinde-yerlesik-avcilar","status":"publish","type":"product","link":"https:\/\/roveyayinevi.com.tr\/index.php\/urun\/diclenin-kuzeyinde-yerlesik-avcilar\/","title":{"rendered":"Diclenin Kuzeyinde Yerle\u015fik Avc\u0131lar"},"content":{"rendered":"<p>Dicle Nehrini yukar\u0131 havzas\u0131n\u0131 besleyen Ambar \u00c7ay\u0131 kenar\u0131na kurulmu\u015f olan Gre F\u0131lla, M\u00d6 9300\u2019lerden M\u00d6 7500\u2019lere kadar iskan edilmi\u015ftir. Bu Kitap  yukar\u0131 Dicle\u2019nin kuzeyine yerle\u015fen bir avc\u0131 toplay\u0131c\u0131 toplulu\u011fun mimarisini konu edinmi\u015ftir. Mimari gelene\u011fi ile beraber di\u011fer t\u00fcm k\u00fclt\u00fcrel belirte\u00e7ler bu d\u00f6nemde olduk\u00e7a geli\u015fkin bir toplumun varl\u0131\u011f\u0131n\u0131 kan\u0131tlamaktad\u0131r. Bu geli\u015fkin toplum, yerle\u015fimi genellikle yerinde yenilenen konutlar\u0131 ve an\u0131tsal kamusal yap\u0131lar\u0131yla \u00f6nceden planlam\u0131\u015ft\u0131r. <\/p>\n","protected":false},"excerpt":{"rendered":"<p>Dicle Nehrini yukar\u0131 havzas\u0131n\u0131 besleyen Ambar \u00c7ay\u0131 kenar\u0131na kurulmu\u015f olan Gre F\u0131lla, M\u00d6 9300\u2019lerden M\u00d6 7500\u2019lere kadar iskan edilmi\u015ftir. Bu Kitap yukar\u0131 Dicle\u2019nin kuzeyine yerle\u015fen bir<span class=\"excerpt-hellip\"> [\u2026]<\/span><\/p>\n","protected":false},"featured_media":0,"template":"","meta":{"_monsterinsights_skip_tracking":false,"_monsterinsights_sitenote_active":false,"_monsterinsights_sitenote_note":"","_monsterinsights_sitenote_category":0},"product_brand":[],"product_cat":[52477,52478],"product_tag":[],"class_list":{"0":"post-772657","1":"product","2":"type-product","3":"status-publish","5":"product_cat-arastirma","6":"product_cat-arkeoloji","7":"pa_cilt-ciltsiz","8":"pa_tur-kitap","9":"pa_yayinevi-bilgin-kultur-sanat","10":"pa_yazar-ozlem-ekinbas-can","12":"first","13":"instock","14":"sale","15":"shipping-taxable","16":"purchasable","17":"product-type-simple"},"_links":{"self":[{"href":"https:\/\/roveyayinevi.com.tr\/index.php\/wp-json\/wp\/v2\/product\/772657","targetHints":{"allow":["GET"]}}],"collection":[{"href":"https:\/\/roveyayinevi.com.tr\/index.php\/wp-json\/wp\/v2\/product"}],"about":[{"href":"https:\/\/roveyayinevi.com.tr\/index.php\/wp-json\/wp\/v2\/types\/product"}],"wp:attachment":[{"href":"https:\/\/roveyayinevi.com.tr\/index.php\/wp-json\/wp\/v2\/media?parent=772657"}],"wp:term":[{"taxonomy":"product_brand","embeddable":true,"href":"https:\/\/roveyayinevi.com.tr\/index.php\/wp-json\/wp\/v2\/product_brand?post=772657"},{"taxonomy":"product_cat","embeddable":true,"href":"https:\/\/roveyayinevi.com.tr\/index.php\/wp-json\/wp\/v2\/product_cat?post=772657"},{"taxonomy":"product_tag","embeddable":true,"href":"https:\/\/roveyayinevi.com.tr\/index.php\/wp-json\/wp\/v2\/product_tag?post=772657"}],"curies":[{"name":"wp","href":"https:\/\/api.w.org\/{rel}","templated":true}]}}