{"id":772656,"date":"2025-08-28T15:47:54","date_gmt":"2025-08-28T12:47:54","guid":{"rendered":"https:\/\/roveyayinevi.com.tr\/index.php\/urun\/kilikia-arkeolojisi-serisi-5-kumbetbeleni-ve-guvercinlik\/"},"modified":"2026-04-15T03:38:53","modified_gmt":"2026-04-15T00:38:53","slug":"kilikia-arkeolojisi-serisi-5-kumbetbeleni-ve-guvercinlik","status":"publish","type":"product","link":"https:\/\/roveyayinevi.com.tr\/index.php\/urun\/kilikia-arkeolojisi-serisi-5-kumbetbeleni-ve-guvercinlik\/","title":{"rendered":"Kilikia Arkeolojisi Serisi 5 &#8211; K\u00fcmbetbeleni ve G\u00fcvercinlik"},"content":{"rendered":"<p>Da\u011fl\u0131k Kilikia B\u00f6lgesi\u2019nin do\u011fusunda, Lamos (Limonlu) ve Kalykadnos (G\u00f6ksu) nehirleriyle co\u011frafi olarak s\u0131n\u0131rland\u0131r\u0131lan alan sahip oldu\u011fu arkeolojik zenginlik leriyle dikkat \u00e7ekicidir. Hellenistik D\u00f6nem\u2019de bu alanda bir tap\u0131nak devlet egemenli\u011fi vard\u0131r ve b\u00f6lge Olba Territoriumu olarak bilinir. G\u00fcn\u00fcm\u00fczde ise Mersinili Silifke ve Erdemli il\u00e7eleri aras\u0131nda kalan co\u011frafyay\u0131 kapsamaktad\u0131r. Tarihsel ve arkeolojik veriler bu alanda M\u00d6 2. y\u00fczy\u0131l ba\u015flar\u0131ndan itibaren ta\u015f mimarinin g\u00f6r\u00fclmeye ba\u015flad\u0131\u011f\u0131na i\u015faret ederler. Bu mimari hareketlili\u011fin Ge\u00e7 Antik D\u00f6nem\u2019e kadar devam etti\u011fi, arazideki \u00e7ok say\u0131da iyi korunmu\u015f durumdaki arkeolojik kan\u0131ttan bilinmektedir. B\u00f6lgedeki antik k\u0131rsal yerle\u015fimlerin \u00e7o\u011fu iyi korunmu\u015f kal\u0131nt\u0131lar\u0131yla dikkat \u00e7ekicidirler. Yerle\u015fimlerin Hellenistik D\u00f6nem\u2019den gelen ve Roma ve Ge\u00e7 Antik D\u00f6nem\u2019de de devam eden bir s\u00fcreklili\u011fe sahipolduklar\u0131 g\u00f6r\u00fcl\u00fcr. Bu ba\u011flamda, bu kitab\u0131n \u00f6zg\u00fcn malzemesini bug\u00fcn Mersin ili Silifke il\u00e7esi s\u0131n\u0131rlar\u0131ndaki Karadedeli K\u00f6y\u00fc K\u00fcmbetbeleni ve Demircili K\u00f6y\u00fc G\u00fcvercinlik mevkiilerinde bulunan antik k\u0131rsal yerle\u015fimler olu\u015fturmaktad\u0131r. \u00c7al\u0131\u015fma, K\u00fcmbetbeleni ve G\u00fcvercinlik yerle\u015fimlerinin Hellenistik D\u00f6nem\u2019den ba\u015flayarak Ge\u00e7 Antik D\u00f6nem\u2019e kadar ge\u00e7en s\u00fcre\u00e7te sahip oldu\u011fu yap\u0131lanmay\u0131, savunma ama\u00e7l\u0131 yap\u0131lar\u0131n d\u00f6n\u00fc\u015f\u00fcm\u00fcn\u00fc ve k\u0131rsal alanlar\u0131n sosyo-ekonomik geli\u015fimini irdelemektedir. <\/p>\n","protected":false},"excerpt":{"rendered":"<p>Da\u011fl\u0131k Kilikia B\u00f6lgesi\u2019nin do\u011fusunda, Lamos (Limonlu) ve Kalykadnos (G\u00f6ksu) nehirleriyle co\u011frafi olarak s\u0131n\u0131rland\u0131r\u0131lan alan sahip oldu\u011fu arkeolojik zenginlik leriyle dikkat \u00e7ekicidir. Hellenistik D\u00f6nem\u2019de bu alanda bir<span class=\"excerpt-hellip\"> [\u2026]<\/span><\/p>\n","protected":false},"featured_media":0,"template":"","meta":{"_monsterinsights_skip_tracking":false,"_monsterinsights_sitenote_active":false,"_monsterinsights_sitenote_note":"","_monsterinsights_sitenote_category":0},"product_brand":[],"product_cat":[52477,52478],"product_tag":[],"class_list":{"0":"post-772656","1":"product","2":"type-product","3":"status-publish","5":"product_cat-arastirma","6":"product_cat-arkeoloji","7":"pa_cilt-ciltsiz","8":"pa_tur-kitap","9":"pa_yayinevi-bilgin-kultur-sanat","10":"pa_yazar-ahmet-morel","12":"first","13":"instock","14":"sale","15":"shipping-taxable","16":"purchasable","17":"product-type-simple"},"_links":{"self":[{"href":"https:\/\/roveyayinevi.com.tr\/index.php\/wp-json\/wp\/v2\/product\/772656","targetHints":{"allow":["GET"]}}],"collection":[{"href":"https:\/\/roveyayinevi.com.tr\/index.php\/wp-json\/wp\/v2\/product"}],"about":[{"href":"https:\/\/roveyayinevi.com.tr\/index.php\/wp-json\/wp\/v2\/types\/product"}],"wp:attachment":[{"href":"https:\/\/roveyayinevi.com.tr\/index.php\/wp-json\/wp\/v2\/media?parent=772656"}],"wp:term":[{"taxonomy":"product_brand","embeddable":true,"href":"https:\/\/roveyayinevi.com.tr\/index.php\/wp-json\/wp\/v2\/product_brand?post=772656"},{"taxonomy":"product_cat","embeddable":true,"href":"https:\/\/roveyayinevi.com.tr\/index.php\/wp-json\/wp\/v2\/product_cat?post=772656"},{"taxonomy":"product_tag","embeddable":true,"href":"https:\/\/roveyayinevi.com.tr\/index.php\/wp-json\/wp\/v2\/product_tag?post=772656"}],"curies":[{"name":"wp","href":"https:\/\/api.w.org\/{rel}","templated":true}]}}