{"id":772654,"date":"2025-08-28T15:47:49","date_gmt":"2025-08-28T12:47:49","guid":{"rendered":"https:\/\/roveyayinevi.com.tr\/index.php\/urun\/elmer-ve-buyuk-kus-ciltli\/"},"modified":"2026-04-15T03:38:53","modified_gmt":"2026-04-15T00:38:53","slug":"elmer-ve-buyuk-kus-ciltli","status":"publish","type":"product","link":"https:\/\/roveyayinevi.com.tr\/index.php\/urun\/elmer-ve-buyuk-kus-ciltli\/","title":{"rendered":"Elmer ve B\u00fcy\u00fck Ku\u015f (Ciltli)"},"content":{"rendered":"<p>Bir g\u00fcn Elmer etrafta hi\u00e7 ku\u015f olmad\u0131\u011f\u0131n\u0131 fark eder. Ne tuhaf! \u00c7ok ge\u00e7meden ku\u015flar\u0131, yak\u0131nlardaki ma\u011farada zorba bir ku\u015ftan saklan\u0131rken bulur. Zorba ku\u015f ac\u0131mas\u0131zd\u0131r ve k\u00fc\u00e7\u00fck ku\u015flar\u0131 korkutmay\u0131 sever. Elmer \u00f6nc\u00fcl\u00fc\u011f\u00fcndeki hayvanlar birlikte hareket edip bu zorbaya bir ders verirler.<\/p>\n","protected":false},"excerpt":{"rendered":"<p>Bir g\u00fcn Elmer etrafta hi\u00e7 ku\u015f olmad\u0131\u011f\u0131n\u0131 fark eder. Ne tuhaf! \u00c7ok ge\u00e7meden ku\u015flar\u0131, yak\u0131nlardaki ma\u011farada zorba bir ku\u015ftan saklan\u0131rken bulur. Zorba ku\u015f ac\u0131mas\u0131zd\u0131r ve k\u00fc\u00e7\u00fck<span class=\"excerpt-hellip\"> [\u2026]<\/span><\/p>\n","protected":false},"featured_media":0,"template":"","meta":{"_monsterinsights_skip_tracking":false,"_monsterinsights_sitenote_active":false,"_monsterinsights_sitenote_note":"","_monsterinsights_sitenote_category":0},"product_brand":[],"product_cat":[12274,12284],"product_tag":[],"class_list":{"0":"post-772654","1":"product","2":"type-product","3":"status-publish","5":"product_cat-cocuk-ve-genclik-kitaplari","6":"product_cat-hikayeler","7":"pa_cilt-ciltli","8":"pa_tur-kitap","9":"pa_yayinevi-mundi","10":"pa_yazar-david-mckee","12":"first","13":"instock","14":"sale","15":"shipping-taxable","16":"purchasable","17":"product-type-simple"},"_links":{"self":[{"href":"https:\/\/roveyayinevi.com.tr\/index.php\/wp-json\/wp\/v2\/product\/772654","targetHints":{"allow":["GET"]}}],"collection":[{"href":"https:\/\/roveyayinevi.com.tr\/index.php\/wp-json\/wp\/v2\/product"}],"about":[{"href":"https:\/\/roveyayinevi.com.tr\/index.php\/wp-json\/wp\/v2\/types\/product"}],"wp:attachment":[{"href":"https:\/\/roveyayinevi.com.tr\/index.php\/wp-json\/wp\/v2\/media?parent=772654"}],"wp:term":[{"taxonomy":"product_brand","embeddable":true,"href":"https:\/\/roveyayinevi.com.tr\/index.php\/wp-json\/wp\/v2\/product_brand?post=772654"},{"taxonomy":"product_cat","embeddable":true,"href":"https:\/\/roveyayinevi.com.tr\/index.php\/wp-json\/wp\/v2\/product_cat?post=772654"},{"taxonomy":"product_tag","embeddable":true,"href":"https:\/\/roveyayinevi.com.tr\/index.php\/wp-json\/wp\/v2\/product_tag?post=772654"}],"curies":[{"name":"wp","href":"https:\/\/api.w.org\/{rel}","templated":true}]}}