{"id":772652,"date":"2025-08-28T15:47:46","date_gmt":"2025-08-28T12:47:46","guid":{"rendered":"https:\/\/roveyayinevi.com.tr\/index.php\/urun\/gauguin-uzerine\/"},"modified":"2026-03-12T03:36:30","modified_gmt":"2026-03-12T00:36:30","slug":"gauguin-uzerine","status":"publish","type":"product","link":"https:\/\/roveyayinevi.com.tr\/index.php\/urun\/gauguin-uzerine\/","title":{"rendered":"Gauguin \u00dczerine"},"content":{"rendered":"<p>\u00dcnl\u00fc feminist sanat tarih\u00e7isi Griselda Pollock, Paul Gauguin ile 1880\u2019li ve 1890\u2019l\u0131 y\u0131llar\u0131n Avrupa\u2019s\u0131nda sanatsal avangard\u0131n egemenli\u011fi i\u00e7in yar\u0131\u015fan di\u011fer sanat\u00e7\u0131lar\u0131n resimlerinin ard\u0131ndaki \u0131rk\u00e7\u0131, cinsiyet\u00e7i ve emperyalist temelleri a\u00e7\u0131\u011fa \u00e7\u0131kar\u0131yor. \u0130lk kez 1993 y\u0131l\u0131nda bir konferans olarak sunulan bu metin, toplumsal cinsiyet ve \u0131rksal kapsay\u0131c\u0131l\u0131\u011f\u0131n uzun soluklu savunucunun, ana ak\u0131m sanat tarihi anlat\u0131lar\u0131na kar\u015f\u0131 verdi\u011fi g\u00fc\u00e7l\u00fc bir yan\u0131t niteli\u011findedir. <\/p>\n","protected":false},"excerpt":{"rendered":"<p>\u00dcnl\u00fc feminist sanat tarih\u00e7isi Griselda Pollock, Paul Gauguin ile 1880\u2019li ve 1890\u2019l\u0131 y\u0131llar\u0131n Avrupa\u2019s\u0131nda sanatsal avangard\u0131n egemenli\u011fi i\u00e7in yar\u0131\u015fan di\u011fer sanat\u00e7\u0131lar\u0131n resimlerinin ard\u0131ndaki \u0131rk\u00e7\u0131, cinsiyet\u00e7i ve<span class=\"excerpt-hellip\"> [\u2026]<\/span><\/p>\n","protected":false},"featured_media":0,"template":"","meta":{"_monsterinsights_skip_tracking":false,"_monsterinsights_sitenote_active":false,"_monsterinsights_sitenote_note":"","_monsterinsights_sitenote_category":0},"product_brand":[],"product_cat":[13548,12408],"product_tag":[],"class_list":{"0":"post-772652","1":"product","2":"type-product","3":"status-publish","5":"product_cat-kuram","6":"product_cat-sanat","7":"pa_cilt-ciltsiz","8":"pa_tur-kitap","9":"pa_yayinevi-hayalperest-yayinlari","10":"pa_yazar-griselda-pollock","12":"first","13":"instock","14":"sale","15":"shipping-taxable","16":"purchasable","17":"product-type-simple"},"_links":{"self":[{"href":"https:\/\/roveyayinevi.com.tr\/index.php\/wp-json\/wp\/v2\/product\/772652","targetHints":{"allow":["GET"]}}],"collection":[{"href":"https:\/\/roveyayinevi.com.tr\/index.php\/wp-json\/wp\/v2\/product"}],"about":[{"href":"https:\/\/roveyayinevi.com.tr\/index.php\/wp-json\/wp\/v2\/types\/product"}],"wp:attachment":[{"href":"https:\/\/roveyayinevi.com.tr\/index.php\/wp-json\/wp\/v2\/media?parent=772652"}],"wp:term":[{"taxonomy":"product_brand","embeddable":true,"href":"https:\/\/roveyayinevi.com.tr\/index.php\/wp-json\/wp\/v2\/product_brand?post=772652"},{"taxonomy":"product_cat","embeddable":true,"href":"https:\/\/roveyayinevi.com.tr\/index.php\/wp-json\/wp\/v2\/product_cat?post=772652"},{"taxonomy":"product_tag","embeddable":true,"href":"https:\/\/roveyayinevi.com.tr\/index.php\/wp-json\/wp\/v2\/product_tag?post=772652"}],"curies":[{"name":"wp","href":"https:\/\/api.w.org\/{rel}","templated":true}]}}