{"id":772651,"date":"2025-08-28T15:47:45","date_gmt":"2025-08-28T12:47:45","guid":{"rendered":"https:\/\/roveyayinevi.com.tr\/index.php\/urun\/kaderin-cizgisi\/"},"modified":"2026-04-11T03:37:46","modified_gmt":"2026-04-11T00:37:46","slug":"kaderin-cizgisi","status":"publish","type":"product","link":"https:\/\/roveyayinevi.com.tr\/index.php\/urun\/kaderin-cizgisi\/","title":{"rendered":"Kaderin \u00c7izgisi"},"content":{"rendered":"<p>Kendi eline hi\u00e7 bakt\u0131n m\u0131 ger\u00e7ekten? Yaln\u0131zca avu\u00e7lar\u0131na de\u011fil; kaderine, y\u00f6n\u00fcne, kendine&#8230; Bu kitap sana bo\u015f umutlar, kolay cevaplar vermeyecek. Ezber bozduracak. \u00d6nce kendini daha sonra bildi\u011fini sand\u0131\u011f\u0131n insan\u0131 yeniden okuyacaks\u0131n. \u00c7\u00fcnk\u00fc her \u00e7izgi, rastgele de\u011fildir. Her k\u0131vr\u0131m\u0131n bir ge\u00e7mi\u015fi, her sessiz i\u015faretin bir anlam\u0131 vard\u0131r. Y\u00fcz\u00fcnde yaz\u0131l\u0131 \u00f6fke, elinde gizli sab\u0131r, bak\u0131\u015f\u0131ndaki karanl\u0131k, parmak u\u00e7lar\u0131ndaki \u0131\u015f\u0131k\u2026 \u0130lm-i sima; yani y\u00fcz ve el okuma, yaln\u0131zca bir merak de\u011fil bir metottur. Halid Emre Aslan bu kitapta; sezgiyle bilgiyi, g\u00f6zlemle ilkeyi, manayla maddeyi bir araya getiriyor. Bilimle ba\u011f kuruyor, gelenekten g\u00fc\u00e7 al\u0131yor ama en \u00e7ok da seni, kendine tan\u0131k olmaya davet ediyor. E\u011fer ger\u00e7ekten bakmaya cesaretin varsa bu kitap seni durduracak. K\u0131p\u0131rt\u0131s\u0131z bir aynan\u0131n kar\u015f\u0131s\u0131na ge\u00e7irecek. Ve sonra sessizce soracak: &#8220;Sen kimsin? Elinde tuttu\u011fun ne?&#8221;<\/p>\n","protected":false},"excerpt":{"rendered":"<p>Kendi eline hi\u00e7 bakt\u0131n m\u0131 ger\u00e7ekten? Yaln\u0131zca avu\u00e7lar\u0131na de\u011fil; kaderine, y\u00f6n\u00fcne, kendine&#8230; Bu kitap sana bo\u015f umutlar, kolay cevaplar vermeyecek. Ezber bozduracak. \u00d6nce kendini daha sonra<span class=\"excerpt-hellip\"> [\u2026]<\/span><\/p>\n","protected":false},"featured_media":0,"template":"","meta":{"_monsterinsights_skip_tracking":false,"_monsterinsights_sitenote_active":false,"_monsterinsights_sitenote_note":"","_monsterinsights_sitenote_category":0},"product_brand":[],"product_cat":[12364,12376],"product_tag":[],"class_list":{"0":"post-772651","1":"product","2":"type-product","3":"status-publish","5":"product_cat-genel-konular","6":"product_cat-kisisel-gelisim","7":"pa_cilt-ciltsiz","8":"pa_tur-kitap","9":"pa_yayinevi-foliant-yayinlari","10":"pa_yazar-halid-emre-aslan","12":"first","13":"instock","14":"sale","15":"shipping-taxable","16":"purchasable","17":"product-type-simple"},"_links":{"self":[{"href":"https:\/\/roveyayinevi.com.tr\/index.php\/wp-json\/wp\/v2\/product\/772651","targetHints":{"allow":["GET"]}}],"collection":[{"href":"https:\/\/roveyayinevi.com.tr\/index.php\/wp-json\/wp\/v2\/product"}],"about":[{"href":"https:\/\/roveyayinevi.com.tr\/index.php\/wp-json\/wp\/v2\/types\/product"}],"wp:attachment":[{"href":"https:\/\/roveyayinevi.com.tr\/index.php\/wp-json\/wp\/v2\/media?parent=772651"}],"wp:term":[{"taxonomy":"product_brand","embeddable":true,"href":"https:\/\/roveyayinevi.com.tr\/index.php\/wp-json\/wp\/v2\/product_brand?post=772651"},{"taxonomy":"product_cat","embeddable":true,"href":"https:\/\/roveyayinevi.com.tr\/index.php\/wp-json\/wp\/v2\/product_cat?post=772651"},{"taxonomy":"product_tag","embeddable":true,"href":"https:\/\/roveyayinevi.com.tr\/index.php\/wp-json\/wp\/v2\/product_tag?post=772651"}],"curies":[{"name":"wp","href":"https:\/\/api.w.org\/{rel}","templated":true}]}}