{"id":772650,"date":"2025-08-28T15:47:43","date_gmt":"2025-08-28T12:47:43","guid":{"rendered":"https:\/\/roveyayinevi.com.tr\/index.php\/urun\/olum-ve-sonrasi\/"},"modified":"2026-04-15T03:38:53","modified_gmt":"2026-04-15T00:38:53","slug":"olum-ve-sonrasi","status":"publish","type":"product","link":"https:\/\/roveyayinevi.com.tr\/index.php\/urun\/olum-ve-sonrasi\/","title":{"rendered":"\u00d6l\u00fcm ve Sonras\u0131"},"content":{"rendered":"<p>\u00c2hirete iman konusu, insan akl\u0131n\u0131n ve havsalas\u0131n\u0131n kolay anlayaca\u011f\u0131 ve kavrayaca\u011f\u0131 bir konu de\u011fildir. \u0130bni Sina gibi \u0130slam tarihinin en b\u00fcy\u00fck d\u00e2h\u00eelerinden biri; \u2018bu konunun ak\u0131lla anla\u015f\u0131lamayaca\u011f\u0131n\u0131, izah ve ispat\u0131n\u0131n yap\u0131lamayaca\u011f\u0131n\u0131, bu konuya ancak \u00e2yet ve hadislerde anlat\u0131ld\u0131\u011f\u0131 \u015fekilde inanmak gerekti\u011fini\u2019 s\u00f6ylemi\u015ftir. Bunun sebepleri kitapta a\u00e7\u0131klanmaktad\u0131r. Elinizdeki kitap, Risale-i Nur\u2019lardan esinlenerek yap\u0131lan sohbetlerden derlenmi\u015f bir kitap oldu\u011fu i\u00e7in o eserlerde \u00e2hirete imanla ilgili anlat\u0131lanlardan yola \u00e7\u0131k\u0131larak a\u00e7\u0131klamalar yap\u0131lm\u0131\u015ft\u0131r. Bu a\u00e7\u0131klamalarda \u2018\u00f6l\u00fcmden sonra dirili\u015f\u2019in; \u2018geceden sonra sabah\u0131n, k\u0131\u015ftan sonra bahar\u0131n gelece\u011fi kadar kesin bir \u015fekilde ispatland\u0131\u011f\u0131\u2019 dile getirilmektedir. Ger\u00e7ekten de bunun, soyut ve delilsiz bir iddia de\u011fil ger\u00e7e\u011fin ta kendisi oldu\u011fu bu kitapta kesin bir \u015fekilde ispatlanmaktad\u0131r. Bu konunun kolay anla\u015f\u0131lmas\u0131 i\u00e7in kitapta \u00e7e\u015fitli arg\u00fcmanlar kullan\u0131lm\u0131\u015ft\u0131r. Bunlardan en \u00f6nemlisi \u2018temsil ile anlat\u0131m\u2019 denilen \u2018\u00f6rnekli anlat\u0131m\u2019 metodudur ve bu metot Kur\u2019an\u2019\u0131n anlat\u0131m metotlar\u0131ndan biridir. Bu metot sayesinde en geni\u015f, en y\u00fcksek, en derin ve en ince konular kolayca anla\u015f\u0131l\u0131r hale getirilmi\u015ftir. B\u00f6ylece konunun, s\u0131radan insanlar\u0131n bile anlayabilmesi sa\u011flanm\u0131\u015ft\u0131r. Bunun da soyut bir iddia olmay\u0131p elle tutulur, g\u00f6zle g\u00f6r\u00fcl\u00fcr, ak\u0131lla anla\u015f\u0131l\u0131r bir ger\u00e7ek oldu\u011fu kitap dikkatle okundu\u011funda kolayca g\u00f6r\u00fclecektir. Kitab\u0131 okudu\u011funuzda sizinde bu kanaati payla\u015faca\u011f\u0131n\u0131za inan\u0131yoruz.<\/p>\n","protected":false},"excerpt":{"rendered":"<p>\u00c2hirete iman konusu, insan akl\u0131n\u0131n ve havsalas\u0131n\u0131n kolay anlayaca\u011f\u0131 ve kavrayaca\u011f\u0131 bir konu de\u011fildir. \u0130bni Sina gibi \u0130slam tarihinin en b\u00fcy\u00fck d\u00e2h\u00eelerinden biri; \u2018bu konunun ak\u0131lla<span class=\"excerpt-hellip\"> [\u2026]<\/span><\/p>\n","protected":false},"featured_media":0,"template":"","meta":{"_monsterinsights_skip_tracking":false,"_monsterinsights_sitenote_active":false,"_monsterinsights_sitenote_note":"","_monsterinsights_sitenote_category":0},"product_brand":[],"product_cat":[12718],"product_tag":[],"class_list":{"0":"post-772650","1":"product","2":"type-product","3":"status-publish","5":"product_cat-din","6":"pa_cilt-ciltsiz","7":"pa_tur-kitap","8":"pa_yayinevi-foliant-yayinlari","9":"pa_yazar-said-sasmaz","11":"first","12":"instock","13":"sale","14":"shipping-taxable","15":"purchasable","16":"product-type-simple"},"_links":{"self":[{"href":"https:\/\/roveyayinevi.com.tr\/index.php\/wp-json\/wp\/v2\/product\/772650","targetHints":{"allow":["GET"]}}],"collection":[{"href":"https:\/\/roveyayinevi.com.tr\/index.php\/wp-json\/wp\/v2\/product"}],"about":[{"href":"https:\/\/roveyayinevi.com.tr\/index.php\/wp-json\/wp\/v2\/types\/product"}],"wp:attachment":[{"href":"https:\/\/roveyayinevi.com.tr\/index.php\/wp-json\/wp\/v2\/media?parent=772650"}],"wp:term":[{"taxonomy":"product_brand","embeddable":true,"href":"https:\/\/roveyayinevi.com.tr\/index.php\/wp-json\/wp\/v2\/product_brand?post=772650"},{"taxonomy":"product_cat","embeddable":true,"href":"https:\/\/roveyayinevi.com.tr\/index.php\/wp-json\/wp\/v2\/product_cat?post=772650"},{"taxonomy":"product_tag","embeddable":true,"href":"https:\/\/roveyayinevi.com.tr\/index.php\/wp-json\/wp\/v2\/product_tag?post=772650"}],"curies":[{"name":"wp","href":"https:\/\/api.w.org\/{rel}","templated":true}]}}