{"id":772648,"date":"2025-08-28T15:47:40","date_gmt":"2025-08-28T12:47:40","guid":{"rendered":"https:\/\/roveyayinevi.com.tr\/index.php\/urun\/akdeniz-5\/"},"modified":"2025-09-15T17:44:00","modified_gmt":"2025-09-15T14:44:00","slug":"akdeniz-5","status":"publish","type":"product","link":"https:\/\/roveyayinevi.com.tr\/index.php\/urun\/akdeniz-5\/","title":{"rendered":"Akdeniz"},"content":{"rendered":"<p>\u00c7o\u011fu insan i\u00e7in Akdeniz, s\u0131cak havas\u0131 ve lezzetli yemekleriyle \u0130talya&#8217;n\u0131n sahil \u015feridi ya da Bat\u0131 ile Do\u011fu&#8217;nun kap\u0131s\u0131 olan kozmopolit \u0130stanbul gibi huzurlu imgeler \u00e7a\u011fr\u0131\u015ft\u0131r\u0131r. Ancak Bradford&#8217;un ayr\u0131nt\u0131l\u0131 olarak anlatt\u0131\u011f\u0131 gibi, jeolojik olarak gen\u00e7 olan Akdeniz, uzun ve kanl\u0131 bir tarihe sahiptir ve bir\u00e7ok imparatorlu\u011fun y\u00fckseli\u015fine ve \u00e7\u00f6k\u00fc\u015f\u00fcne tan\u0131k olmu\u015f bir denizdir. Bat\u0131 ve Do\u011fu uygarl\u0131klar\u0131n\u0131n be\u015fi\u011fi olarak kabul edilen Akdeniz, erken d\u00f6nem Fenikeliler taraf\u0131ndan ticaret i\u00e7in bilinen d\u00fcnyay\u0131 dola\u015fmak amac\u0131yla kullan\u0131lm\u0131\u015ft\u0131. Daha sonra, eski Yunanlar\u0131 yenen b\u00fcy\u00fck taktik\u00e7i Romal\u0131lar, Bizansl\u0131lar, daha sonra \u0130skandinavlar, hatta Venedikliler, Ha\u00e7l\u0131lar ve Ma\u011fribiler bu denizde yelken a\u00e7t\u0131. Homeros&#8217;un Odysseia&#8217;s\u0131n\u0131 yazd\u0131\u011f\u0131, Lord Byron ve Keats&#8217;in zengin \u015fiirlerini yazmak i\u00e7in ilham ald\u0131\u011f\u0131 denizdir Akdeniz. \u0130slam\u0131n Alt\u0131n \u00c7a\u011f\u0131ndan gelen bilimsel d\u00fc\u015f\u00fcnce ve sanat\u0131n s\u00fcz\u00fclerek R\u00f6nesans\u0131n do\u011fu\u015funa yol a\u00e7t\u0131\u011f\u0131 yerdir buras\u0131. Akdeniz, antik \u00e7a\u011flardan modern zamanlara kadar denizcilik ve askeri tarihin b\u00fcy\u00fcleyici bir \u00f6yk\u00fcs\u00fcd\u00fcr. <\/p>\n","protected":false},"excerpt":{"rendered":"<p>\u00c7o\u011fu insan i\u00e7in Akdeniz, s\u0131cak havas\u0131 ve lezzetli yemekleriyle \u0130talya&#8217;n\u0131n sahil \u015feridi ya da Bat\u0131 ile Do\u011fu&#8217;nun kap\u0131s\u0131 olan kozmopolit \u0130stanbul gibi huzurlu imgeler \u00e7a\u011fr\u0131\u015ft\u0131r\u0131r. Ancak<span class=\"excerpt-hellip\"> [\u2026]<\/span><\/p>\n","protected":false},"featured_media":0,"template":"","meta":{"_monsterinsights_skip_tracking":false,"_monsterinsights_sitenote_active":false,"_monsterinsights_sitenote_note":"","_monsterinsights_sitenote_category":0},"product_brand":[],"product_cat":[12304],"product_tag":[],"class_list":{"0":"post-772648","1":"product","2":"type-product","3":"status-publish","5":"product_cat-tarih","6":"pa_cilt-ciltsiz","7":"pa_tur-kitap","8":"pa_yayinevi-alfa-yayinlari","9":"pa_yazar-ernle-bradford","11":"first","12":"instock","13":"sale","14":"shipping-taxable","15":"purchasable","16":"product-type-simple"},"_links":{"self":[{"href":"https:\/\/roveyayinevi.com.tr\/index.php\/wp-json\/wp\/v2\/product\/772648","targetHints":{"allow":["GET"]}}],"collection":[{"href":"https:\/\/roveyayinevi.com.tr\/index.php\/wp-json\/wp\/v2\/product"}],"about":[{"href":"https:\/\/roveyayinevi.com.tr\/index.php\/wp-json\/wp\/v2\/types\/product"}],"wp:attachment":[{"href":"https:\/\/roveyayinevi.com.tr\/index.php\/wp-json\/wp\/v2\/media?parent=772648"}],"wp:term":[{"taxonomy":"product_brand","embeddable":true,"href":"https:\/\/roveyayinevi.com.tr\/index.php\/wp-json\/wp\/v2\/product_brand?post=772648"},{"taxonomy":"product_cat","embeddable":true,"href":"https:\/\/roveyayinevi.com.tr\/index.php\/wp-json\/wp\/v2\/product_cat?post=772648"},{"taxonomy":"product_tag","embeddable":true,"href":"https:\/\/roveyayinevi.com.tr\/index.php\/wp-json\/wp\/v2\/product_tag?post=772648"}],"curies":[{"name":"wp","href":"https:\/\/api.w.org\/{rel}","templated":true}]}}