{"id":772646,"date":"2025-08-28T15:47:36","date_gmt":"2025-08-28T12:47:36","guid":{"rendered":"https:\/\/roveyayinevi.com.tr\/index.php\/urun\/merhaba-ben-disleksi\/"},"modified":"2026-04-15T03:38:53","modified_gmt":"2026-04-15T00:38:53","slug":"merhaba-ben-disleksi","status":"publish","type":"product","link":"https:\/\/roveyayinevi.com.tr\/index.php\/urun\/merhaba-ben-disleksi\/","title":{"rendered":"Merhaba, Ben Disleksi"},"content":{"rendered":"<p>Merhaba, Ben Disleksi. Ad\u0131m\u0131 daha \u00f6nce duymu\u015f olabilirsin. Bu aralar kendimden epey s\u00f6z ettiriyorum. Ama duydum ki beni yanl\u0131\u015f anlayanlar var. Ben bir \u00f6\u011frenme g\u00fc\u00e7l\u00fc\u011f\u00fcy\u00fcm. \u201c\u00d6\u011frenme g\u00fc\u00e7l\u00fc\u011f\u00fc\u201d deyince akl\u0131na zek\u00e2yla ilgili bir s\u0131n\u0131rl\u0131l\u0131k gelebilir ama yan\u0131l\u0131yorsun! Zihinsel geli\u015fim benim en g\u00fc\u00e7l\u00fc oldu\u011fum alanlardan biri. Hatta biliyor musun, zek\u00e2 d\u00fczeyim genellikle normal ya da normalin \u00fcst\u00fcnde diyorlar. Peki, o zaman neyi \u00f6\u011frenmekte zorlan\u0131yorum? Okumay\u0131 ve matemati\u011fi. Yaz\u0131 yazmaksa benim i\u00e7in tam bir i\u015fkence. Harfler bir t\u00fcrl\u00fc uslu durmuyor! Ama bu alanlar d\u0131\u015f\u0131nda iddial\u0131y\u0131m. \u00c7ok g\u00fczel resim \u00e7izerim \u2013 mesela bir logo tasarlad\u0131\u011f\u0131mda herkes \u201cBunu nas\u0131l d\u00fc\u015f\u00fcnd\u00fcn?\u201d diye sorar. Yapbozda ustay\u0131md\u0131r, yarat\u0131c\u0131 fikirlerimle \u015fa\u015f\u0131rt\u0131r\u0131m. Yeni \u015feyler \u00f6\u011frenmeye bay\u0131l\u0131r\u0131m, yeter ki okumak zorunda kalmayay\u0131m. Video izlemek ve sesli kitaplar favorim. \u201cOkumay\u0131 neden sevmiyorsun?\u201d diyorlar. Ben okumay\u0131 seviyorum asl\u0131nda ama harfler dans ediyor sanki. Onlarla bir oyun oynuyoruz; ben yakalamaya \u00e7al\u0131\u015f\u0131yorum, onlar ka\u00e7\u0131yor. Bazen yoruluyorum i\u015fte. Beni en iyi \u201cfarkl\u0131\u201d kelimesi tan\u0131mlar. Farkl\u0131 d\u00fc\u015f\u00fcn\u00fcr\u00fcm, farkl\u0131 \u00f6\u011frenirim, farkl\u0131 hissederim. E\u011fer beni yak\u0131ndan tan\u0131mak istersen, sana kendimi anlatmaktan mutluluk duyar\u0131m. Hadi, tan\u0131\u015fal\u0131m!   (GEL\u0130\u015e\u0130M DESTEKL\u0130 ETK\u0130NL\u0130KLER \u0130\u00c7ER\u0130R)<\/p>\n","protected":false},"excerpt":{"rendered":"<p>Merhaba, Ben Disleksi. Ad\u0131m\u0131 daha \u00f6nce duymu\u015f olabilirsin. Bu aralar kendimden epey s\u00f6z ettiriyorum. Ama duydum ki beni yanl\u0131\u015f anlayanlar var. Ben bir \u00f6\u011frenme g\u00fc\u00e7l\u00fc\u011f\u00fcy\u00fcm. \u201c\u00d6\u011frenme<span class=\"excerpt-hellip\"> [\u2026]<\/span><\/p>\n","protected":false},"featured_media":0,"template":"","meta":{"_monsterinsights_skip_tracking":false,"_monsterinsights_sitenote_active":false,"_monsterinsights_sitenote_note":"","_monsterinsights_sitenote_category":0},"product_brand":[],"product_cat":[26509,13365],"product_tag":[],"class_list":{"0":"post-772646","1":"product","2":"type-product","3":"status-publish","5":"product_cat-cocuk-gelisimi","6":"product_cat-saglik","7":"pa_cilt-ciltsiz","8":"pa_tur-kitap","9":"pa_yayinevi-kripto-basim-yayin","10":"pa_yazar-emine-ergun","12":"first","13":"instock","14":"sale","15":"shipping-taxable","16":"purchasable","17":"product-type-simple"},"_links":{"self":[{"href":"https:\/\/roveyayinevi.com.tr\/index.php\/wp-json\/wp\/v2\/product\/772646","targetHints":{"allow":["GET"]}}],"collection":[{"href":"https:\/\/roveyayinevi.com.tr\/index.php\/wp-json\/wp\/v2\/product"}],"about":[{"href":"https:\/\/roveyayinevi.com.tr\/index.php\/wp-json\/wp\/v2\/types\/product"}],"wp:attachment":[{"href":"https:\/\/roveyayinevi.com.tr\/index.php\/wp-json\/wp\/v2\/media?parent=772646"}],"wp:term":[{"taxonomy":"product_brand","embeddable":true,"href":"https:\/\/roveyayinevi.com.tr\/index.php\/wp-json\/wp\/v2\/product_brand?post=772646"},{"taxonomy":"product_cat","embeddable":true,"href":"https:\/\/roveyayinevi.com.tr\/index.php\/wp-json\/wp\/v2\/product_cat?post=772646"},{"taxonomy":"product_tag","embeddable":true,"href":"https:\/\/roveyayinevi.com.tr\/index.php\/wp-json\/wp\/v2\/product_tag?post=772646"}],"curies":[{"name":"wp","href":"https:\/\/api.w.org\/{rel}","templated":true}]}}