{"id":772645,"date":"2025-08-28T15:47:35","date_gmt":"2025-08-28T12:47:35","guid":{"rendered":"https:\/\/roveyayinevi.com.tr\/index.php\/urun\/muzik-ve-beyin\/"},"modified":"2026-04-15T03:38:53","modified_gmt":"2026-04-15T00:38:53","slug":"muzik-ve-beyin","status":"publish","type":"product","link":"https:\/\/roveyayinevi.com.tr\/index.php\/urun\/muzik-ve-beyin\/","title":{"rendered":"Mu\u0308zik ve Beyin"},"content":{"rendered":"<p>\u201cHer hastal\u0131k m\u00fczikal bir problem; tedavisi ise m\u00fczikal bir form\u00fcld\u00fcr.\u201d \u015eifay\u0131 doktorlar\u0131n, m\u00fczi\u011fi ise e\u011flencenin ve yarat\u0131c\u0131 edimin bir alan\u0131 olarak g\u00f6rme e\u011filimindeyiz. Belki de hayat\u0131m\u0131z\u0131n en i\u00e7sel iki par\u00e7as\u0131n\u0131 yeniden birle\u015ftirmenin zaman\u0131 gelmi\u015ftir. M\u00fczik, ba\u015fkalar\u0131n\u0131n yaln\u0131zca k\u0131smen anlayabildi\u011fi bir dille bizimle konu\u015fur. Her birimizin m\u00fczikal anlam ve ba\u011flam d\u00fcnyas\u0131 birbirinden farkl\u0131d\u0131r. M\u00fczikle olan ili\u015fkiniz, yaln\u0131zca sizin bildi\u011finiz gizli bir dilde ya\u015fan\u0131r.  N\u00f6robilimci, New York Times \u00e7oksatan yazar\u0131, \u00f6d\u00fcll\u00fc bir m\u00fczisyen ve besteci olan Daniel J. Levitin, bu son eserinde m\u00fczi\u011fin iyile\u015ftirici g\u00fc\u00e7lerini ara\u015ft\u0131r\u0131yor ve m\u00fczi\u011fin neden g\u00fcn\u00fcm\u00fcz\u00fcn en etkili terapilerinden biri oldu\u011funu g\u00f6steriyor. M\u00fczik ve beyin \u00fczerine yap\u0131lan say\u0131s\u0131z ara\u015ft\u0131rman\u0131n sonu\u00e7lar\u0131n\u0131 ilk kez bir araya getiren Levitin, m\u00fczi\u011fin Parkinson ve Alzheimer gibi n\u00f6rodejeneratif hastal\u0131klardan bili\u015fsel hasar ve depresyona kadar bir\u00e7ok rahats\u0131zl\u0131\u011f\u0131n tedavisine nas\u0131l katk\u0131da bulunabilece\u011fini ortaya koyuyor. Ayr\u0131ca, Sting\u2019den Kent Nagano ve MariKodama\u2019ya kadar g\u00fcn\u00fcm\u00fcz\u00fcn en \u00fcnl\u00fc m\u00fczisyenleriyle yapt\u0131\u011f\u0131 r\u00f6portajlar arac\u0131l\u0131\u011f\u0131yla, bilimsel vaka \u00e7al\u0131\u015fmalar\u0131, m\u00fczik teorisi ve m\u00fczik tarihini inceleyerek, m\u00fczi\u011fin neden etkili bir terapi olabilece\u011fine dair g\u00f6zlemlerini payla\u015f\u0131yor. <\/p>\n","protected":false},"excerpt":{"rendered":"<p>\u201cHer hastal\u0131k m\u00fczikal bir problem; tedavisi ise m\u00fczikal bir form\u00fcld\u00fcr.\u201d \u015eifay\u0131 doktorlar\u0131n, m\u00fczi\u011fi ise e\u011flencenin ve yarat\u0131c\u0131 edimin bir alan\u0131 olarak g\u00f6rme e\u011filimindeyiz. Belki de hayat\u0131m\u0131z\u0131n<span class=\"excerpt-hellip\"> [\u2026]<\/span><\/p>\n","protected":false},"featured_media":0,"template":"","meta":{"_monsterinsights_skip_tracking":false,"_monsterinsights_sitenote_active":false,"_monsterinsights_sitenote_note":"","_monsterinsights_sitenote_category":0},"product_brand":[],"product_cat":[13005,13006],"product_tag":[],"class_list":{"0":"post-772645","1":"product","2":"type-product","3":"status-publish","5":"product_cat-bilim-muhendislik","6":"product_cat-populer-bilim","7":"pa_cilt-ciltsiz","8":"pa_tur-kitap","9":"pa_yayinevi-say-yayinlari","10":"pa_yazar-daniel-j-levitin","12":"first","13":"instock","14":"sale","15":"shipping-taxable","16":"purchasable","17":"product-type-simple"},"_links":{"self":[{"href":"https:\/\/roveyayinevi.com.tr\/index.php\/wp-json\/wp\/v2\/product\/772645","targetHints":{"allow":["GET"]}}],"collection":[{"href":"https:\/\/roveyayinevi.com.tr\/index.php\/wp-json\/wp\/v2\/product"}],"about":[{"href":"https:\/\/roveyayinevi.com.tr\/index.php\/wp-json\/wp\/v2\/types\/product"}],"wp:attachment":[{"href":"https:\/\/roveyayinevi.com.tr\/index.php\/wp-json\/wp\/v2\/media?parent=772645"}],"wp:term":[{"taxonomy":"product_brand","embeddable":true,"href":"https:\/\/roveyayinevi.com.tr\/index.php\/wp-json\/wp\/v2\/product_brand?post=772645"},{"taxonomy":"product_cat","embeddable":true,"href":"https:\/\/roveyayinevi.com.tr\/index.php\/wp-json\/wp\/v2\/product_cat?post=772645"},{"taxonomy":"product_tag","embeddable":true,"href":"https:\/\/roveyayinevi.com.tr\/index.php\/wp-json\/wp\/v2\/product_tag?post=772645"}],"curies":[{"name":"wp","href":"https:\/\/api.w.org\/{rel}","templated":true}]}}