{"id":772644,"date":"2025-08-28T15:47:33","date_gmt":"2025-08-28T12:47:33","guid":{"rendered":"https:\/\/roveyayinevi.com.tr\/index.php\/urun\/matematik-herkes-icindir\/"},"modified":"2026-04-15T03:38:53","modified_gmt":"2026-04-15T00:38:53","slug":"matematik-herkes-icindir","status":"publish","type":"product","link":"https:\/\/roveyayinevi.com.tr\/index.php\/urun\/matematik-herkes-icindir\/","title":{"rendered":"Matematik Herkes \u0130\u00e7indir"},"content":{"rendered":"<p>Matemati\u011fin insani y\u00f6nlerine odaklanan bu kitap, d\u00e2hilik mitlerini y\u0131k\u0131yor. Matematik genellikle zor ve ula\u015f\u0131lmas\u0131 g\u00fc\u00e7 bir alan olarak g\u00f6r\u00fcl\u00fcr. Bir\u00e7ok insan, bu alan\u0131n \u00f6zel bir yetenek ya da genetik bir \u00fcst\u00fcnl\u00fck gerektirdi\u011fine inan\u0131r. Oysa tarih boyunca Descartes\u2019tanGrothendieck\u2019e kadar pek \u00e7ok b\u00fcy\u00fck matematik\u00e7i bu inanc\u0131   reddetmi\u015ftir. Albert Einstein da \u201c\u00f6zel bir yetene\u011fim yok\u201d diyerek, ba\u015far\u0131lar\u0131n\u0131n merak, hayal g\u00fcc\u00fc ve \u015f\u00fcpheyle m\u00fcmk\u00fcn oldu\u011funu belirtmi\u015ftir. Profes\u00f6r David Bessis, bizi \u00e7ocukken sahip oldu\u011fumuz zihinsel esnekli\u011fi yeniden ke\u015ffetmemizi sa\u011flayan bir yolculu\u011fa \u00e7\u0131kar\u0131yor. Basit ve g\u00fcnl\u00fck \u00f6rneklerle, matematiksel d\u00fc\u015f\u00fcnmenin konu\u015fmak, y\u00fcr\u00fcmek ya da ka\u015f\u0131kla yemek yemek gibi temel \u00f6\u011frenme s\u00fcre\u00e7lerinin bir par\u00e7as\u0131 oldu\u011funu g\u00f6steriyor. Matemati\u011fi karma\u015f\u0131k problemler yerine bedensel ve zihinsel bir deneyim olarak sunuyor. Bu yakla\u015f\u0131m yaln\u0131zca matemati\u011fe de\u011fil, zek\u00e2ya, sezgiye ve d\u00fc\u015f\u00fcnme bi\u00e7imimize dair bak\u0131\u015f a\u00e7\u0131m\u0131z\u0131 da de\u011fi\u015ftirebilir. <\/p>\n","protected":false},"excerpt":{"rendered":"<p>Matemati\u011fin insani y\u00f6nlerine odaklanan bu kitap, d\u00e2hilik mitlerini y\u0131k\u0131yor. Matematik genellikle zor ve ula\u015f\u0131lmas\u0131 g\u00fc\u00e7 bir alan olarak g\u00f6r\u00fcl\u00fcr. Bir\u00e7ok insan, bu alan\u0131n \u00f6zel bir yetenek<span class=\"excerpt-hellip\"> [\u2026]<\/span><\/p>\n","protected":false},"featured_media":0,"template":"","meta":{"_monsterinsights_skip_tracking":false,"_monsterinsights_sitenote_active":false,"_monsterinsights_sitenote_note":"","_monsterinsights_sitenote_category":0},"product_brand":[],"product_cat":[13005,13006],"product_tag":[],"class_list":{"0":"post-772644","1":"product","2":"type-product","3":"status-publish","5":"product_cat-bilim-muhendislik","6":"product_cat-populer-bilim","7":"pa_cilt-ciltsiz","8":"pa_tur-kitap","9":"pa_yayinevi-say-yayinlari","10":"pa_yazar-david-bessis","12":"first","13":"instock","14":"sale","15":"shipping-taxable","16":"purchasable","17":"product-type-simple"},"_links":{"self":[{"href":"https:\/\/roveyayinevi.com.tr\/index.php\/wp-json\/wp\/v2\/product\/772644","targetHints":{"allow":["GET"]}}],"collection":[{"href":"https:\/\/roveyayinevi.com.tr\/index.php\/wp-json\/wp\/v2\/product"}],"about":[{"href":"https:\/\/roveyayinevi.com.tr\/index.php\/wp-json\/wp\/v2\/types\/product"}],"wp:attachment":[{"href":"https:\/\/roveyayinevi.com.tr\/index.php\/wp-json\/wp\/v2\/media?parent=772644"}],"wp:term":[{"taxonomy":"product_brand","embeddable":true,"href":"https:\/\/roveyayinevi.com.tr\/index.php\/wp-json\/wp\/v2\/product_brand?post=772644"},{"taxonomy":"product_cat","embeddable":true,"href":"https:\/\/roveyayinevi.com.tr\/index.php\/wp-json\/wp\/v2\/product_cat?post=772644"},{"taxonomy":"product_tag","embeddable":true,"href":"https:\/\/roveyayinevi.com.tr\/index.php\/wp-json\/wp\/v2\/product_tag?post=772644"}],"curies":[{"name":"wp","href":"https:\/\/api.w.org\/{rel}","templated":true}]}}