{"id":772640,"date":"2025-08-28T15:47:23","date_gmt":"2025-08-28T12:47:23","guid":{"rendered":"https:\/\/roveyayinevi.com.tr\/index.php\/urun\/eve-varinca-haber-et\/"},"modified":"2026-04-03T03:30:32","modified_gmt":"2026-04-03T00:30:32","slug":"eve-varinca-haber-et","status":"publish","type":"product","link":"https:\/\/roveyayinevi.com.tr\/index.php\/urun\/eve-varinca-haber-et\/","title":{"rendered":"Eve Var\u0131nca Haber Et"},"content":{"rendered":"<p>En uzun gece olarak bilinir 21 Aral\u0131k. Oysaki onun ne su\u00e7u var? Yery\u00fcz\u00fcndeki her bir ki\u015finin en uzun gecesi birbirinden farkl\u0131. B\u00f6ylesi uzun gecelerde eve d\u00f6n\u00fc\u015f yolunu bulmak bazen zor olur.  Ama ekmek k\u0131r\u0131nt\u0131lar\u0131 varsa yolu daha kolay hat\u0131rlar\u0131z. Ben de kendi yaram\u0131 iyile\u015ftirirken yola ekmek k\u0131r\u0131nt\u0131lar\u0131 b\u0131rakt\u0131m. Olur da eve d\u00f6n\u00fc\u015f yolu i\u00e7in bir ba\u015fkas\u0131na umut olur diye. Biliyorum, hepimizin eve d\u00f6nme \u015fekli farkl\u0131 olsa da d\u00f6n\u00fc\u015f i\u00e7in yapmam\u0131z gerekenler temelde ayn\u0131! Dilerim yazd\u0131klar\u0131m seni \u00e7imdikleyerek burada ve h\u00e2l\u00e2 hayatta oldu\u011funu, \u0130stersen eskisinden de iyi olabilece\u011fini, evde seni \u00e7ok \u00f6nemli isimlerin bekledi\u011fini, yola \u00e7\u0131kmak i\u00e7in h\u00e2lihaz\u0131rda senin onu g\u00f6rmeni bekleyen cesaretini ve \u00f6z\u00fcn\u00fc hat\u0131rlats\u0131n sana! Bu kitapla beraber d\u00f6n\u00fc\u015f yolunda k\u0131r\u0131k bir ilahi de dinleyeceksin ayn\u0131 zamanda.  Hani Cioran diyor ya \u201cHer var olu\u015f, k\u0131r\u0131k bir ilahidir.\u201d \u2026 \u0130yi seyirler ve umut dolu yolculuklar.  Eve var\u0131nca haber et l\u00fctfen!<\/p>\n","protected":false},"excerpt":{"rendered":"<p>En uzun gece olarak bilinir 21 Aral\u0131k. Oysaki onun ne su\u00e7u var? Yery\u00fcz\u00fcndeki her bir ki\u015finin en uzun gecesi birbirinden farkl\u0131. B\u00f6ylesi uzun gecelerde eve d\u00f6n\u00fc\u015f<span class=\"excerpt-hellip\"> [\u2026]<\/span><\/p>\n","protected":false},"featured_media":0,"template":"","meta":{"_monsterinsights_skip_tracking":false,"_monsterinsights_sitenote_active":false,"_monsterinsights_sitenote_note":"","_monsterinsights_sitenote_category":0},"product_brand":[],"product_cat":[12364,12376],"product_tag":[],"class_list":{"0":"post-772640","1":"product","2":"type-product","3":"status-publish","5":"product_cat-genel-konular","6":"product_cat-kisisel-gelisim","7":"pa_cilt-ciltsiz","8":"pa_tur-kitap","9":"pa_yayinevi-eftalya-kitap","10":"pa_yazar-reyhan-yilmaz","12":"first","13":"instock","14":"sale","15":"shipping-taxable","16":"purchasable","17":"product-type-simple"},"_links":{"self":[{"href":"https:\/\/roveyayinevi.com.tr\/index.php\/wp-json\/wp\/v2\/product\/772640","targetHints":{"allow":["GET"]}}],"collection":[{"href":"https:\/\/roveyayinevi.com.tr\/index.php\/wp-json\/wp\/v2\/product"}],"about":[{"href":"https:\/\/roveyayinevi.com.tr\/index.php\/wp-json\/wp\/v2\/types\/product"}],"wp:attachment":[{"href":"https:\/\/roveyayinevi.com.tr\/index.php\/wp-json\/wp\/v2\/media?parent=772640"}],"wp:term":[{"taxonomy":"product_brand","embeddable":true,"href":"https:\/\/roveyayinevi.com.tr\/index.php\/wp-json\/wp\/v2\/product_brand?post=772640"},{"taxonomy":"product_cat","embeddable":true,"href":"https:\/\/roveyayinevi.com.tr\/index.php\/wp-json\/wp\/v2\/product_cat?post=772640"},{"taxonomy":"product_tag","embeddable":true,"href":"https:\/\/roveyayinevi.com.tr\/index.php\/wp-json\/wp\/v2\/product_tag?post=772640"}],"curies":[{"name":"wp","href":"https:\/\/api.w.org\/{rel}","templated":true}]}}