{"id":772638,"date":"2025-08-28T15:47:19","date_gmt":"2025-08-28T12:47:19","guid":{"rendered":"https:\/\/roveyayinevi.com.tr\/index.php\/urun\/oze-donusum\/"},"modified":"2026-04-15T03:38:52","modified_gmt":"2026-04-15T00:38:52","slug":"oze-donusum","status":"publish","type":"product","link":"https:\/\/roveyayinevi.com.tr\/index.php\/urun\/oze-donusum\/","title":{"rendered":"\u00d6ze D\u00f6n\u00fc\u015f\u00fcm"},"content":{"rendered":"<p>\u00d6ze D\u00f6n\u00fc\u015f\u00fcm, belki ya\u015fanm\u0131\u015f, belki de yaln\u0131zca hissedilmi\u015f bir hayat\u0131n derin yank\u0131lar\u0131n\u0131n kitab\u0131\u2026 Bir ba\u015fkas\u0131n\u0131n ac\u0131s\u0131n\u0131 kendi bedeninde ta\u015f\u0131yan, sessizliklerini sese, duygular\u0131n\u0131 ise kelimelere d\u00f6n\u00fc\u015ft\u00fcren bir y\u00fcre\u011fin samimi yolculu\u011fu.  Aidiyet, aile, sevgi, ac\u0131 ve umuda dair sat\u0131rlarda kendi i\u00e7 sesinizi duyacak, kalbinizin hi\u00e7 bilmedi\u011finiz k\u00f6\u015felerinde dola\u015facaks\u0131n\u0131z. Ya\u015fam\u0131n zorlu d\u00f6neme\u00e7lerinde aya\u011fa kalkma g\u00fcc\u00fcn\u00fc nas\u0131l bulabilece\u011fimizi anlatan bu eser, ge\u00e7mi\u015fin yaralar\u0131n\u0131 kabul ederek gelece\u011fe do\u011fru ad\u0131m atma cesaretini ilhamla sunuyor.  &#8220;Dipteyim,&#8221; dedi\u011finiz anlarda bile hayata tutunman\u0131n m\u00fcmk\u00fcn oldu\u011funu hat\u0131rlat\u0131yor ve i\u00e7inizdeki ger\u00e7ek g\u00fcc\u00fcn, sadece sizin ellerinizde oldu\u011funu f\u0131s\u0131ld\u0131yor.  Unutmay\u0131n: Kendinizi buldu\u011funuzda, d\u00fcnya da de\u011fi\u015fmeye ba\u015flayacak.<\/p>\n","protected":false},"excerpt":{"rendered":"<p>\u00d6ze D\u00f6n\u00fc\u015f\u00fcm, belki ya\u015fanm\u0131\u015f, belki de yaln\u0131zca hissedilmi\u015f bir hayat\u0131n derin yank\u0131lar\u0131n\u0131n kitab\u0131\u2026 Bir ba\u015fkas\u0131n\u0131n ac\u0131s\u0131n\u0131 kendi bedeninde ta\u015f\u0131yan, sessizliklerini sese, duygular\u0131n\u0131 ise kelimelere d\u00f6n\u00fc\u015ft\u00fcren bir<span class=\"excerpt-hellip\"> [\u2026]<\/span><\/p>\n","protected":false},"featured_media":0,"template":"","meta":{"_monsterinsights_skip_tracking":false,"_monsterinsights_sitenote_active":false,"_monsterinsights_sitenote_note":"","_monsterinsights_sitenote_category":0},"product_brand":[],"product_cat":[12364,12376],"product_tag":[],"class_list":{"0":"post-772638","1":"product","2":"type-product","3":"status-publish","5":"product_cat-genel-konular","6":"product_cat-kisisel-gelisim","7":"pa_cilt-ciltsiz","8":"pa_tur-kitap","9":"pa_yayinevi-eftalya-kitap","10":"pa_yazar-olcay-matpan","12":"first","13":"instock","14":"sale","15":"shipping-taxable","16":"purchasable","17":"product-type-simple"},"_links":{"self":[{"href":"https:\/\/roveyayinevi.com.tr\/index.php\/wp-json\/wp\/v2\/product\/772638","targetHints":{"allow":["GET"]}}],"collection":[{"href":"https:\/\/roveyayinevi.com.tr\/index.php\/wp-json\/wp\/v2\/product"}],"about":[{"href":"https:\/\/roveyayinevi.com.tr\/index.php\/wp-json\/wp\/v2\/types\/product"}],"wp:attachment":[{"href":"https:\/\/roveyayinevi.com.tr\/index.php\/wp-json\/wp\/v2\/media?parent=772638"}],"wp:term":[{"taxonomy":"product_brand","embeddable":true,"href":"https:\/\/roveyayinevi.com.tr\/index.php\/wp-json\/wp\/v2\/product_brand?post=772638"},{"taxonomy":"product_cat","embeddable":true,"href":"https:\/\/roveyayinevi.com.tr\/index.php\/wp-json\/wp\/v2\/product_cat?post=772638"},{"taxonomy":"product_tag","embeddable":true,"href":"https:\/\/roveyayinevi.com.tr\/index.php\/wp-json\/wp\/v2\/product_tag?post=772638"}],"curies":[{"name":"wp","href":"https:\/\/api.w.org\/{rel}","templated":true}]}}