{"id":772636,"date":"2025-08-28T15:47:14","date_gmt":"2025-08-28T12:47:14","guid":{"rendered":"https:\/\/roveyayinevi.com.tr\/index.php\/urun\/beni-kandiramaz\/"},"modified":"2026-04-15T03:38:52","modified_gmt":"2026-04-15T00:38:52","slug":"beni-kandiramaz","status":"publish","type":"product","link":"https:\/\/roveyayinevi.com.tr\/index.php\/urun\/beni-kandiramaz\/","title":{"rendered":"Beni Kand\u0131ramaz"},"content":{"rendered":"<p>Ben Asya. Bu kitapta, bizi kand\u0131rmak isteyen k\u00f6t\u00fc niyetli ki\u015filere kar\u015f\u0131 nas\u0131l uyan\u0131k olabilece\u011fimizi, \u015fifre g\u00fcvenli\u011finden sosyal medyaya, oyunlardan YouTube videolar\u0131na kadar pek \u00e7ok alanda \u00f6\u011frendiklerimi sizinle payla\u015f\u0131yorum. Telefon ve bilgisayar kullanan her \u00e7ocu\u011fun bu kitab\u0131 mutlaka okumas\u0131 gerekiyor. \u00c7\u00fcnk\u00fc burada yaz\u0131lanlar sayesinde sen de dijital d\u00fcnyan\u0131n tuzaklar\u0131na kar\u015f\u0131 bilgilenmi\u015f, g\u00fc\u00e7lenmi\u015f olacaks\u0131n. Art\u0131k seni kimse kand\u0131ramayacak!<\/p>\n","protected":false},"excerpt":{"rendered":"<p>Ben Asya. Bu kitapta, bizi kand\u0131rmak isteyen k\u00f6t\u00fc niyetli ki\u015filere kar\u015f\u0131 nas\u0131l uyan\u0131k olabilece\u011fimizi, \u015fifre g\u00fcvenli\u011finden sosyal medyaya, oyunlardan YouTube videolar\u0131na kadar pek \u00e7ok alanda \u00f6\u011frendiklerimi<span class=\"excerpt-hellip\"> [\u2026]<\/span><\/p>\n","protected":false},"featured_media":0,"template":"","meta":{"_monsterinsights_skip_tracking":false,"_monsterinsights_sitenote_active":false,"_monsterinsights_sitenote_note":"","_monsterinsights_sitenote_category":0},"product_brand":[],"product_cat":[12274,12284],"product_tag":[],"class_list":{"0":"post-772636","1":"product","2":"type-product","3":"status-publish","5":"product_cat-cocuk-ve-genclik-kitaplari","6":"product_cat-hikayeler","7":"pa_cilt-ciltsiz","8":"pa_tur-kitap","9":"pa_yayinevi-acayip-kitaplar","10":"pa_yazar-orhan-toker","12":"first","13":"instock","14":"sale","15":"shipping-taxable","16":"purchasable","17":"product-type-simple"},"_links":{"self":[{"href":"https:\/\/roveyayinevi.com.tr\/index.php\/wp-json\/wp\/v2\/product\/772636","targetHints":{"allow":["GET"]}}],"collection":[{"href":"https:\/\/roveyayinevi.com.tr\/index.php\/wp-json\/wp\/v2\/product"}],"about":[{"href":"https:\/\/roveyayinevi.com.tr\/index.php\/wp-json\/wp\/v2\/types\/product"}],"wp:attachment":[{"href":"https:\/\/roveyayinevi.com.tr\/index.php\/wp-json\/wp\/v2\/media?parent=772636"}],"wp:term":[{"taxonomy":"product_brand","embeddable":true,"href":"https:\/\/roveyayinevi.com.tr\/index.php\/wp-json\/wp\/v2\/product_brand?post=772636"},{"taxonomy":"product_cat","embeddable":true,"href":"https:\/\/roveyayinevi.com.tr\/index.php\/wp-json\/wp\/v2\/product_cat?post=772636"},{"taxonomy":"product_tag","embeddable":true,"href":"https:\/\/roveyayinevi.com.tr\/index.php\/wp-json\/wp\/v2\/product_tag?post=772636"}],"curies":[{"name":"wp","href":"https:\/\/api.w.org\/{rel}","templated":true}]}}