{"id":772635,"date":"2025-08-28T15:47:11","date_gmt":"2025-08-28T12:47:11","guid":{"rendered":"https:\/\/roveyayinevi.com.tr\/index.php\/urun\/babam-beni-sahdamarimdan-optu\/"},"modified":"2026-04-03T03:30:32","modified_gmt":"2026-04-03T00:30:32","slug":"babam-beni-sahdamarimdan-optu","status":"publish","type":"product","link":"https:\/\/roveyayinevi.com.tr\/index.php\/urun\/babam-beni-sahdamarimdan-optu\/","title":{"rendered":"Babam Beni \u015eahdamar\u0131mdan \u00d6pt\u00fc"},"content":{"rendered":"<p>Tekneleri ve y\u0131ld\u0131zlar\u0131 memleketi olarak g\u00f6renler, \u0131ss\u0131z yerlerde kendisi i\u00e7in evren olanlar, beklentisiz ve vaatsiz sevenler, yarg\u0131lamadan-yad\u0131rgamadan dinleyenler, \u201cSeni seviyorum\u201da kar\u015f\u0131l\u0131k \u201cBen de seni\u201d demek istemeyip alternatif \u201cBen de seni\u201dler \u00fcretenler&#8230; Islak iskele kokusunu sevmeler, bir \u015feyler, bir \u015feyler&#8230; <\/p>\n","protected":false},"excerpt":{"rendered":"<p>Tekneleri ve y\u0131ld\u0131zlar\u0131 memleketi olarak g\u00f6renler, \u0131ss\u0131z yerlerde kendisi i\u00e7in evren olanlar, beklentisiz ve vaatsiz sevenler, yarg\u0131lamadan-yad\u0131rgamadan dinleyenler, \u201cSeni seviyorum\u201da kar\u015f\u0131l\u0131k \u201cBen de seni\u201d demek istemeyip<span class=\"excerpt-hellip\"> [\u2026]<\/span><\/p>\n","protected":false},"featured_media":0,"template":"","meta":{"_monsterinsights_skip_tracking":false,"_monsterinsights_sitenote_active":false,"_monsterinsights_sitenote_note":"","_monsterinsights_sitenote_category":0},"product_brand":[],"product_cat":[12777,12291],"product_tag":[],"class_list":{"0":"post-772635","1":"product","2":"type-product","3":"status-publish","5":"product_cat-deneme","6":"product_cat-edebiyat","7":"pa_cilt-ciltsiz","8":"pa_tur-kitap","9":"pa_yayinevi-inkilap-kitabevi","10":"pa_yazar-ozan-onen","12":"first","13":"instock","14":"sale","15":"shipping-taxable","16":"purchasable","17":"product-type-simple"},"_links":{"self":[{"href":"https:\/\/roveyayinevi.com.tr\/index.php\/wp-json\/wp\/v2\/product\/772635","targetHints":{"allow":["GET"]}}],"collection":[{"href":"https:\/\/roveyayinevi.com.tr\/index.php\/wp-json\/wp\/v2\/product"}],"about":[{"href":"https:\/\/roveyayinevi.com.tr\/index.php\/wp-json\/wp\/v2\/types\/product"}],"wp:attachment":[{"href":"https:\/\/roveyayinevi.com.tr\/index.php\/wp-json\/wp\/v2\/media?parent=772635"}],"wp:term":[{"taxonomy":"product_brand","embeddable":true,"href":"https:\/\/roveyayinevi.com.tr\/index.php\/wp-json\/wp\/v2\/product_brand?post=772635"},{"taxonomy":"product_cat","embeddable":true,"href":"https:\/\/roveyayinevi.com.tr\/index.php\/wp-json\/wp\/v2\/product_cat?post=772635"},{"taxonomy":"product_tag","embeddable":true,"href":"https:\/\/roveyayinevi.com.tr\/index.php\/wp-json\/wp\/v2\/product_tag?post=772635"}],"curies":[{"name":"wp","href":"https:\/\/api.w.org\/{rel}","templated":true}]}}