{"id":772633,"date":"2025-08-28T15:47:07","date_gmt":"2025-08-28T12:47:07","guid":{"rendered":"https:\/\/roveyayinevi.com.tr\/index.php\/urun\/merkez-bankasi-ve-hazine\/"},"modified":"2026-04-15T03:38:52","modified_gmt":"2026-04-15T00:38:52","slug":"merkez-bankasi-ve-hazine","status":"publish","type":"product","link":"https:\/\/roveyayinevi.com.tr\/index.php\/urun\/merkez-bankasi-ve-hazine\/","title":{"rendered":"Merkez Bankas\u0131 ve Hazine"},"content":{"rendered":"<p>Merkez bankalar\u0131, milletlerin egemenlik simgesini temsil ederken piyasa ekonomilerinin de temel dinamiklerini olu\u015ftururlar.  T\u00fcm d\u00fcnyada oldu\u011fu gibi T\u00fcrkiye\u2019de de finansal sistemin istikrar\u0131n\u0131n olmazsa olmaz\u0131, olan merkez bankas\u0131, para politikalar\u0131n\u0131n uygulanmas\u0131nda da en etkili finansal kurumudur. Hazine, ana g\u00f6rev ise &#8220;\u00fclke kalk\u0131nmas\u0131na katk\u0131da bulunmak amac\u0131yla, ekonominin t\u00fcm akt\u00f6rleriyle i\u015fbirli\u011fi i\u00e7erisinde, \u015feffaf, hesap verebilir ve etkin bir \u015fekilde; kamu mali varl\u0131k ve y\u00fck\u00fcml\u00fcl\u00fcklerini y\u00f6netmek, ekonomik, finansal ve sekt\u00f6rel politikalar ile d\u00fczenlemeleri olu\u015fturmak, uygulamak, denetlemek ve uluslararas\u0131 ekonomik ili\u015fkilerin koordinasyonunu sa\u011flamak\u201d i\u00e7in \u00e7al\u0131\u015fma y\u00fcr\u00fct\u00fcr. Hazine 2018 y\u0131l\u0131n\u0131n ikinci yar\u0131s\u0131ndan bu yana hizmetlerini Hazine ve Maliye Bakanl\u0131\u011f\u0131 b\u00fcnyesinde s\u00fcrd\u00fcrmektedir.  Hazinenin TCMB\u2019nin hissedar\u0131 olmas\u0131n\u0131n yan\u0131 s\u0131ra T\u00fcrk Cumhuriyeti tarihi boyunca yollar\u0131 her zaman kesi\u015fmi\u015ftir. Merkez Bankas\u0131 ve Hazine bug\u00fcne gelinceye kadar d\u00fcnyada ve \u00fclke i\u00e7erisinde ekonomik, siyasal ve sosyal alanlarda ya\u015fanan sanc\u0131l\u0131 pek \u00e7ok s\u00fcrece m\u00fcdahil olmu\u015flard\u0131r. T\u00fcrkiye finansal yap\u0131s\u0131na y\u00f6n veren \u00fclkenin iki g\u00f6zde kurumu T\u00fcrkiye Cumhuriyet Merkez Bankas\u0131 ve Hazine finansal sistemimizin etkinli\u011fini ve i\u015flerli\u011fine y\u00f6n vermektedir. Merkez Bankas\u0131 ve Hazine kitab\u0131 ile T\u00fcrk ekonomisinin y\u00f6netiminde s\u00f6z sahibi olan en \u00f6nemli finansal akt\u00f6rlere mercek tutulmu\u015ftur. <\/p>\n","protected":false},"excerpt":{"rendered":"<p>Merkez bankalar\u0131, milletlerin egemenlik simgesini temsil ederken piyasa ekonomilerinin de temel dinamiklerini olu\u015ftururlar. T\u00fcm d\u00fcnyada oldu\u011fu gibi T\u00fcrkiye\u2019de de finansal sistemin istikrar\u0131n\u0131n olmazsa olmaz\u0131, olan merkez<span class=\"excerpt-hellip\"> [\u2026]<\/span><\/p>\n","protected":false},"featured_media":0,"template":"","meta":{"_monsterinsights_skip_tracking":false,"_monsterinsights_sitenote_active":false,"_monsterinsights_sitenote_note":"","_monsterinsights_sitenote_category":0},"product_brand":[],"product_cat":[17249,13043],"product_tag":[],"class_list":{"0":"post-772633","1":"product","2":"type-product","3":"status-publish","5":"product_cat-borsa-finans","6":"product_cat-ekonomi","7":"pa_cilt-ciltsiz","8":"pa_tur-kitap","9":"pa_yayinevi-astana-yayinlari","10":"pa_yazar-meltem-keskin","12":"first","13":"instock","14":"sale","15":"shipping-taxable","16":"purchasable","17":"product-type-simple"},"_links":{"self":[{"href":"https:\/\/roveyayinevi.com.tr\/index.php\/wp-json\/wp\/v2\/product\/772633","targetHints":{"allow":["GET"]}}],"collection":[{"href":"https:\/\/roveyayinevi.com.tr\/index.php\/wp-json\/wp\/v2\/product"}],"about":[{"href":"https:\/\/roveyayinevi.com.tr\/index.php\/wp-json\/wp\/v2\/types\/product"}],"wp:attachment":[{"href":"https:\/\/roveyayinevi.com.tr\/index.php\/wp-json\/wp\/v2\/media?parent=772633"}],"wp:term":[{"taxonomy":"product_brand","embeddable":true,"href":"https:\/\/roveyayinevi.com.tr\/index.php\/wp-json\/wp\/v2\/product_brand?post=772633"},{"taxonomy":"product_cat","embeddable":true,"href":"https:\/\/roveyayinevi.com.tr\/index.php\/wp-json\/wp\/v2\/product_cat?post=772633"},{"taxonomy":"product_tag","embeddable":true,"href":"https:\/\/roveyayinevi.com.tr\/index.php\/wp-json\/wp\/v2\/product_tag?post=772633"}],"curies":[{"name":"wp","href":"https:\/\/api.w.org\/{rel}","templated":true}]}}