{"id":772631,"date":"2025-08-28T15:47:04","date_gmt":"2025-08-28T12:47:04","guid":{"rendered":"https:\/\/roveyayinevi.com.tr\/index.php\/urun\/akilci-iyimser\/"},"modified":"2026-04-15T03:38:52","modified_gmt":"2026-04-15T00:38:52","slug":"akilci-iyimser","status":"publish","type":"product","link":"https:\/\/roveyayinevi.com.tr\/index.php\/urun\/akilci-iyimser\/","title":{"rendered":"Ak\u0131lc\u0131 \u0130yimser"},"content":{"rendered":"<p>Ekonomi tarihine dair c\u00fcretk\u00e2r ve k\u0131\u015fk\u0131rt\u0131c\u0131 yorumlar\u0131yla \u2122umut ekonomisi\u222bni savunmaya \u00e7al\u0131\u015fan Matt Ridley, bu \u00e7al\u0131\u015fmas\u0131nda insan refah\u0131 denilen \u015feyin ticaret, teknoloji, inovasyon ve de\u011fi\u015fimle olan muhtemel ili\u015fkisine kafa yoruyor. Uzun zamand\u0131r s\u00f6yleme h\u00fckmetmekte olan k\u00f6t\u00fcmserlerin kar\u015f\u0131s\u0131na dikilen Matt Ridley, meselenin esasen hakim s\u00f6yleme s\u0131\u011fmad\u0131\u011f\u0131n\u0131 g\u00f6steriyor ve g\u0131daya ula\u015fabilirlik, gelir durumu, ya\u015fam s\u00fcreleri, \u00f6l\u00fcm oranlar\u0131 gibi olgularla yola \u00e7\u0131k\u0131p ba\u015fka bir noktaya var\u0131yor. \u0130nsanl\u0131k tarihinin, ilk evrelerden internet evresine, her a\u015famas\u0131na e\u011filen bu ayd\u0131nlat\u0131c\u0131 kitap okura daha iyi bir d\u00fcnyaya dair umut a\u015f\u0131layacak.   \u2122Muhte\u015fem bir kitap&#8230; ekonomiyle ekolojiyi bir araya getiren kapsaml\u0131 bir sentez&#8230;\u222b \u2013George Gilder, National Review   \u2122Ak\u0131lc\u0131 \u0130yimser, ilham verici \u00f6zg\u00fcn fikirlerle dolu bir kitap. Entelekt\u00fcel ya\u015fama h\u00fckmeden gayriihtiyari k\u00f6t\u00fcmserli\u011fe kar\u015f\u0131 bu denli parlak ve kapsaml\u0131 tart\u0131\u015fmalar y\u00fcr\u00fcten bir kitap olmam\u0131\u015ft\u0131 hi\u00e7bir zaman.\u222b \u2013Ian McEwan   \u2122Feraset ve n\u00fckteyle dolu bu b\u00fcy\u00fcleyici kitap, iki kere d\u00fc\u015f\u00fcnmenize ve keyiflenmenize vesile olacak.\u222b \u2013Steven Pinker <\/p>\n","protected":false},"excerpt":{"rendered":"<p>Ekonomi tarihine dair c\u00fcretk\u00e2r ve k\u0131\u015fk\u0131rt\u0131c\u0131 yorumlar\u0131yla \u2122umut ekonomisi\u222bni savunmaya \u00e7al\u0131\u015fan Matt Ridley, bu \u00e7al\u0131\u015fmas\u0131nda insan refah\u0131 denilen \u015feyin ticaret, teknoloji, inovasyon ve de\u011fi\u015fimle olan muhtemel<span class=\"excerpt-hellip\"> [\u2026]<\/span><\/p>\n","protected":false},"featured_media":0,"template":"","meta":{"_monsterinsights_skip_tracking":false,"_monsterinsights_sitenote_active":false,"_monsterinsights_sitenote_note":"","_monsterinsights_sitenote_category":0},"product_brand":[],"product_cat":[13005],"product_tag":[],"class_list":{"0":"post-772631","1":"product","2":"type-product","3":"status-publish","5":"product_cat-bilim-muhendislik","6":"pa_cilt-ciltsiz","7":"pa_tur-kitap","8":"pa_yayinevi-alfa-yayinlari","9":"pa_yazar-matt-ridley","11":"first","12":"instock","13":"sale","14":"shipping-taxable","15":"purchasable","16":"product-type-simple"},"_links":{"self":[{"href":"https:\/\/roveyayinevi.com.tr\/index.php\/wp-json\/wp\/v2\/product\/772631","targetHints":{"allow":["GET"]}}],"collection":[{"href":"https:\/\/roveyayinevi.com.tr\/index.php\/wp-json\/wp\/v2\/product"}],"about":[{"href":"https:\/\/roveyayinevi.com.tr\/index.php\/wp-json\/wp\/v2\/types\/product"}],"wp:attachment":[{"href":"https:\/\/roveyayinevi.com.tr\/index.php\/wp-json\/wp\/v2\/media?parent=772631"}],"wp:term":[{"taxonomy":"product_brand","embeddable":true,"href":"https:\/\/roveyayinevi.com.tr\/index.php\/wp-json\/wp\/v2\/product_brand?post=772631"},{"taxonomy":"product_cat","embeddable":true,"href":"https:\/\/roveyayinevi.com.tr\/index.php\/wp-json\/wp\/v2\/product_cat?post=772631"},{"taxonomy":"product_tag","embeddable":true,"href":"https:\/\/roveyayinevi.com.tr\/index.php\/wp-json\/wp\/v2\/product_tag?post=772631"}],"curies":[{"name":"wp","href":"https:\/\/api.w.org\/{rel}","templated":true}]}}