{"id":772629,"date":"2025-08-28T15:46:29","date_gmt":"2025-08-28T12:46:29","guid":{"rendered":"https:\/\/roveyayinevi.com.tr\/index.php\/urun\/damla-damla-damitilmis-anilarim\/"},"modified":"2026-03-12T03:36:29","modified_gmt":"2026-03-12T00:36:29","slug":"damla-damla-damitilmis-anilarim","status":"publish","type":"product","link":"https:\/\/roveyayinevi.com.tr\/index.php\/urun\/damla-damla-damitilmis-anilarim\/","title":{"rendered":"Damla Damla Dam\u0131t\u0131lm\u0131\u015f An\u0131lar\u0131m"},"content":{"rendered":"<p>Gerilerde kald\u0131&#8230; \u00c7ok-\u00e7ok gerilerde kald\u0131&#8230; O g\u00fcnler; ne g\u00fczel g\u00fcnlerdi be! Yoksa o kadar g\u00fczel de\u011fildi de; Bize mi \u00f6yle geliyordu acaba? Hay\u0131r, hay\u0131r&#8230; Kim ne derse desin; g\u00fczel g\u00fcnlerdi o g\u00fcnler&#8230; Bug\u00fcn bana \u015f\u00f6yle bir soru sorsalar; \u201cO g\u00fcnler mi daha g\u00fczeldi, yoksa bug\u00fcnler mi?\u201d Hi\u00e7 teredd\u00fct etmeden; \u201cO eski g\u00fcnlerdi\u201d derim&#8230; \u0130ster sa\u00e7mal\u0131k deyin, ister budalal\u0131k; Vallahi ben o eski g\u00fcnlerimi \u00f6zledim! O g\u00fcnler; ne g\u00fczel g\u00fcnlerdi be&#8230; Yoksa; \u00fcst\u00fcm\u00fczde-ba\u015f\u0131m\u0131zda ve cebimizde meteli\u011fimiz yoktu! Ama; arkada\u015fl\u0131k, dostluk ve samimiyet, inan\u0131lmayacak kadar bol ve \u00e7oktu&#8230; <\/p>\n","protected":false},"excerpt":{"rendered":"<p>Gerilerde kald\u0131&#8230; \u00c7ok-\u00e7ok gerilerde kald\u0131&#8230; O g\u00fcnler; ne g\u00fczel g\u00fcnlerdi be! Yoksa o kadar g\u00fczel de\u011fildi de; Bize mi \u00f6yle geliyordu acaba? Hay\u0131r, hay\u0131r&#8230; Kim ne<span class=\"excerpt-hellip\"> [\u2026]<\/span><\/p>\n","protected":false},"featured_media":0,"template":"","meta":{"_monsterinsights_skip_tracking":false,"_monsterinsights_sitenote_active":false,"_monsterinsights_sitenote_note":"","_monsterinsights_sitenote_category":0},"product_brand":[],"product_cat":[13701,12291],"product_tag":[],"class_list":{"0":"post-772629","1":"product","2":"type-product","3":"status-publish","5":"product_cat-ani-mektup-gunluk","6":"product_cat-edebiyat","7":"pa_cilt-ciltsiz","8":"pa_tur-kitap","9":"pa_yayinevi-kirmizi-cati-yayinlari","10":"pa_yazar-saban-karakaya","12":"first","13":"instock","14":"sale","15":"shipping-taxable","16":"purchasable","17":"product-type-simple"},"_links":{"self":[{"href":"https:\/\/roveyayinevi.com.tr\/index.php\/wp-json\/wp\/v2\/product\/772629","targetHints":{"allow":["GET"]}}],"collection":[{"href":"https:\/\/roveyayinevi.com.tr\/index.php\/wp-json\/wp\/v2\/product"}],"about":[{"href":"https:\/\/roveyayinevi.com.tr\/index.php\/wp-json\/wp\/v2\/types\/product"}],"wp:attachment":[{"href":"https:\/\/roveyayinevi.com.tr\/index.php\/wp-json\/wp\/v2\/media?parent=772629"}],"wp:term":[{"taxonomy":"product_brand","embeddable":true,"href":"https:\/\/roveyayinevi.com.tr\/index.php\/wp-json\/wp\/v2\/product_brand?post=772629"},{"taxonomy":"product_cat","embeddable":true,"href":"https:\/\/roveyayinevi.com.tr\/index.php\/wp-json\/wp\/v2\/product_cat?post=772629"},{"taxonomy":"product_tag","embeddable":true,"href":"https:\/\/roveyayinevi.com.tr\/index.php\/wp-json\/wp\/v2\/product_tag?post=772629"}],"curies":[{"name":"wp","href":"https:\/\/api.w.org\/{rel}","templated":true}]}}