{"id":772628,"date":"2025-08-28T15:46:27","date_gmt":"2025-08-28T12:46:27","guid":{"rendered":"https:\/\/roveyayinevi.com.tr\/index.php\/urun\/belediyelerde-cocuklara-uygulanan-sosyal-politikalar\/"},"modified":"2026-03-12T03:36:29","modified_gmt":"2026-03-12T00:36:29","slug":"belediyelerde-cocuklara-uygulanan-sosyal-politikalar","status":"publish","type":"product","link":"https:\/\/roveyayinevi.com.tr\/index.php\/urun\/belediyelerde-cocuklara-uygulanan-sosyal-politikalar\/","title":{"rendered":"Belediyelerde  \u00c7ocuklara Uygulanan Sosyal Politikalar"},"content":{"rendered":"<p>Kentsel alanda \u00e7ocu\u011fun ya\u015fam standartlar\u0131n\u0131n y\u00fckseltilmesi ve mutlu bir \u00e7ocukluk d\u00f6neminin yarat\u0131labilmesi ad\u0131na belediyeler taraf\u0131ndan \u00e7ocuklara y\u00f6nelik yap\u0131lan sosyal politikalar \u00f6nem kazanmaktad\u0131r. Kentsel alanda \u00e7ocu\u011fun korunmas\u0131na y\u00f6nelik olarak belediyelere \u00f6nemli rol ve sorumluluklar d\u00fc\u015fmektedir. Belediyeler taraf\u0131ndan \u00e7ocuklar\u0131n ya\u015fam alanlar\u0131n\u0131n korunmas\u0131 ve geli\u015ftirilmesi gerekmektedir. Bu \u00e7er\u00e7evede T\u00fcrkiye\u2019 de belediyeler taraf\u0131ndan \u00e7ocuklara y\u00f6nelik sosyal politikalar \u00f6nem kazanm\u0131\u015ft\u0131r. Bir\u00e7ok belediye taraf\u0131ndan \u00e7ocuklara y\u00f6nelik sosyal alanlar\u0131n yarat\u0131lmas\u0131, \u00e7e\u015fitli destek ve yard\u0131mlar s\u00fcrekli olarak yap\u0131lmaktad\u0131r. Ara\u015ft\u0131rmada belediyelerdeki sosyal politikalar incelenerek \u00f6rnek belediyeler \u00e7er\u00e7evesinde \u00e7ocuklara y\u00f6nelik yap\u0131lan uygulamalar de\u011ferlendirilmi\u015ftir. <\/p>\n","protected":false},"excerpt":{"rendered":"<p>Kentsel alanda \u00e7ocu\u011fun ya\u015fam standartlar\u0131n\u0131n y\u00fckseltilmesi ve mutlu bir \u00e7ocukluk d\u00f6neminin yarat\u0131labilmesi ad\u0131na belediyeler taraf\u0131ndan \u00e7ocuklara y\u00f6nelik yap\u0131lan sosyal politikalar \u00f6nem kazanmaktad\u0131r. Kentsel alanda \u00e7ocu\u011fun korunmas\u0131na<span class=\"excerpt-hellip\"> [\u2026]<\/span><\/p>\n","protected":false},"featured_media":0,"template":"","meta":{"_monsterinsights_skip_tracking":false,"_monsterinsights_sitenote_active":false,"_monsterinsights_sitenote_note":"","_monsterinsights_sitenote_category":0},"product_brand":[],"product_cat":[12573,12566],"product_tag":[],"class_list":{"0":"post-772628","1":"product","2":"type-product","3":"status-publish","5":"product_cat-akademik-kitaplar","6":"product_cat-egitim","7":"pa_cilt-ciltsiz","8":"pa_tur-kitap","9":"pa_yayinevi-kirmizi-cati-yayinlari","10":"pa_yazar-sibel-topal-akyol","12":"first","13":"instock","14":"sale","15":"shipping-taxable","16":"purchasable","17":"product-type-simple"},"_links":{"self":[{"href":"https:\/\/roveyayinevi.com.tr\/index.php\/wp-json\/wp\/v2\/product\/772628","targetHints":{"allow":["GET"]}}],"collection":[{"href":"https:\/\/roveyayinevi.com.tr\/index.php\/wp-json\/wp\/v2\/product"}],"about":[{"href":"https:\/\/roveyayinevi.com.tr\/index.php\/wp-json\/wp\/v2\/types\/product"}],"wp:attachment":[{"href":"https:\/\/roveyayinevi.com.tr\/index.php\/wp-json\/wp\/v2\/media?parent=772628"}],"wp:term":[{"taxonomy":"product_brand","embeddable":true,"href":"https:\/\/roveyayinevi.com.tr\/index.php\/wp-json\/wp\/v2\/product_brand?post=772628"},{"taxonomy":"product_cat","embeddable":true,"href":"https:\/\/roveyayinevi.com.tr\/index.php\/wp-json\/wp\/v2\/product_cat?post=772628"},{"taxonomy":"product_tag","embeddable":true,"href":"https:\/\/roveyayinevi.com.tr\/index.php\/wp-json\/wp\/v2\/product_tag?post=772628"}],"curies":[{"name":"wp","href":"https:\/\/api.w.org\/{rel}","templated":true}]}}