{"id":772626,"date":"2025-08-28T15:46:24","date_gmt":"2025-08-28T12:46:24","guid":{"rendered":"https:\/\/roveyayinevi.com.tr\/index.php\/urun\/saglikhane-degil-ticarethane\/"},"modified":"2026-04-15T03:38:52","modified_gmt":"2026-04-15T00:38:52","slug":"saglikhane-degil-ticarethane","status":"publish","type":"product","link":"https:\/\/roveyayinevi.com.tr\/index.php\/urun\/saglikhane-degil-ticarethane\/","title":{"rendered":"Sa\u011fl\u0131khane De\u011fil Ticarethane"},"content":{"rendered":"<p>Sistemin Ma\u011fdurlar\u0131 Anlat\u0131yor Bir yeriniz a\u011fr\u0131d\u0131\u011f\u0131nda, kendinizi k\u00f6t\u00fc hissetti\u011finizde ilk ba\u015fvurdu\u011funuz yer olan \u201cAile Sa\u011fl\u0131\u011f\u0131 Merkezi\u201dnin i\u00e7inde neler ya\u015fan\u0131yor biliyor musunuz? \u0130\u00e7eride doktorundan hem\u015firesine, ebesinden paramedi\u011fine hepsi sa\u00e7\u0131n\u0131 ba\u015f\u0131n\u0131 yoluyor! Nas\u0131l yolmas\u0131n ki? Hem\u015firesi, ATT\u2019si, ebesi, paramedi\u011fi hi\u00e7biri sa\u011fl\u0131k\u00e7\u0131 say\u0131lm\u0131yor! \u015eifa bulmaya gitti\u011finiz doktorlar \u201cta\u015feron i\u015fverenler\u201d haline getirilmi\u015f! Bir tarafta kadrosuz, g\u00fcvencesiz, kimi zaman asgari \u00fccrete kimi zamansa asgari \u00fccretin yar\u0131s\u0131na \u00e7al\u0131\u015fmak zorunda kalan \u201cGrup Elemanlar\u0131\u201d! Di\u011fer tarafta ta\u015feron haline getirilen, kendisine verilen \u00fc\u00e7 kuru\u015f parayla \u201c\u00e7al\u0131\u015fan\u0131n maa\u015f\u0131n\u0131 m\u0131, binan\u0131n kiras\u0131n\u0131 m\u0131, elektrik, su, do\u011falgaz faturalar\u0131n\u0131 m\u0131 \u00f6deyece\u011fim, \u015f\u0131r\u0131ngas\u0131n\u0131 m\u0131 alaca\u011f\u0131m, sabununu mu?\u201d diye kara kara d\u00fc\u015f\u00fcnen \u201cAile Hekimi\u201d! Kimi zaman giderleri kendi cebinden \u00f6demek zorunda kalan aile hekiminin son yap\u0131lan d\u00fczenlemeyle art\u0131k kendisine gelmeyen hasta i\u00e7in de maa\u015f\u0131 kesilecek! Anlayaca\u011f\u0131n\u0131z \u015fifa bulmaya gitti\u011finiz \u201cAile Sa\u011fl\u0131\u011f\u0131 Merkezinde\u201d kimse mutlu de\u011fil! Nas\u0131l olsunlar ki? B\u00f6yle bir sistemde kim mutlu olabilir Allah a\u015fk\u0131na? \u0130\u015fte bu kitapta, 1980 sonras\u0131 esen liberalizm furyas\u0131 sonucu metala\u015ft\u0131r\u0131lan sa\u011fl\u0131\u011f\u0131n geldi\u011fi i\u00e7ler ac\u0131s\u0131 hali sistemin ma\u011fdurlar\u0131 anlat\u0131yor. Okurken her sat\u0131rda y\u00fcre\u011finiz daralacak, \u201cAile Sa\u011fl\u0131\u011f\u0131 Merkezi\u201dne gitti\u011finizde art\u0131k orada \u00e7al\u0131\u015fanlara farkl\u0131 bir g\u00f6zle bakacaks\u0131n\u0131z. Sizler i\u00e7in ne \u015fartlarda \u00e7al\u0131\u015ft\u0131klar\u0131na \u015fahit olacak, \u201csa\u011fl\u0131kta \u015fiddeti\u201d daha fazla k\u0131nayacaks\u0131n\u0131z.<\/p>\n","protected":false},"excerpt":{"rendered":"<p>Sistemin Ma\u011fdurlar\u0131 Anlat\u0131yor Bir yeriniz a\u011fr\u0131d\u0131\u011f\u0131nda, kendinizi k\u00f6t\u00fc hissetti\u011finizde ilk ba\u015fvurdu\u011funuz yer olan \u201cAile Sa\u011fl\u0131\u011f\u0131 Merkezi\u201dnin i\u00e7inde neler ya\u015fan\u0131yor biliyor musunuz? \u0130\u00e7eride doktorundan hem\u015firesine, ebesinden paramedi\u011fine<span class=\"excerpt-hellip\"> [\u2026]<\/span><\/p>\n","protected":false},"featured_media":0,"template":"","meta":{"_monsterinsights_skip_tracking":false,"_monsterinsights_sitenote_active":false,"_monsterinsights_sitenote_note":"","_monsterinsights_sitenote_category":0},"product_brand":[],"product_cat":[13365],"product_tag":[],"class_list":{"0":"post-772626","1":"product","2":"type-product","3":"status-publish","5":"product_cat-saglik","6":"pa_cilt-ciltsiz","7":"pa_tur-kitap","8":"pa_yayinevi-kirmizi-kedi-yayinevi","9":"pa_yazar-tolga-sahin","11":"first","12":"instock","13":"sale","14":"shipping-taxable","15":"purchasable","16":"product-type-simple"},"_links":{"self":[{"href":"https:\/\/roveyayinevi.com.tr\/index.php\/wp-json\/wp\/v2\/product\/772626","targetHints":{"allow":["GET"]}}],"collection":[{"href":"https:\/\/roveyayinevi.com.tr\/index.php\/wp-json\/wp\/v2\/product"}],"about":[{"href":"https:\/\/roveyayinevi.com.tr\/index.php\/wp-json\/wp\/v2\/types\/product"}],"wp:attachment":[{"href":"https:\/\/roveyayinevi.com.tr\/index.php\/wp-json\/wp\/v2\/media?parent=772626"}],"wp:term":[{"taxonomy":"product_brand","embeddable":true,"href":"https:\/\/roveyayinevi.com.tr\/index.php\/wp-json\/wp\/v2\/product_brand?post=772626"},{"taxonomy":"product_cat","embeddable":true,"href":"https:\/\/roveyayinevi.com.tr\/index.php\/wp-json\/wp\/v2\/product_cat?post=772626"},{"taxonomy":"product_tag","embeddable":true,"href":"https:\/\/roveyayinevi.com.tr\/index.php\/wp-json\/wp\/v2\/product_tag?post=772626"}],"curies":[{"name":"wp","href":"https:\/\/api.w.org\/{rel}","templated":true}]}}