{"id":772625,"date":"2025-08-28T15:46:22","date_gmt":"2025-08-28T12:46:22","guid":{"rendered":"https:\/\/roveyayinevi.com.tr\/index.php\/urun\/bu-hesapta-bir-gariplik-var\/"},"modified":"2026-04-15T03:38:52","modified_gmt":"2026-04-15T00:38:52","slug":"bu-hesapta-bir-gariplik-var","status":"publish","type":"product","link":"https:\/\/roveyayinevi.com.tr\/index.php\/urun\/bu-hesapta-bir-gariplik-var\/","title":{"rendered":"Bu Hesapta Bir Gariplik Var"},"content":{"rendered":"<p>Ceyhun Elgin lisans e\u011fitimini Bo\u011fazi\u00e7i \u00dcniversitesi\u2019nde tamamlad\u0131ktan sonra y\u00fcksek lisans\u0131n\u0131 (2009) ve doktoras\u0131n\u0131 (2010) ABD\u2019deki Minnesota \u00dcniversitesi\u2019nde tamamlad\u0131.  Bo\u011fazi\u00e7i \u00dcniversitesi \u0130ktisat B\u00f6l\u00fcm\u00fc\u2019nde profes\u00f6r olarak g\u00f6rev yapmakta olan Elgin akademik \u00e7al\u0131\u015fmalar\u0131nda \u00f6zellikle kay\u0131t d\u0131\u015f\u0131 ekonomi, kamu maliyesi ve makroekonomi konular\u0131na odaklanmaktad\u0131r. New York \u00dcniversitesi, Minnesota \u00dcniversitesi, Columbia \u00dcniversitesi ve Boston \u00dcniversitesi\u2019nde misafir \u00f6\u011fretim \u00fcyesi olarak dersler de veren Ceyhun Elgin akademik \u00e7al\u0131\u015fmalar\u0131n\u0131n yan\u0131 s\u0131ra ekonomiyle ilgilenen daha geni\u015f bir kitleye ula\u015fmak amac\u0131yla YouTube\u2019da \u201cKay\u0131t D\u0131\u015f\u0131 \u0130ktisat\u201d adl\u0131 kanal\u0131nda, iktisadi meseleleri herkesin anlayabilece\u011fi bir dille anlatmaktad\u0131r. Akademisyen, yazar Ceyhun Elgin\u2019in ekonomiyi t\u00fcm enstr\u00fcmanlar\u0131yla  \u2013kriz, faiz, enflasyon, yat\u0131r\u0131m, d\u00f6viz, kripto para, borsa, ye\u015fil ekonomi, kay\u0131t d\u0131\u015f\u0131, vergi, haks\u0131z kazan\u00e7 vs.\u2013 yal\u0131n bi\u00e7imde anlatt\u0131\u011f\u0131 bir ba\u015fucu kitab\u0131 Bu Hesapta Bir Gariplik Var: Ekonomi ile Kand\u0131r\u0131lmak. T\u00fcrkiye\u2019nin son y\u0131llarda ya\u015fad\u0131\u011f\u0131 derin ekonomik krizlerin yaratt\u0131\u011f\u0131 toplumsal tahribat\u0131 g\u00f6zlemleyen Elgin karma\u015f\u0131k ekonomi dilini olabildi\u011fince basit \u015fekilde, herkesin anlayabilece\u011fi hale getirirken akademik so\u011fukluktan uzak bir kitaba imza at\u0131yor. Ya\u015fad\u0131\u011f\u0131m\u0131z krizlerin \u201ctemel\u201d sebebini anlayaca\u011f\u0131n\u0131z, ileride ya\u015fanacak \u201ckrizleri\u201d ele\u015ftirel bir perspektiften yorumlaman\u0131z\u0131 sa\u011flayacak, okuruna alternatif \u00e7\u00f6z\u00fcmler sunan, literat\u00fcrdeki kaynak eksikli\u011fini gideren bir k\u0131lavuz \u00e7al\u0131\u015fma. <\/p>\n","protected":false},"excerpt":{"rendered":"<p>Ceyhun Elgin lisans e\u011fitimini Bo\u011fazi\u00e7i \u00dcniversitesi\u2019nde tamamlad\u0131ktan sonra y\u00fcksek lisans\u0131n\u0131 (2009) ve doktoras\u0131n\u0131 (2010) ABD\u2019deki Minnesota \u00dcniversitesi\u2019nde tamamlad\u0131. Bo\u011fazi\u00e7i \u00dcniversitesi \u0130ktisat B\u00f6l\u00fcm\u00fc\u2019nde profes\u00f6r olarak g\u00f6rev yapmakta<span class=\"excerpt-hellip\"> [\u2026]<\/span><\/p>\n","protected":false},"featured_media":0,"template":"","meta":{"_monsterinsights_skip_tracking":false,"_monsterinsights_sitenote_active":false,"_monsterinsights_sitenote_note":"","_monsterinsights_sitenote_category":0},"product_brand":[],"product_cat":[14841,13043],"product_tag":[],"class_list":{"0":"post-772625","1":"product","2":"type-product","3":"status-publish","5":"product_cat-arastirma-inceleme-kuram","6":"product_cat-ekonomi","7":"pa_cilt-ciltsiz","8":"pa_tur-kitap","9":"pa_yayinevi-kirmizi-kedi-yayinevi","10":"pa_yazar-ceyhun-elgin","12":"first","13":"instock","14":"sale","15":"shipping-taxable","16":"purchasable","17":"product-type-simple"},"_links":{"self":[{"href":"https:\/\/roveyayinevi.com.tr\/index.php\/wp-json\/wp\/v2\/product\/772625","targetHints":{"allow":["GET"]}}],"collection":[{"href":"https:\/\/roveyayinevi.com.tr\/index.php\/wp-json\/wp\/v2\/product"}],"about":[{"href":"https:\/\/roveyayinevi.com.tr\/index.php\/wp-json\/wp\/v2\/types\/product"}],"wp:attachment":[{"href":"https:\/\/roveyayinevi.com.tr\/index.php\/wp-json\/wp\/v2\/media?parent=772625"}],"wp:term":[{"taxonomy":"product_brand","embeddable":true,"href":"https:\/\/roveyayinevi.com.tr\/index.php\/wp-json\/wp\/v2\/product_brand?post=772625"},{"taxonomy":"product_cat","embeddable":true,"href":"https:\/\/roveyayinevi.com.tr\/index.php\/wp-json\/wp\/v2\/product_cat?post=772625"},{"taxonomy":"product_tag","embeddable":true,"href":"https:\/\/roveyayinevi.com.tr\/index.php\/wp-json\/wp\/v2\/product_tag?post=772625"}],"curies":[{"name":"wp","href":"https:\/\/api.w.org\/{rel}","templated":true}]}}