{"id":772624,"date":"2025-08-28T15:46:21","date_gmt":"2025-08-28T12:46:21","guid":{"rendered":"https:\/\/roveyayinevi.com.tr\/index.php\/urun\/kim-korkar-yapay-zekadan\/"},"modified":"2026-04-15T03:38:52","modified_gmt":"2026-04-15T00:38:52","slug":"kim-korkar-yapay-zekadan","status":"publish","type":"product","link":"https:\/\/roveyayinevi.com.tr\/index.php\/urun\/kim-korkar-yapay-zekadan\/","title":{"rendered":"Kim Korkar Yapay Zekadan"},"content":{"rendered":"<p>\u201cYapay zek\u00e2 i\u015finizi elinizden almaz. Ancak bu yeni teknolojiyi rahat\u00e7a kullanabilen ki\u015filer yak\u0131n gelecekte daha ba\u015far\u0131l\u0131 olacakt\u0131r.\u201d San Francisco ve Silikon Vadisi\u2019nde 20 y\u0131l\u0131 a\u015fk\u0131n bir s\u00fcre \u00fcst d\u00fczey y\u00f6neticilik yapan, Bo\u011fazi\u00e7i \u00dcniversitesi\u2019nde uygulamaya y\u00f6nelik yapay zek\u00e2 dersleri veren Ahmet Rasim \u00c7a\u011f\u0131n\u2019dan \u201cd\u00f6n\u00fc\u015f\u00fcm\u00fcn bir par\u00e7as\u0131\u201d olman\u0131z\u0131 sa\u011flayacak bir rehber kitap Kim Korkar Yapay Zek\u00e2dan: \u0130\u015f Hayat\u0131nda Yapay Zek\u00e2. Biraz biyografi, biraz yol rehberi ve biraz da \u00f6ng\u00f6r\u00fc kombinasyonu&#8230; Ahmet Rasim \u00c7a\u011f\u0131n yapay zek\u00e2n\u0131n \u00e7al\u0131\u015fma \u015fekil ve y\u00f6ntemlerimizi nas\u0131l d\u00f6n\u00fc\u015ft\u00fcrd\u00fc\u011f\u00fcne dair pratik bir ke\u015fif sunarken sahada 20 y\u0131l boyunca biriktirdiklerini de anlat\u0131yor. Bu kitap yapay zek\u00e2 hakk\u0131nda s\u00fcrekli bir \u015feyler duyup da \u201cBu nedir, nas\u0131l \u00e7al\u0131\u015f\u0131r?\u201d, \u201cYapay zek\u00e2 i\u015fimizi elimizden alacak m\u0131?\u201d ya da \u201cYapay zek\u00e2 benim i\u00e7in ne ifade eder?\u201d sorular\u0131n\u0131 soran herkes i\u00e7in yaz\u0131ld\u0131. Karma\u015f\u0131k kodlamalar\u0131 bilmenize veya daha karma\u015f\u0131k lineer cebir denklemleri \u00e7\u00f6zmenize gerek yok. Art\u0131k yapay zek\u00e2y\u0131 bir korku unsuru olarak de\u011fil, kullanabilece\u011finiz bir ara\u00e7 olarak g\u00f6receksiniz. <\/p>\n","protected":false},"excerpt":{"rendered":"<p>\u201cYapay zek\u00e2 i\u015finizi elinizden almaz. Ancak bu yeni teknolojiyi rahat\u00e7a kullanabilen ki\u015filer yak\u0131n gelecekte daha ba\u015far\u0131l\u0131 olacakt\u0131r.\u201d San Francisco ve Silikon Vadisi\u2019nde 20 y\u0131l\u0131 a\u015fk\u0131n bir<span class=\"excerpt-hellip\"> [\u2026]<\/span><\/p>\n","protected":false},"featured_media":0,"template":"","meta":{"_monsterinsights_skip_tracking":false,"_monsterinsights_sitenote_active":false,"_monsterinsights_sitenote_note":"","_monsterinsights_sitenote_category":0},"product_brand":[],"product_cat":[13005],"product_tag":[],"class_list":{"0":"post-772624","1":"product","2":"type-product","3":"status-publish","5":"product_cat-bilim-muhendislik","6":"pa_cilt-ciltsiz","7":"pa_tur-kitap","8":"pa_yayinevi-kirmizi-kedi-yayinevi","9":"pa_yazar-ahmet-rasim-cagin","11":"first","12":"instock","13":"sale","14":"shipping-taxable","15":"purchasable","16":"product-type-simple"},"_links":{"self":[{"href":"https:\/\/roveyayinevi.com.tr\/index.php\/wp-json\/wp\/v2\/product\/772624","targetHints":{"allow":["GET"]}}],"collection":[{"href":"https:\/\/roveyayinevi.com.tr\/index.php\/wp-json\/wp\/v2\/product"}],"about":[{"href":"https:\/\/roveyayinevi.com.tr\/index.php\/wp-json\/wp\/v2\/types\/product"}],"wp:attachment":[{"href":"https:\/\/roveyayinevi.com.tr\/index.php\/wp-json\/wp\/v2\/media?parent=772624"}],"wp:term":[{"taxonomy":"product_brand","embeddable":true,"href":"https:\/\/roveyayinevi.com.tr\/index.php\/wp-json\/wp\/v2\/product_brand?post=772624"},{"taxonomy":"product_cat","embeddable":true,"href":"https:\/\/roveyayinevi.com.tr\/index.php\/wp-json\/wp\/v2\/product_cat?post=772624"},{"taxonomy":"product_tag","embeddable":true,"href":"https:\/\/roveyayinevi.com.tr\/index.php\/wp-json\/wp\/v2\/product_tag?post=772624"}],"curies":[{"name":"wp","href":"https:\/\/api.w.org\/{rel}","templated":true}]}}