{"id":772621,"date":"2025-08-28T15:46:14","date_gmt":"2025-08-28T12:46:14","guid":{"rendered":"https:\/\/roveyayinevi.com.tr\/index.php\/urun\/mashle-5\/"},"modified":"2026-04-15T03:38:52","modified_gmt":"2026-04-15T00:38:52","slug":"mashle-5","status":"publish","type":"product","link":"https:\/\/roveyayinevi.com.tr\/index.php\/urun\/mashle-5\/","title":{"rendered":"Mashle 5"},"content":{"rendered":"<p>Mash ve arkada\u015flar\u0131, b\u00fcy\u00fck zaferin ard\u0131ndan kutlama havas\u0131na girmi\u015fken, g\u00f6lgeler aras\u0131ndan yeni bir tehdit beliriyor: Gizemli su\u00e7 \u00f6rg\u00fct\u00fc \u201c\u0130nnocent Zero!\u201d   Bir tarafta, karanl\u0131k b\u00fcy\u00fcc\u00fclerin ezici g\u00fcc\u00fc kar\u015f\u0131s\u0131nda yenilgiye d\u00fc\u015fen Abel, di\u011fer tarafta ise teredd\u00fct etmeden yumru\u011fuyla adaleti sa\u011flamaya devam eden Mash!   Bu s\u0131rada, Mash\u2019in b\u00fcy\u00fcy\u00fc alt eden fiziksel g\u00fcc\u00fc hakk\u0131nda dedikodular okul \u00e7ap\u0131nda h\u0131zla yay\u0131lmaya devam ediyor. \u015eimdi, onu yarg\u0131layacak bir b\u00fcy\u00fc mahkemesi kap\u0131da!<\/p>\n","protected":false},"excerpt":{"rendered":"<p>Mash ve arkada\u015flar\u0131, b\u00fcy\u00fck zaferin ard\u0131ndan kutlama havas\u0131na girmi\u015fken, g\u00f6lgeler aras\u0131ndan yeni bir tehdit beliriyor: Gizemli su\u00e7 \u00f6rg\u00fct\u00fc \u201c\u0130nnocent Zero!\u201d Bir tarafta, karanl\u0131k b\u00fcy\u00fcc\u00fclerin ezici g\u00fcc\u00fc<span class=\"excerpt-hellip\"> [\u2026]<\/span><\/p>\n","protected":false},"featured_media":0,"template":"","meta":{"_monsterinsights_skip_tracking":false,"_monsterinsights_sitenote_active":false,"_monsterinsights_sitenote_note":"","_monsterinsights_sitenote_category":0},"product_brand":[],"product_cat":[12416,12291],"product_tag":[],"class_list":{"0":"post-772621","1":"product","2":"type-product","3":"status-publish","5":"product_cat-cizgi-roman","6":"product_cat-edebiyat","7":"pa_cilt-ciltsiz","8":"pa_tur-kitap","9":"pa_yayinevi-akil-celen-kitaplar","10":"pa_yazar-hajime-komoto","12":"first","13":"instock","14":"sale","15":"shipping-taxable","16":"purchasable","17":"product-type-simple"},"_links":{"self":[{"href":"https:\/\/roveyayinevi.com.tr\/index.php\/wp-json\/wp\/v2\/product\/772621","targetHints":{"allow":["GET"]}}],"collection":[{"href":"https:\/\/roveyayinevi.com.tr\/index.php\/wp-json\/wp\/v2\/product"}],"about":[{"href":"https:\/\/roveyayinevi.com.tr\/index.php\/wp-json\/wp\/v2\/types\/product"}],"wp:attachment":[{"href":"https:\/\/roveyayinevi.com.tr\/index.php\/wp-json\/wp\/v2\/media?parent=772621"}],"wp:term":[{"taxonomy":"product_brand","embeddable":true,"href":"https:\/\/roveyayinevi.com.tr\/index.php\/wp-json\/wp\/v2\/product_brand?post=772621"},{"taxonomy":"product_cat","embeddable":true,"href":"https:\/\/roveyayinevi.com.tr\/index.php\/wp-json\/wp\/v2\/product_cat?post=772621"},{"taxonomy":"product_tag","embeddable":true,"href":"https:\/\/roveyayinevi.com.tr\/index.php\/wp-json\/wp\/v2\/product_tag?post=772621"}],"curies":[{"name":"wp","href":"https:\/\/api.w.org\/{rel}","templated":true}]}}