{"id":772620,"date":"2025-08-28T15:46:13","date_gmt":"2025-08-28T12:46:13","guid":{"rendered":"https:\/\/roveyayinevi.com.tr\/index.php\/urun\/goruldude-birakmak\/"},"modified":"2026-01-29T04:12:26","modified_gmt":"2026-01-29T01:12:26","slug":"goruldude-birakmak","status":"publish","type":"product","link":"https:\/\/roveyayinevi.com.tr\/index.php\/urun\/goruldude-birakmak\/","title":{"rendered":"G\u00f6r\u00fcld\u00fcde B\u0131rakmak"},"content":{"rendered":"<p>\u0130nternet ve sosyal medyan\u0131n k\u00fclt\u00fcrleri pek \u00e7ok bak\u0131mdan de\u011fi\u015ftirdi\u011fine ku\u015fku yoktur. Bu kitap, T\u00fcrkiye\u2019deki g\u00fcndelik ileti\u015fim k\u00fclt\u00fcr\u00fcndeki de\u011fi\u015fim sorununu medyatikle\u015fme kavram\u0131 ve medyatikle\u015fme kuramlar\u0131 \u00e7er\u00e7evesinde ve WhatsApp uygulamas\u0131n\u0131n kullan\u0131m\u0131 \u00f6rne\u011finde ele alan bir saha ara\u015ft\u0131rmas\u0131d\u0131r. Kitapta \u015fu sorulara cevap verilmektedir: Geleneksel y\u00fcz y\u00fcze ileti\u015fimin g\u00f6rg\u00fcs\u00fc medyatikle\u015fme etkisiyle ne t\u00fcr de\u011fi\u015fimler ge\u00e7irmektedir? WhatsApp \u00fczerinden ger\u00e7ekle\u015ftirilen ileti\u015fim yordamlar\u0131 bak\u0131m\u0131ndan gen\u00e7 ku\u015fak ile orta ya\u015f \u00fcst\u00fc kullan\u0131c\u0131lar aras\u0131nda bir anlay\u0131\u015f fark\u0131 var m\u0131? WhatsApp uygulamas\u0131nda ileti\u015fimin kendi g\u00f6rg\u00fc kurallar\u0131ndan s\u00f6z edebilir miyiz? Yazarlar hem 2000 y\u0131l\u0131 \u00f6ncesinde veya sonras\u0131nda do\u011fmu\u015f olman\u0131n hem de yaz\u0131l\u0131 k\u00fclt\u00fcr\u00fc i\u00e7selle\u015ftirmi\u015f olma\/olmama durumunun, g\u00fcndelik ileti\u015fim k\u00fclt\u00fcr\u00fcn\u00fcn medyatikle\u015fmesine dair deneyimleri farkl\u0131la\u015ft\u0131rd\u0131\u011f\u0131n\u0131 ileri s\u00fcrmektedirler&#8230; <\/p>\n","protected":false},"excerpt":{"rendered":"<p>\u0130nternet ve sosyal medyan\u0131n k\u00fclt\u00fcrleri pek \u00e7ok bak\u0131mdan de\u011fi\u015ftirdi\u011fine ku\u015fku yoktur. Bu kitap, T\u00fcrkiye\u2019deki g\u00fcndelik ileti\u015fim k\u00fclt\u00fcr\u00fcndeki de\u011fi\u015fim sorununu medyatikle\u015fme kavram\u0131 ve medyatikle\u015fme kuramlar\u0131 \u00e7er\u00e7evesinde ve<span class=\"excerpt-hellip\"> [\u2026]<\/span><\/p>\n","protected":false},"featured_media":0,"template":"","meta":{"_monsterinsights_skip_tracking":false,"_monsterinsights_sitenote_active":false,"_monsterinsights_sitenote_note":"","_monsterinsights_sitenote_category":0},"product_brand":[],"product_cat":[15983,13488],"product_tag":[],"class_list":{"0":"post-772620","1":"product","2":"type-product","3":"status-publish","5":"product_cat-iletisim-ve-medya","6":"product_cat-toplum-ve-insan","7":"pa_cilt-ciltsiz","8":"pa_tur-kitap","9":"pa_yayinevi-utopya-yayinevi","10":"pa_yazar-s-yetkin-isik-ayse-sert-gudul","12":"first","13":"instock","14":"sale","15":"shipping-taxable","16":"purchasable","17":"product-type-simple"},"_links":{"self":[{"href":"https:\/\/roveyayinevi.com.tr\/index.php\/wp-json\/wp\/v2\/product\/772620","targetHints":{"allow":["GET"]}}],"collection":[{"href":"https:\/\/roveyayinevi.com.tr\/index.php\/wp-json\/wp\/v2\/product"}],"about":[{"href":"https:\/\/roveyayinevi.com.tr\/index.php\/wp-json\/wp\/v2\/types\/product"}],"wp:attachment":[{"href":"https:\/\/roveyayinevi.com.tr\/index.php\/wp-json\/wp\/v2\/media?parent=772620"}],"wp:term":[{"taxonomy":"product_brand","embeddable":true,"href":"https:\/\/roveyayinevi.com.tr\/index.php\/wp-json\/wp\/v2\/product_brand?post=772620"},{"taxonomy":"product_cat","embeddable":true,"href":"https:\/\/roveyayinevi.com.tr\/index.php\/wp-json\/wp\/v2\/product_cat?post=772620"},{"taxonomy":"product_tag","embeddable":true,"href":"https:\/\/roveyayinevi.com.tr\/index.php\/wp-json\/wp\/v2\/product_tag?post=772620"}],"curies":[{"name":"wp","href":"https:\/\/api.w.org\/{rel}","templated":true}]}}