{"id":772619,"date":"2025-08-28T15:46:12","date_gmt":"2025-08-28T12:46:12","guid":{"rendered":"https:\/\/roveyayinevi.com.tr\/index.php\/urun\/varidat\/"},"modified":"2026-04-15T03:38:52","modified_gmt":"2026-04-15T00:38:52","slug":"varidat","status":"publish","type":"product","link":"https:\/\/roveyayinevi.com.tr\/index.php\/urun\/varidat\/","title":{"rendered":"Varidat"},"content":{"rendered":"<p>Bu kitapta, okuyucuya Osmanl\u0131 Devleti\u2019nin ilk d\u00f6nemlerinde yeti\u015fen, felsefe, f\u0131k\u0131h ve tasavvuf bilgini Simavna Kad\u0131s\u0131o\u011flu \u015eeyh Bedreddin\u2019in bilinen \u201cVarid\u00e2t\u201d adl\u0131 Arap\u00e7a eserinin terc\u00fcmesi sunulmaktad\u0131r. Sadece \u201cVarid\u00e2t\u201d adl\u0131 eserinin terc\u00fcmesinin okuyucuya sunulmas\u0131 ama\u00e7land\u0131\u011f\u0131ndan, \u015eeyh Bedreddin\u2019in hayat\u0131 ve di\u011fer eserleri konusunda ayr\u0131ca bilgi verilmemi\u015ftir. <\/p>\n","protected":false},"excerpt":{"rendered":"<p>Bu kitapta, okuyucuya Osmanl\u0131 Devleti\u2019nin ilk d\u00f6nemlerinde yeti\u015fen, felsefe, f\u0131k\u0131h ve tasavvuf bilgini Simavna Kad\u0131s\u0131o\u011flu \u015eeyh Bedreddin\u2019in bilinen \u201cVarid\u00e2t\u201d adl\u0131 Arap\u00e7a eserinin terc\u00fcmesi sunulmaktad\u0131r. Sadece \u201cVarid\u00e2t\u201d<span class=\"excerpt-hellip\"> [\u2026]<\/span><\/p>\n","protected":false},"featured_media":0,"template":"","meta":{"_monsterinsights_skip_tracking":false,"_monsterinsights_sitenote_active":false,"_monsterinsights_sitenote_note":"","_monsterinsights_sitenote_category":0},"product_brand":[],"product_cat":[12718,12719,15238],"product_tag":[],"class_list":{"0":"post-772619","1":"product","2":"type-product","3":"status-publish","5":"product_cat-din","6":"product_cat-islam","7":"product_cat-tasavvuf","8":"pa_cilt-ciltsiz","9":"pa_tur-kitap","10":"pa_yayinevi-sinirsiz-kitap","11":"pa_yazar-seyh-bedrettin","13":"first","14":"instock","15":"sale","16":"shipping-taxable","17":"purchasable","18":"product-type-simple"},"_links":{"self":[{"href":"https:\/\/roveyayinevi.com.tr\/index.php\/wp-json\/wp\/v2\/product\/772619","targetHints":{"allow":["GET"]}}],"collection":[{"href":"https:\/\/roveyayinevi.com.tr\/index.php\/wp-json\/wp\/v2\/product"}],"about":[{"href":"https:\/\/roveyayinevi.com.tr\/index.php\/wp-json\/wp\/v2\/types\/product"}],"wp:attachment":[{"href":"https:\/\/roveyayinevi.com.tr\/index.php\/wp-json\/wp\/v2\/media?parent=772619"}],"wp:term":[{"taxonomy":"product_brand","embeddable":true,"href":"https:\/\/roveyayinevi.com.tr\/index.php\/wp-json\/wp\/v2\/product_brand?post=772619"},{"taxonomy":"product_cat","embeddable":true,"href":"https:\/\/roveyayinevi.com.tr\/index.php\/wp-json\/wp\/v2\/product_cat?post=772619"},{"taxonomy":"product_tag","embeddable":true,"href":"https:\/\/roveyayinevi.com.tr\/index.php\/wp-json\/wp\/v2\/product_tag?post=772619"}],"curies":[{"name":"wp","href":"https:\/\/api.w.org\/{rel}","templated":true}]}}