{"id":772618,"date":"2025-08-28T15:46:09","date_gmt":"2025-08-28T12:46:09","guid":{"rendered":"https:\/\/roveyayinevi.com.tr\/index.php\/urun\/memocana-mektuplar\/"},"modified":"2026-04-15T03:38:52","modified_gmt":"2026-04-15T00:38:52","slug":"memocana-mektuplar","status":"publish","type":"product","link":"https:\/\/roveyayinevi.com.tr\/index.php\/urun\/memocana-mektuplar\/","title":{"rendered":"Memocan\u2019a Mektuplar"},"content":{"rendered":"<p>D\u00fc\u015f\u00fcnceler, e\u011fer i\u015fe yar\u0131yorlarsa, miras gibi gen\u00e7 ku\u015faklara aktar\u0131lmal\u0131 inanc\u0131nday\u0131m. Kimli\u011fimin daha iyi anla\u015f\u0131labilmesi amac\u0131yla, amat\u00f6rce yazd\u0131\u011f\u0131m ve kaybolmalar\u0131na g\u00f6nl\u00fcm\u00fcn raz\u0131 olmad\u0131\u011f\u0131 \u015fiirlerimi de \u00e7al\u0131\u015fmaya ekledim. Her \u015feyin bir sonu yoktur. Bir \u015fey biter, yeni her \u015fey biter!.. A\u015fk olmazsa olmaz.. A\u015fk ge\u00e7mi\u015fte vard\u0131, var ve var olmaya devam edecektir. Sahi a\u015fk yoksa insanlar neden ya\u015famak istesinler ki? <\/p>\n","protected":false},"excerpt":{"rendered":"<p>D\u00fc\u015f\u00fcnceler, e\u011fer i\u015fe yar\u0131yorlarsa, miras gibi gen\u00e7 ku\u015faklara aktar\u0131lmal\u0131 inanc\u0131nday\u0131m. Kimli\u011fimin daha iyi anla\u015f\u0131labilmesi amac\u0131yla, amat\u00f6rce yazd\u0131\u011f\u0131m ve kaybolmalar\u0131na g\u00f6nl\u00fcm\u00fcn raz\u0131 olmad\u0131\u011f\u0131 \u015fiirlerimi de \u00e7al\u0131\u015fmaya ekledim.<span class=\"excerpt-hellip\"> [\u2026]<\/span><\/p>\n","protected":false},"featured_media":0,"template":"","meta":{"_monsterinsights_skip_tracking":false,"_monsterinsights_sitenote_active":false,"_monsterinsights_sitenote_note":"","_monsterinsights_sitenote_category":0},"product_brand":[],"product_cat":[12777,12291],"product_tag":[],"class_list":{"0":"post-772618","1":"product","2":"type-product","3":"status-publish","5":"product_cat-deneme","6":"product_cat-edebiyat","7":"pa_cilt-ciltsiz","8":"pa_tur-kitap","9":"pa_yayinevi-sinirsiz-kitap","10":"pa_yazar-ahmet-hamdi-asik","12":"first","13":"instock","14":"sale","15":"shipping-taxable","16":"purchasable","17":"product-type-simple"},"_links":{"self":[{"href":"https:\/\/roveyayinevi.com.tr\/index.php\/wp-json\/wp\/v2\/product\/772618","targetHints":{"allow":["GET"]}}],"collection":[{"href":"https:\/\/roveyayinevi.com.tr\/index.php\/wp-json\/wp\/v2\/product"}],"about":[{"href":"https:\/\/roveyayinevi.com.tr\/index.php\/wp-json\/wp\/v2\/types\/product"}],"wp:attachment":[{"href":"https:\/\/roveyayinevi.com.tr\/index.php\/wp-json\/wp\/v2\/media?parent=772618"}],"wp:term":[{"taxonomy":"product_brand","embeddable":true,"href":"https:\/\/roveyayinevi.com.tr\/index.php\/wp-json\/wp\/v2\/product_brand?post=772618"},{"taxonomy":"product_cat","embeddable":true,"href":"https:\/\/roveyayinevi.com.tr\/index.php\/wp-json\/wp\/v2\/product_cat?post=772618"},{"taxonomy":"product_tag","embeddable":true,"href":"https:\/\/roveyayinevi.com.tr\/index.php\/wp-json\/wp\/v2\/product_tag?post=772618"}],"curies":[{"name":"wp","href":"https:\/\/api.w.org\/{rel}","templated":true}]}}