{"id":772617,"date":"2025-08-28T15:46:07","date_gmt":"2025-08-28T12:46:07","guid":{"rendered":"https:\/\/roveyayinevi.com.tr\/index.php\/urun\/magaradaki-kadin\/"},"modified":"2026-04-15T03:38:52","modified_gmt":"2026-04-15T00:38:52","slug":"magaradaki-kadin","status":"publish","type":"product","link":"https:\/\/roveyayinevi.com.tr\/index.php\/urun\/magaradaki-kadin\/","title":{"rendered":"Ma\u011faradaki Kad\u0131n"},"content":{"rendered":"<p>\u201cYazar, oturur yazar. Yazd\u0131\u011f\u0131d\u0131r t\u00fcm g\u00fcc\u00fc.\u201d Mehmet Ali Bulazar bu de\u011fi\u015fimin en sa\u011flam kan\u0131t\u0131. Oturup yaz\u0131yor\u2026 Yazd\u0131\u011f\u0131d\u0131r t\u00fcm g\u00fcc\u00fc. \u2026 Karakterlere \u00fcfledi\u011fi tinler ve olay \u00f6rg\u00fcs\u00fc, i\u00e7 hesapla\u015fma epikrizleri hi\u00e7 s\u0131radan de\u011fil, derin ve ola\u011fan\u00fcst\u00fc\u2026 \u0130nsan\u0131n \u00f6zg\u00fc\u00e7sel dokusu bildi\u011fi s\u00f6zc\u00fcklerdir. Bulazar\u2019\u0131n bildi\u011fi ve i\u00e7ini doldurdu\u011fu, anlam ve \u00f6yk\u00fc katt\u0131\u011f\u0131 s\u00f6zc\u00fckler pek \u00e7ok\u2026 Cazim G\u00fcrb\u00fcz <\/p>\n","protected":false},"excerpt":{"rendered":"<p>\u201cYazar, oturur yazar. Yazd\u0131\u011f\u0131d\u0131r t\u00fcm g\u00fcc\u00fc.\u201d Mehmet Ali Bulazar bu de\u011fi\u015fimin en sa\u011flam kan\u0131t\u0131. Oturup yaz\u0131yor\u2026 Yazd\u0131\u011f\u0131d\u0131r t\u00fcm g\u00fcc\u00fc. \u2026 Karakterlere \u00fcfledi\u011fi tinler ve olay \u00f6rg\u00fcs\u00fc,<span class=\"excerpt-hellip\"> [\u2026]<\/span><\/p>\n","protected":false},"featured_media":0,"template":"","meta":{"_monsterinsights_skip_tracking":false,"_monsterinsights_sitenote_active":false,"_monsterinsights_sitenote_note":"","_monsterinsights_sitenote_category":0},"product_brand":[],"product_cat":[12291,12711],"product_tag":[],"class_list":{"0":"post-772617","1":"product","2":"type-product","3":"status-publish","5":"product_cat-edebiyat","6":"product_cat-roman-oyku","7":"pa_cilt-ciltsiz","8":"pa_tur-kitap","9":"pa_yayinevi-sinirsiz-kitap","10":"pa_yazar-mehmet-ali-bulazar","12":"first","13":"instock","14":"sale","15":"shipping-taxable","16":"purchasable","17":"product-type-simple"},"_links":{"self":[{"href":"https:\/\/roveyayinevi.com.tr\/index.php\/wp-json\/wp\/v2\/product\/772617","targetHints":{"allow":["GET"]}}],"collection":[{"href":"https:\/\/roveyayinevi.com.tr\/index.php\/wp-json\/wp\/v2\/product"}],"about":[{"href":"https:\/\/roveyayinevi.com.tr\/index.php\/wp-json\/wp\/v2\/types\/product"}],"wp:attachment":[{"href":"https:\/\/roveyayinevi.com.tr\/index.php\/wp-json\/wp\/v2\/media?parent=772617"}],"wp:term":[{"taxonomy":"product_brand","embeddable":true,"href":"https:\/\/roveyayinevi.com.tr\/index.php\/wp-json\/wp\/v2\/product_brand?post=772617"},{"taxonomy":"product_cat","embeddable":true,"href":"https:\/\/roveyayinevi.com.tr\/index.php\/wp-json\/wp\/v2\/product_cat?post=772617"},{"taxonomy":"product_tag","embeddable":true,"href":"https:\/\/roveyayinevi.com.tr\/index.php\/wp-json\/wp\/v2\/product_tag?post=772617"}],"curies":[{"name":"wp","href":"https:\/\/api.w.org\/{rel}","templated":true}]}}