{"id":772614,"date":"2025-08-28T15:46:02","date_gmt":"2025-08-28T12:46:02","guid":{"rendered":"https:\/\/roveyayinevi.com.tr\/index.php\/urun\/sporda-kavramsal-bakis-2024\/"},"modified":"2026-04-15T03:38:52","modified_gmt":"2026-04-15T00:38:52","slug":"sporda-kavramsal-bakis-2024","status":"publish","type":"product","link":"https:\/\/roveyayinevi.com.tr\/index.php\/urun\/sporda-kavramsal-bakis-2024\/","title":{"rendered":"Sporda Kavramsal Bak\u0131\u015f 2024"},"content":{"rendered":"<p>\u0130\u00e7indekiler :     SPOR EKONOM\u0130S\u0130 KONULU ARA\u015eTIRMALARIN B\u0130L\u0130M HAR\u0130TALAMA TEKN\u0130KLER\u0130 \u0130LE B\u0130BL\u0130YOMETR\u0130K ANAL\u0130Z\u0130   MODERN OL\u0130MP\u0130YATLAR   EL\u0130T SEV\u0130YEDEK\u0130 TAKIM SPORCULARININ SEZON BA\u015eI GENEL HAZIRLIK D\u00d6NEM\u0130NDE SOLUNUM FONKS\u0130YONLARININ KAR\u015eILA\u015eTIRILMASI   YE\u015e\u0130L EGZERS\u0130Z   EGZERSiZ BA\u011eIMLILI\u011eININ OLMAMASI DURUMUNUN \u0130NCELENMES\u0130NE Y\u00d6NEL\u0130K DENEYSEL B\u0130R YAKLA\u015eIM   REKREASYON B\u0130R END\u00dcSTR\u0130M\u0130?   SOSYAL POL\u0130T\u0130KA UYGULAMALARINDA SPORUN \u0130NSANLARI TOPLUMA ENTEGRE G\u00d6REV\u0130     SPOR FELSEFES\u0130N\u0130N \u0130LK \u00c7A\u011e D\u00dc\u015e\u00dcNCE TAR\u0130H\u0130NDEK\u0130 TEMELLER\u0130   SANAY\u0130 DEVR\u0130M\u0130 VE BUHARLI MAK\u0130NELER\u0130N REKREASYONA ETK\u0130S\u0130   AKUT KU\u015eBURNU SUYU TAKV\u0130YES\u0130N\u0130N AD\u00d6LESAN TAKIM SPORCULARININ KALP ATI\u015e HIZINA ETK\u0130S\u0130   SPOR B\u0130L\u0130MLER\u0130 \u00d6\u011eRENC\u0130LER\u0130N\u0130N BESLENME ALI\u015eKANLIKLARININ BEL\u0130RLENMES\u0130   PL\u0130OMETR\u0130K ANTRENMAN KAVRAMI VE UYGULAMALARI <\/p>\n","protected":false},"excerpt":{"rendered":"<p>\u0130\u00e7indekiler : SPOR EKONOM\u0130S\u0130 KONULU ARA\u015eTIRMALARIN B\u0130L\u0130M HAR\u0130TALAMA TEKN\u0130KLER\u0130 \u0130LE B\u0130BL\u0130YOMETR\u0130K ANAL\u0130Z\u0130 MODERN OL\u0130MP\u0130YATLAR EL\u0130T SEV\u0130YEDEK\u0130 TAKIM SPORCULARININ SEZON BA\u015eI GENEL HAZIRLIK D\u00d6NEM\u0130NDE SOLUNUM FONKS\u0130YONLARININ KAR\u015eILA\u015eTIRILMASI<span class=\"excerpt-hellip\"> [\u2026]<\/span><\/p>\n","protected":false},"featured_media":0,"template":"","meta":{"_monsterinsights_skip_tracking":false,"_monsterinsights_sitenote_active":false,"_monsterinsights_sitenote_note":"","_monsterinsights_sitenote_category":0},"product_brand":[],"product_cat":[15563,15564],"product_tag":[],"class_list":{"0":"post-772614","1":"product","2":"type-product","3":"status-publish","5":"product_cat-hobi","6":"product_cat-spor","7":"pa_cilt-ciltsiz","8":"pa_tur-kitap","9":"pa_yayinevi-gazi-kitabevi","10":"pa_yazar-kolektif","12":"first","13":"instock","14":"sale","15":"shipping-taxable","16":"purchasable","17":"product-type-simple"},"_links":{"self":[{"href":"https:\/\/roveyayinevi.com.tr\/index.php\/wp-json\/wp\/v2\/product\/772614","targetHints":{"allow":["GET"]}}],"collection":[{"href":"https:\/\/roveyayinevi.com.tr\/index.php\/wp-json\/wp\/v2\/product"}],"about":[{"href":"https:\/\/roveyayinevi.com.tr\/index.php\/wp-json\/wp\/v2\/types\/product"}],"wp:attachment":[{"href":"https:\/\/roveyayinevi.com.tr\/index.php\/wp-json\/wp\/v2\/media?parent=772614"}],"wp:term":[{"taxonomy":"product_brand","embeddable":true,"href":"https:\/\/roveyayinevi.com.tr\/index.php\/wp-json\/wp\/v2\/product_brand?post=772614"},{"taxonomy":"product_cat","embeddable":true,"href":"https:\/\/roveyayinevi.com.tr\/index.php\/wp-json\/wp\/v2\/product_cat?post=772614"},{"taxonomy":"product_tag","embeddable":true,"href":"https:\/\/roveyayinevi.com.tr\/index.php\/wp-json\/wp\/v2\/product_tag?post=772614"}],"curies":[{"name":"wp","href":"https:\/\/api.w.org\/{rel}","templated":true}]}}