{"id":772612,"date":"2025-08-28T15:45:59","date_gmt":"2025-08-28T12:45:59","guid":{"rendered":"https:\/\/roveyayinevi.com.tr\/index.php\/urun\/anadoludan-dunyaya-yayilan-irfan-mirasi-turk-islam-tarihinde-ahilik\/"},"modified":"2025-08-31T21:41:16","modified_gmt":"2025-08-31T18:41:16","slug":"anadoludan-dunyaya-yayilan-irfan-mirasi-turk-islam-tarihinde-ahilik","status":"publish","type":"product","link":"https:\/\/roveyayinevi.com.tr\/index.php\/urun\/anadoludan-dunyaya-yayilan-irfan-mirasi-turk-islam-tarihinde-ahilik\/","title":{"rendered":"Anadolu\u2019dan D\u00fcnyaya Yay\u0131lan \u0130rfan Miras\u0131 T\u00fcrk-\u0130slam Tarihinde Ahilik"},"content":{"rendered":"<p>1. AH\u0130L\u0130K ANLAYI\u015eI          2. AH\u0130L\u0130K VE E\u011e\u0130T\u0130M          3. AH\u0130L\u0130K TEMEL KAYNAKLARI          4. T\u00dcRK- \u0130SLAM TARH\u0130NDE AH\u0130L\u0130K <\/p>\n","protected":false},"excerpt":{"rendered":"<p>1. AH\u0130L\u0130K ANLAYI\u015eI 2. AH\u0130L\u0130K VE E\u011e\u0130T\u0130M 3. AH\u0130L\u0130K TEMEL KAYNAKLARI 4. T\u00dcRK- \u0130SLAM TARH\u0130NDE AH\u0130L\u0130K<\/p>\n","protected":false},"featured_media":0,"template":"","meta":{"_monsterinsights_skip_tracking":false,"_monsterinsights_sitenote_active":false,"_monsterinsights_sitenote_note":"","_monsterinsights_sitenote_category":0},"product_brand":[],"product_cat":[12718,12719],"product_tag":[],"class_list":{"0":"post-772612","1":"product","2":"type-product","3":"status-publish","5":"product_cat-din","6":"product_cat-islam","7":"pa_cilt-ciltsiz","8":"pa_tur-kitap","9":"pa_yayinevi-gazi-kitabevi","10":"pa_yazar-vesile-semsek","12":"first","13":"instock","14":"sale","15":"shipping-taxable","16":"purchasable","17":"product-type-simple"},"_links":{"self":[{"href":"https:\/\/roveyayinevi.com.tr\/index.php\/wp-json\/wp\/v2\/product\/772612","targetHints":{"allow":["GET"]}}],"collection":[{"href":"https:\/\/roveyayinevi.com.tr\/index.php\/wp-json\/wp\/v2\/product"}],"about":[{"href":"https:\/\/roveyayinevi.com.tr\/index.php\/wp-json\/wp\/v2\/types\/product"}],"wp:attachment":[{"href":"https:\/\/roveyayinevi.com.tr\/index.php\/wp-json\/wp\/v2\/media?parent=772612"}],"wp:term":[{"taxonomy":"product_brand","embeddable":true,"href":"https:\/\/roveyayinevi.com.tr\/index.php\/wp-json\/wp\/v2\/product_brand?post=772612"},{"taxonomy":"product_cat","embeddable":true,"href":"https:\/\/roveyayinevi.com.tr\/index.php\/wp-json\/wp\/v2\/product_cat?post=772612"},{"taxonomy":"product_tag","embeddable":true,"href":"https:\/\/roveyayinevi.com.tr\/index.php\/wp-json\/wp\/v2\/product_tag?post=772612"}],"curies":[{"name":"wp","href":"https:\/\/api.w.org\/{rel}","templated":true}]}}