{"id":772609,"date":"2025-08-28T15:45:53","date_gmt":"2025-08-28T12:45:53","guid":{"rendered":"https:\/\/roveyayinevi.com.tr\/index.php\/urun\/gazze-felaketi\/"},"modified":"2026-04-15T03:38:52","modified_gmt":"2026-04-15T00:38:52","slug":"gazze-felaketi","status":"publish","type":"product","link":"https:\/\/roveyayinevi.com.tr\/index.php\/urun\/gazze-felaketi\/","title":{"rendered":"Gazze Felaketi"},"content":{"rendered":"<p>7 Ekim 2023\u2019ten bu yana Filistin\u2019de ya\u015fananlar d\u00fcnyan\u0131n her yan\u0131nda b\u00fcy\u00fck yank\u0131lar uyand\u0131rd\u0131. Hamas\u2019\u0131n \u0130srail\u2019e sald\u0131r\u0131s\u0131, y\u0131llard\u0131r i\u015fgal alt\u0131nda ya\u015fayan Filistin halk\u0131n\u0131n u\u011frad\u0131\u011f\u0131 zul\u00fcmleri ve a\u011f\u0131r bask\u0131lar\u0131 unutturup Gazze\u2019ye yap\u0131lan sald\u0131r\u0131y\u0131 me\u015frula\u015ft\u0131ran bir zemine ta\u015f\u0131makta. Elli bin ki\u015fiyi a\u015fk\u0131n insan\u0131n \u00f6ld\u00fcr\u00fcld\u00fc\u011f\u00fc Gazze\u2019de y\u00fcr\u00fct\u00fclen soyk\u0131r\u0131mc\u0131 sava\u015f\u0131 ele\u015ftirenler antisemitist olmakla su\u00e7lan\u0131yor. Buna ra\u011fmen gerek Bat\u0131 toplumlar\u0131nda gerek G\u00fcney Yar\u0131k\u00fcrede s\u00f6m\u00fcrgecili\u011fe, i\u015fgale, insanl\u0131k onurunu hi\u00e7e sayan su\u00e7lara verilen tepkiler \u00e7\u0131\u011f gibi art\u0131yor.   \u0130\u015fte elinizdeki kitap da Gazze soyk\u0131r\u0131m\u0131n\u0131, d\u00fcnya ve b\u00f6lge tarihinde yeni bir solukla anlamland\u0131rman\u0131n ipu\u00e7lar\u0131n\u0131 sunuyor. Emperyalist g\u00fc\u00e7lerin \u0130srail devletine y\u00f6neltilen her ele\u015ftiriyi antisemitizm olarak su\u00e7lay\u0131p bo\u011fma \u00e7abalar\u0131na inat Filistin\u2019deki direnci s\u00f6m\u00fcrgecili\u011fe, bask\u0131ya, apartheide ve soyk\u0131r\u0131ma kar\u015f\u0131 verilen bir m\u00fccadele olarak \u00f6ne \u00e7\u0131kar\u0131yor. Bunun yan\u0131nda okura Filistin meselesinin tarihi ge\u00e7mi\u015fini, Siyonizmin k\u00f6kenlerini ve \u0130srail devletinin b\u00f6lgedeki sicilini de aktararak tarihsel bir arka plan sunuyor. 7 Ekim 2023\u2019ten sonra ya\u015fananlar\u0131 bu tarihsel ve kavramsal \u00e7er\u00e7eveyle ele alan kitap, Gazze\u2019de olanlar\u0131 kavramak i\u00e7in de\u011ferli bir kaynak. A\u015f\u0131r\u0131 sa\u011f\u0131n d\u00fcnya genelinde y\u00fckseli\u015fiyle Bat\u0131 liberalizminin gerileyi\u015fini de arka plana yerle\u015ftirerek Gazze\u2019de olanlar\u0131 hem yerel hem de k\u00fcresel \u00f6l\u00e7ekte de\u011ferlendirmemizi sa\u011flayan de\u011ferli bir makaleler b\u00fct\u00fcn\u00fc.   Gazze\u2019de ya\u015fananlar\u0131n, yar\u0131n t\u00fcm d\u00fcnyay\u0131 etkisine alacak \u0131rk\u00e7\u0131, a\u015f\u0131r\u0131 sa\u011fc\u0131, dinci \u015fiddetin kendisini a\u00e7\u0131\u011fa serdi\u011fi yer oldu\u011funu g\u00f6r\u00fcyoruz. Umar\u0131z ki bu kitapta yaz\u0131lanlar, Gazze\u2019nin d\u00fcnya tarihinde habercisi oldu\u011fu ve \u0130kinci D\u00fcnya Sava\u015f\u0131\u2019ndan \u00f6nceki g\u00fcnlere benzer korkun\u00e7 d\u00f6nemi anlay\u0131p \u00f6nlemler almam\u0131za katk\u0131 sa\u011flar. <\/p>\n","protected":false},"excerpt":{"rendered":"<p>7 Ekim 2023\u2019ten bu yana Filistin\u2019de ya\u015fananlar d\u00fcnyan\u0131n her yan\u0131nda b\u00fcy\u00fck yank\u0131lar uyand\u0131rd\u0131. Hamas\u2019\u0131n \u0130srail\u2019e sald\u0131r\u0131s\u0131, y\u0131llard\u0131r i\u015fgal alt\u0131nda ya\u015fayan Filistin halk\u0131n\u0131n u\u011frad\u0131\u011f\u0131 zul\u00fcmleri ve a\u011f\u0131r<span class=\"excerpt-hellip\"> [\u2026]<\/span><\/p>\n","protected":false},"featured_media":0,"template":"","meta":{"_monsterinsights_skip_tracking":false,"_monsterinsights_sitenote_active":false,"_monsterinsights_sitenote_note":"","_monsterinsights_sitenote_category":0},"product_brand":[],"product_cat":[12370,12304],"product_tag":[],"class_list":{"0":"post-772609","1":"product","2":"type-product","3":"status-publish","5":"product_cat-arastirma-inceleme","6":"product_cat-tarih","7":"pa_cilt-ciltsiz","8":"pa_tur-kitap","9":"pa_yayinevi-ayrinti-yayinlari","10":"pa_yazar-gilbert-achcar","12":"first","13":"instock","14":"sale","15":"shipping-taxable","16":"purchasable","17":"product-type-simple"},"_links":{"self":[{"href":"https:\/\/roveyayinevi.com.tr\/index.php\/wp-json\/wp\/v2\/product\/772609","targetHints":{"allow":["GET"]}}],"collection":[{"href":"https:\/\/roveyayinevi.com.tr\/index.php\/wp-json\/wp\/v2\/product"}],"about":[{"href":"https:\/\/roveyayinevi.com.tr\/index.php\/wp-json\/wp\/v2\/types\/product"}],"wp:attachment":[{"href":"https:\/\/roveyayinevi.com.tr\/index.php\/wp-json\/wp\/v2\/media?parent=772609"}],"wp:term":[{"taxonomy":"product_brand","embeddable":true,"href":"https:\/\/roveyayinevi.com.tr\/index.php\/wp-json\/wp\/v2\/product_brand?post=772609"},{"taxonomy":"product_cat","embeddable":true,"href":"https:\/\/roveyayinevi.com.tr\/index.php\/wp-json\/wp\/v2\/product_cat?post=772609"},{"taxonomy":"product_tag","embeddable":true,"href":"https:\/\/roveyayinevi.com.tr\/index.php\/wp-json\/wp\/v2\/product_tag?post=772609"}],"curies":[{"name":"wp","href":"https:\/\/api.w.org\/{rel}","templated":true}]}}