{"id":772608,"date":"2025-08-28T15:45:51","date_gmt":"2025-08-28T12:45:51","guid":{"rendered":"https:\/\/roveyayinevi.com.tr\/index.php\/urun\/divan-11\/"},"modified":"2026-04-15T03:38:52","modified_gmt":"2026-04-15T00:38:52","slug":"divan-11","status":"publish","type":"product","link":"https:\/\/roveyayinevi.com.tr\/index.php\/urun\/divan-11\/","title":{"rendered":"Divan"},"content":{"rendered":"<p>Yazanlar peykeru\u0308m, destu\u0308mde bir peym\u00e2ne yazm\u0131\u015flar \/ Vu\u0308cudumu yazanlar elimde bir kadeh yazm\u0131\u015flar G\u00f6ru\u0308p mest-i mey-i a\u015fk oldu\u011fum, mest\u00e2ne yazm\u0131\u015flar \/ A\u015fk meyi sarho\u015fu oldu\u011fumu g\u00f6ru\u0308p mest\u00e2ne yazm\u0131\u015flar Ba\u00f1a tekl\u00eef-i zu\u0308hd itmezdi idr\u00e2k olsa z\u00e2hidde \/ Z\u00e2hidde idr\u00e2k olsa, bana z\u00e2hidlik teklif etmezdi Yazuklar kim an\u0131 \u00e2kil, beni d\u00eev\u00e2ne yazm\u0131\u015flar \/Yaz\u0131klar olsun! Onu ak\u0131ll\u0131, beni d\u00eev\u00e2ne yazm\u0131\u015flar <\/p>\n","protected":false},"excerpt":{"rendered":"<p>Yazanlar peykeru\u0308m, destu\u0308mde bir peym\u00e2ne yazm\u0131\u015flar \/ Vu\u0308cudumu yazanlar elimde bir kadeh yazm\u0131\u015flar G\u00f6ru\u0308p mest-i mey-i a\u015fk oldu\u011fum, mest\u00e2ne yazm\u0131\u015flar \/ A\u015fk meyi sarho\u015fu oldu\u011fumu g\u00f6ru\u0308p<span class=\"excerpt-hellip\"> [\u2026]<\/span><\/p>\n","protected":false},"featured_media":0,"template":"","meta":{"_monsterinsights_skip_tracking":false,"_monsterinsights_sitenote_active":false,"_monsterinsights_sitenote_note":"","_monsterinsights_sitenote_category":0},"product_brand":[],"product_cat":[12291,12509],"product_tag":[],"class_list":{"0":"post-772608","1":"product","2":"type-product","3":"status-publish","5":"product_cat-edebiyat","6":"product_cat-siir","7":"pa_cilt-ciltsiz","8":"pa_tur-kitap","9":"pa_yayinevi-ayrinti-yayinlari","10":"pa_yazar-nefi","12":"first","13":"instock","14":"sale","15":"shipping-taxable","16":"purchasable","17":"product-type-simple"},"_links":{"self":[{"href":"https:\/\/roveyayinevi.com.tr\/index.php\/wp-json\/wp\/v2\/product\/772608","targetHints":{"allow":["GET"]}}],"collection":[{"href":"https:\/\/roveyayinevi.com.tr\/index.php\/wp-json\/wp\/v2\/product"}],"about":[{"href":"https:\/\/roveyayinevi.com.tr\/index.php\/wp-json\/wp\/v2\/types\/product"}],"wp:attachment":[{"href":"https:\/\/roveyayinevi.com.tr\/index.php\/wp-json\/wp\/v2\/media?parent=772608"}],"wp:term":[{"taxonomy":"product_brand","embeddable":true,"href":"https:\/\/roveyayinevi.com.tr\/index.php\/wp-json\/wp\/v2\/product_brand?post=772608"},{"taxonomy":"product_cat","embeddable":true,"href":"https:\/\/roveyayinevi.com.tr\/index.php\/wp-json\/wp\/v2\/product_cat?post=772608"},{"taxonomy":"product_tag","embeddable":true,"href":"https:\/\/roveyayinevi.com.tr\/index.php\/wp-json\/wp\/v2\/product_tag?post=772608"}],"curies":[{"name":"wp","href":"https:\/\/api.w.org\/{rel}","templated":true}]}}