{"id":772607,"date":"2025-08-28T15:45:50","date_gmt":"2025-08-28T12:45:50","guid":{"rendered":"https:\/\/roveyayinevi.com.tr\/index.php\/urun\/arifiye-ilkogretmen-okulu-lisesi\/"},"modified":"2026-04-15T03:38:52","modified_gmt":"2026-04-15T00:38:52","slug":"arifiye-ilkogretmen-okulu-lisesi","status":"publish","type":"product","link":"https:\/\/roveyayinevi.com.tr\/index.php\/urun\/arifiye-ilkogretmen-okulu-lisesi\/","title":{"rendered":"Arifiye \u0130lk\u00f6\u011fretmen Okulu \/ Lisesi"},"content":{"rendered":"<p>1 May\u0131s 1937 Cumartesi gu\u0308nu\u0308 a\u00e7\u0131lan Arifiye K\u00f6y E\u011fitmenleri Kursu ile e\u011fitim tarihimizde ad\u0131n\u0131 duyuran Arifiye, o gu\u0308nden beri E\u011fitmen Kursu, K\u00f6y Enstitu\u0308su\u0308, \u0130lk\u00f6\u011fretmen Okulu ve \u0130lk\u00f6\u011fretmen Lisesi adlar\u0131 ile \u00f6\u011fretmen yeti\u015ftirip, hakl\u0131 bir u\u0308ne kavu\u015fmu\u015ftur.   Arifiye\u2019nin de i\u00e7inde bulundu\u011fu 21 K\u00f6y Enstitu\u0308su\u0308 ve E\u011fitmen Kursu\u2019nun, genel olarak u\u0308\u00e7 ayr\u0131 d\u00f6nemi vard\u0131r. E\u011fitmen Kursu, K\u00f6y Enstitu\u0308su\u0308 ve \u0130lk\u00f6\u011fretmen Okulu \/ Lisesi&#8230;   Arifiye ile ilgili titiz ve derin \u00e7al\u0131\u015fmalar\u0131 ile \u00f6nce Arifiye K\u00f6y E\u011fitmenleri Tarihi, sonra da Uygarl\u0131\u011f\u0131n Tu\u011flas\u0131 Arifiye K\u00f6y Enstitu\u0308su\u0308 kitaplar\u0131 ile g\u00f6z dolduran Karabey Aydo\u011fan, bu kez de Arifiye \u0130lk\u00f6\u011fretmen Okulu \/ Lisesi adl\u0131 k\u0131l\u0131 k\u0131rk yaran \u00e7al\u0131\u015fmas\u0131 ile kar\u015f\u0131m\u0131za geliyor. B\u00f6ylece bu okullardan biri, yani Arifiye\u2019nin u\u0308\u00e7u\u0308ncu\u0308 d\u00f6nemi de belgelenmi\u015f oluyor.   Kitap, 1954-1976 y\u0131llar\u0131n\u0131 kapsayan d\u00f6nemi inceliyor. Tamam\u0131 belgelere, ya\u015fanm\u0131\u015fl\u0131klara ve an\u0131lara dayanan bu ara\u015ft\u0131rma ve inceleme \u00e7al\u0131\u015fmas\u0131, bir okul kitab\u0131ndan daha \u00e7ok bir ba\u015fvuru kitab\u0131 niteli\u011findedir.   <\/p>\n","protected":false},"excerpt":{"rendered":"<p>1 May\u0131s 1937 Cumartesi gu\u0308nu\u0308 a\u00e7\u0131lan Arifiye K\u00f6y E\u011fitmenleri Kursu ile e\u011fitim tarihimizde ad\u0131n\u0131 duyuran Arifiye, o gu\u0308nden beri E\u011fitmen Kursu, K\u00f6y Enstitu\u0308su\u0308, \u0130lk\u00f6\u011fretmen Okulu ve<span class=\"excerpt-hellip\"> [\u2026]<\/span><\/p>\n","protected":false},"featured_media":0,"template":"","meta":{"_monsterinsights_skip_tracking":false,"_monsterinsights_sitenote_active":false,"_monsterinsights_sitenote_note":"","_monsterinsights_sitenote_category":0},"product_brand":[],"product_cat":[12304,14128],"product_tag":[],"class_list":{"0":"post-772607","1":"product","2":"type-product","3":"status-publish","5":"product_cat-tarih","6":"product_cat-yakin-tarih","7":"pa_cilt-ciltsiz","8":"pa_tur-kitap","9":"pa_yayinevi-ayrinti-yayinlari","10":"pa_yazar-karabey-aydogan","12":"first","13":"instock","14":"sale","15":"shipping-taxable","16":"purchasable","17":"product-type-simple"},"_links":{"self":[{"href":"https:\/\/roveyayinevi.com.tr\/index.php\/wp-json\/wp\/v2\/product\/772607","targetHints":{"allow":["GET"]}}],"collection":[{"href":"https:\/\/roveyayinevi.com.tr\/index.php\/wp-json\/wp\/v2\/product"}],"about":[{"href":"https:\/\/roveyayinevi.com.tr\/index.php\/wp-json\/wp\/v2\/types\/product"}],"wp:attachment":[{"href":"https:\/\/roveyayinevi.com.tr\/index.php\/wp-json\/wp\/v2\/media?parent=772607"}],"wp:term":[{"taxonomy":"product_brand","embeddable":true,"href":"https:\/\/roveyayinevi.com.tr\/index.php\/wp-json\/wp\/v2\/product_brand?post=772607"},{"taxonomy":"product_cat","embeddable":true,"href":"https:\/\/roveyayinevi.com.tr\/index.php\/wp-json\/wp\/v2\/product_cat?post=772607"},{"taxonomy":"product_tag","embeddable":true,"href":"https:\/\/roveyayinevi.com.tr\/index.php\/wp-json\/wp\/v2\/product_tag?post=772607"}],"curies":[{"name":"wp","href":"https:\/\/api.w.org\/{rel}","templated":true}]}}