{"id":772606,"date":"2025-08-28T15:45:48","date_gmt":"2025-08-28T12:45:48","guid":{"rendered":"https:\/\/roveyayinevi.com.tr\/index.php\/urun\/siyer-i-serif\/"},"modified":"2026-04-15T03:38:52","modified_gmt":"2026-04-15T00:38:52","slug":"siyer-i-serif","status":"publish","type":"product","link":"https:\/\/roveyayinevi.com.tr\/index.php\/urun\/siyer-i-serif\/","title":{"rendered":"Siyer-i \u015eerif"},"content":{"rendered":"<p>Bu kitap son Peygamber, Efendiler Efendisi Hazret-i Muhammed\u2019in  (Sallallah\u00fc Aleyhi ve Sellem) altm\u0131\u015f \u00fc\u00e7 y\u0131ll\u0131k m\u00fcbarek hayat\u0131n\u0131 her y\u00f6n\u00fcyle anlatan \u00e7a\u011fda\u015f bir siyerdir. Bu kitap Y\u00fcce kitab\u0131m\u0131z Kur\u2019an-\u0131 Kerim\u2019in ini\u015f s\u0131ras\u0131na muvaf\u0131k bir eserdir. Her konunun anlat\u0131m\u0131nda inen ayetlere mutlaka yer verilmi\u015ftir. B\u00f6ylece siz aziz okuyuculara o m\u00fcbarek asr-\u0131 saadetten \u00e7ok derin Kur\u2019an\u2019i esintiler sunulmu\u015ftur. Bu kitap Rabbimizin (C.C.) O\u2019nun hakk\u0131ndaki (Sallallah\u00fc Aleyhi ve Sellem) buyruklar\u0131n\u0131n ki \u201cVe inneke le ala huluk\u0131n azim\u201d yani \u201cMuhakkak ki sen, \u00e7ok b\u00fcy\u00fck bir ahlak \u00fczerinesin\u201d yine \u201cKul in k\u00fcnt\u00fcm tuhibb\u00fcnall\u00e2he fettebi\u2019\u00fbn\u00ee yuhbibkumull\u00e2h\u00fc veya\u0121fir lekum \u017cun\u00fbbekum vall\u00e2hu \u0121af\u00fbrur rah\u00eem\u201d yani \u201cDe ki: e\u011fer siz Allah\u0131 seviyorsan\u0131z hemen bana uyun ki Allah da sizleri sevsin ve su\u00e7lar\u0131n\u0131z\u0131 ma\u011ffiretle \u00f6rts\u00fcn, Allah gafurdur, rah\u00eemdir\u201d ve yine \u201cVe ma erselnake illa rahmeten lil \u00e2lemin\u201d yani: \u201cVe seni ancak \u00e2lemlere rahmet olarak g\u00f6ndermi\u015fizdir.\u201d  Ayetlerini \u00e7a\u011fa, \u015fimdi ve buradaya ta\u015f\u0131nmas\u0131n\u0131n en g\u00fczel bir \u00f6rne\u011fi olan muhte\u015fem bir tespitler kanavi\u00e7esidir. Siz aziz okuyucular bu kitab\u0131 b\u00fcy\u00fck bir zevkle okuyup bitirdi\u011finizde Rabbimizin (C.C.) \u201cLevl\u00e2ke levlak lema halakt\u00fcl eflak\u201d yani \u201cE\u011fer sen olmasayd\u0131n hi\u00e7bir \u015feyi yaratmazd\u0131m.\u201d Buyurmas\u0131n\u0131n k\u00fclli manalar\u0131n\u0131 t\u00fcm benli\u011finizde hissedeceksiniz. \u0130\u015fte \u015fimdi siz aziz okuyucular\u0131 Hz. Muhammed\u2019le (Sallallah\u00fc Aleyhi ve Sellem) bulu\u015fturan bu kitapla ba\u015f ba\u015fa b\u0131rak\u0131yoruz. Mutlu okumalar. <\/p>\n","protected":false},"excerpt":{"rendered":"<p>Bu kitap son Peygamber, Efendiler Efendisi Hazret-i Muhammed\u2019in (Sallallah\u00fc Aleyhi ve Sellem) altm\u0131\u015f \u00fc\u00e7 y\u0131ll\u0131k m\u00fcbarek hayat\u0131n\u0131 her y\u00f6n\u00fcyle anlatan \u00e7a\u011fda\u015f bir siyerdir. Bu kitap Y\u00fcce<span class=\"excerpt-hellip\"> [\u2026]<\/span><\/p>\n","protected":false},"featured_media":0,"template":"","meta":{"_monsterinsights_skip_tracking":false,"_monsterinsights_sitenote_active":false,"_monsterinsights_sitenote_note":"","_monsterinsights_sitenote_category":0},"product_brand":[],"product_cat":[12718,12719],"product_tag":[],"class_list":{"0":"post-772606","1":"product","2":"type-product","3":"status-publish","5":"product_cat-din","6":"product_cat-islam","7":"pa_cilt-ciltsiz","8":"pa_tur-kitap","9":"pa_yayinevi-zet-yayinlari","10":"pa_yazar-yilmaz-yenidinc","12":"first","13":"instock","14":"sale","15":"shipping-taxable","16":"purchasable","17":"product-type-simple"},"_links":{"self":[{"href":"https:\/\/roveyayinevi.com.tr\/index.php\/wp-json\/wp\/v2\/product\/772606","targetHints":{"allow":["GET"]}}],"collection":[{"href":"https:\/\/roveyayinevi.com.tr\/index.php\/wp-json\/wp\/v2\/product"}],"about":[{"href":"https:\/\/roveyayinevi.com.tr\/index.php\/wp-json\/wp\/v2\/types\/product"}],"wp:attachment":[{"href":"https:\/\/roveyayinevi.com.tr\/index.php\/wp-json\/wp\/v2\/media?parent=772606"}],"wp:term":[{"taxonomy":"product_brand","embeddable":true,"href":"https:\/\/roveyayinevi.com.tr\/index.php\/wp-json\/wp\/v2\/product_brand?post=772606"},{"taxonomy":"product_cat","embeddable":true,"href":"https:\/\/roveyayinevi.com.tr\/index.php\/wp-json\/wp\/v2\/product_cat?post=772606"},{"taxonomy":"product_tag","embeddable":true,"href":"https:\/\/roveyayinevi.com.tr\/index.php\/wp-json\/wp\/v2\/product_tag?post=772606"}],"curies":[{"name":"wp","href":"https:\/\/api.w.org\/{rel}","templated":true}]}}