{"id":772603,"date":"2025-08-28T15:45:42","date_gmt":"2025-08-28T12:45:42","guid":{"rendered":"https:\/\/roveyayinevi.com.tr\/index.php\/urun\/tarihten-ve-gunumuzden-klasik-muzik-yazilari-v\/"},"modified":"2026-04-15T03:38:52","modified_gmt":"2026-04-15T00:38:52","slug":"tarihten-ve-gunumuzden-klasik-muzik-yazilari-v","status":"publish","type":"product","link":"https:\/\/roveyayinevi.com.tr\/index.php\/urun\/tarihten-ve-gunumuzden-klasik-muzik-yazilari-v\/","title":{"rendered":"Tarihten ve G\u00fcn\u00fcm\u00fczden Klasik M\u00fczik Yaz\u0131lar\u0131 &#8211; V"},"content":{"rendered":"<p>Ya\u015fam\u0131n\u0131 Amerika\u2019n\u0131n Kaliforniya eyaletinde s\u00fcrd\u00fcren Prof. Dr. \u00d6mer E\u01e7ecio\u01e7lu, m\u00fczik tarihinin tozlu yapraklar\u0131 aras\u0131nda unutulmu\u015f birbirinden ilgin\u00e7 olaylar\u0131, ki\u015fileri ve gezip g\u00f6rd\u00fc\u011f\u00fc yerleri belgeler ve foto\u011fraflar \u0131\u015f\u0131\u011f\u0131nda m\u00fczikseverlerle \/ ara\u015ft\u0131rmac\u0131larla payla\u015f\u0131yor. Serinin 1-2-3-4. kitaplar\u0131n\u0131n ard\u0131ndan, bu kitapta yer alan ba\u015fl\u0131klar ise a\u015fa\u011f\u0131daki gibidir: V. Kitaptan Ba\u015fl\u0131klar \u00b7         \u0130stanbul ve Bat\u0131 M\u00fczi\u011fi: K\u0131sa Bir Tarih\u00e7e \u00b7         J. S. Bach\u2019\u0131n Leipzig Y\u0131llar\u0131 ve Son Dinlenme Yeri \u00b7         Cavalleria Rusticana \u0130stanbul\u2019da \u00b7         D\u00fcnya Gezgini Keman Virt\u00fc\u00f6z\u00fc Miska Hauser\u2019in Maceralar\u0131 \u00b7         Joseph Haydn\u2019\u0131n Kafatas\u0131n\u0131n Ba\u015f\u0131na Gelenler \u00b7         Budape\u015fte\u2019nin Al\u0131ml\u0131 Opera Binas\u0131 \u00b7         Leonhard Euler ve insan Sesi \u00b7         \u00dcnl\u00fc Keman Pedagogu Leopold Auer\u2019in \u0130stanbul Ziyareti \u00b7         Oberon, Kayser II. Wilhelm ve Son Sadrazam Ahmet Tevfik Pa\u015fa \u00b7         Hindistan\u2019\u0131n Tek Opera Binas\u0131: Mumbai Kraliyet Operas\u0131 <\/p>\n","protected":false},"excerpt":{"rendered":"<p>Ya\u015fam\u0131n\u0131 Amerika\u2019n\u0131n Kaliforniya eyaletinde s\u00fcrd\u00fcren Prof. Dr. \u00d6mer E\u01e7ecio\u01e7lu, m\u00fczik tarihinin tozlu yapraklar\u0131 aras\u0131nda unutulmu\u015f birbirinden ilgin\u00e7 olaylar\u0131, ki\u015fileri ve gezip g\u00f6rd\u00fc\u011f\u00fc yerleri belgeler ve foto\u011fraflar<span class=\"excerpt-hellip\"> [\u2026]<\/span><\/p>\n","protected":false},"featured_media":0,"template":"","meta":{"_monsterinsights_skip_tracking":false,"_monsterinsights_sitenote_active":false,"_monsterinsights_sitenote_note":"","_monsterinsights_sitenote_category":0},"product_brand":[],"product_cat":[14591,14556],"product_tag":[],"class_list":{"0":"post-772603","1":"product","2":"type-product","3":"status-publish","5":"product_cat-genel-kavramlar-kuram-ve-tarihce","6":"product_cat-muzik","7":"pa_cilt-ciltsiz","8":"pa_tur-kitap","9":"pa_yayinevi-muzik-egitimi-yayinlari","10":"pa_yazar-omer-egecioglu","12":"first","13":"instock","14":"sale","15":"shipping-taxable","16":"purchasable","17":"product-type-simple"},"_links":{"self":[{"href":"https:\/\/roveyayinevi.com.tr\/index.php\/wp-json\/wp\/v2\/product\/772603","targetHints":{"allow":["GET"]}}],"collection":[{"href":"https:\/\/roveyayinevi.com.tr\/index.php\/wp-json\/wp\/v2\/product"}],"about":[{"href":"https:\/\/roveyayinevi.com.tr\/index.php\/wp-json\/wp\/v2\/types\/product"}],"wp:attachment":[{"href":"https:\/\/roveyayinevi.com.tr\/index.php\/wp-json\/wp\/v2\/media?parent=772603"}],"wp:term":[{"taxonomy":"product_brand","embeddable":true,"href":"https:\/\/roveyayinevi.com.tr\/index.php\/wp-json\/wp\/v2\/product_brand?post=772603"},{"taxonomy":"product_cat","embeddable":true,"href":"https:\/\/roveyayinevi.com.tr\/index.php\/wp-json\/wp\/v2\/product_cat?post=772603"},{"taxonomy":"product_tag","embeddable":true,"href":"https:\/\/roveyayinevi.com.tr\/index.php\/wp-json\/wp\/v2\/product_tag?post=772603"}],"curies":[{"name":"wp","href":"https:\/\/api.w.org\/{rel}","templated":true}]}}