{"id":772601,"date":"2025-08-28T15:45:38","date_gmt":"2025-08-28T12:45:38","guid":{"rendered":"https:\/\/roveyayinevi.com.tr\/index.php\/urun\/cesaret-6\/"},"modified":"2026-02-24T03:37:41","modified_gmt":"2026-02-24T00:37:41","slug":"cesaret-6","status":"publish","type":"product","link":"https:\/\/roveyayinevi.com.tr\/index.php\/urun\/cesaret-6\/","title":{"rendered":"Cesaret"},"content":{"rendered":"<p>Badem yumurtadan \u00e7\u0131kt\u0131! Ama \u015fimdi u\u00e7mas\u0131 gerekiyor\u2026   Acaba Badem cesaretini toplay\u0131p ilk u\u00e7u\u015funu yapabilecek mi? Ya da korkusu ger\u00e7ekten u\u00e7up gidebilir mi?   Bu s\u0131cac\u0131k hik\u00e2ye; sevgi, cesaret ve arkada\u015fl\u0131kla dolu. K\u00fc\u00e7\u00fck kalplere b\u00fcy\u00fck umutlar veren bir hik\u00e2ye&#8230; <\/p>\n","protected":false},"excerpt":{"rendered":"<p>Badem yumurtadan \u00e7\u0131kt\u0131! Ama \u015fimdi u\u00e7mas\u0131 gerekiyor\u2026 Acaba Badem cesaretini toplay\u0131p ilk u\u00e7u\u015funu yapabilecek mi? Ya da korkusu ger\u00e7ekten u\u00e7up gidebilir mi? Bu s\u0131cac\u0131k hik\u00e2ye; sevgi,<span class=\"excerpt-hellip\"> [\u2026]<\/span><\/p>\n","protected":false},"featured_media":0,"template":"","meta":{"_monsterinsights_skip_tracking":false,"_monsterinsights_sitenote_active":false,"_monsterinsights_sitenote_note":"","_monsterinsights_sitenote_category":0},"product_brand":[],"product_cat":[12274,12284],"product_tag":[],"class_list":{"0":"post-772601","1":"product","2":"type-product","3":"status-publish","5":"product_cat-cocuk-ve-genclik-kitaplari","6":"product_cat-hikayeler","7":"pa_cilt-ciltsiz","8":"pa_tur-kitap","9":"pa_yayinevi-servet-yayinevi","10":"pa_yazar-ozlem-balkaya","12":"first","13":"instock","14":"sale","15":"shipping-taxable","16":"purchasable","17":"product-type-simple"},"_links":{"self":[{"href":"https:\/\/roveyayinevi.com.tr\/index.php\/wp-json\/wp\/v2\/product\/772601","targetHints":{"allow":["GET"]}}],"collection":[{"href":"https:\/\/roveyayinevi.com.tr\/index.php\/wp-json\/wp\/v2\/product"}],"about":[{"href":"https:\/\/roveyayinevi.com.tr\/index.php\/wp-json\/wp\/v2\/types\/product"}],"wp:attachment":[{"href":"https:\/\/roveyayinevi.com.tr\/index.php\/wp-json\/wp\/v2\/media?parent=772601"}],"wp:term":[{"taxonomy":"product_brand","embeddable":true,"href":"https:\/\/roveyayinevi.com.tr\/index.php\/wp-json\/wp\/v2\/product_brand?post=772601"},{"taxonomy":"product_cat","embeddable":true,"href":"https:\/\/roveyayinevi.com.tr\/index.php\/wp-json\/wp\/v2\/product_cat?post=772601"},{"taxonomy":"product_tag","embeddable":true,"href":"https:\/\/roveyayinevi.com.tr\/index.php\/wp-json\/wp\/v2\/product_tag?post=772601"}],"curies":[{"name":"wp","href":"https:\/\/api.w.org\/{rel}","templated":true}]}}