{"id":772600,"date":"2025-08-28T15:45:36","date_gmt":"2025-08-28T12:45:36","guid":{"rendered":"https:\/\/roveyayinevi.com.tr\/index.php\/urun\/astronom-ve-cadi\/"},"modified":"2026-04-15T03:38:51","modified_gmt":"2026-04-15T00:38:51","slug":"astronom-ve-cadi","status":"publish","type":"product","link":"https:\/\/roveyayinevi.com.tr\/index.php\/urun\/astronom-ve-cadi\/","title":{"rendered":"Astronom ve Cad\u0131"},"content":{"rendered":"<p>&#8220;Johannes Kepler, g\u00f6ky\u00fcz\u00fcn\u00fcn s\u0131rlar\u0131n\u0131 \u00e7\u00f6zen d\u00e2hi bir astronom, \u201cimparatorluk matematik\u00e7isi\u201d unvan\u0131n\u0131 hak eden b\u00fcy\u00fck bir d\u00fc\u015f\u00fcn\u00fcrd\u00fc. Ama bu kitap, onun yaln\u0131zca bilimsel ba\u015far\u0131lar\u0131n\u0131 de\u011fil, bir o\u011fulun annesini Orta \u00c7a\u011f&#8217;\u0131n karanl\u0131k cad\u0131 avlar\u0131ndan nas\u0131l kurtard\u0131\u011f\u0131n\u0131 anlat\u0131yor.   Astronom ve Cad\u0131, Kepler\u2019in duygular\u0131n\u0131, korkular\u0131n\u0131 ve ya\u015fad\u0131\u011f\u0131 toplumun bask\u0131lar\u0131na kar\u015f\u0131 verdi\u011fi m\u00fccadeleyi g\u00f6zler \u00f6n\u00fcne sererken; iftiraya u\u011frayan ya\u015fl\u0131 bir kad\u0131n\u0131n adalet aray\u0131\u015f\u0131n\u0131 t\u00fcm ger\u00e7ekli\u011fiyle aktar\u0131yor.   Ulinka Rublack\u2019\u0131n titiz ar\u015fiv ara\u015ft\u0131rmas\u0131na dayanan bu \u00e7arp\u0131c\u0131 eser, yaln\u0131zca bir bilim insan\u0131n\u0131n de\u011fil, bir annenin, bir ailenin ve insan akl\u0131n\u0131n direni\u015finin hik\u00e2yesi. <\/p>\n","protected":false},"excerpt":{"rendered":"<p>&#8220;Johannes Kepler, g\u00f6ky\u00fcz\u00fcn\u00fcn s\u0131rlar\u0131n\u0131 \u00e7\u00f6zen d\u00e2hi bir astronom, \u201cimparatorluk matematik\u00e7isi\u201d unvan\u0131n\u0131 hak eden b\u00fcy\u00fck bir d\u00fc\u015f\u00fcn\u00fcrd\u00fc. Ama bu kitap, onun yaln\u0131zca bilimsel ba\u015far\u0131lar\u0131n\u0131 de\u011fil, bir o\u011fulun<span class=\"excerpt-hellip\"> [\u2026]<\/span><\/p>\n","protected":false},"featured_media":0,"template":"","meta":{"_monsterinsights_skip_tracking":false,"_monsterinsights_sitenote_active":false,"_monsterinsights_sitenote_note":"","_monsterinsights_sitenote_category":0},"product_brand":[],"product_cat":[12304],"product_tag":[],"class_list":{"0":"post-772600","1":"product","2":"type-product","3":"status-publish","5":"product_cat-tarih","6":"pa_cilt-ciltsiz","7":"pa_tur-kitap","8":"pa_yayinevi-pinhan-yayincilik","9":"pa_yazar-ulinka-rublack","11":"first","12":"instock","13":"sale","14":"shipping-taxable","15":"purchasable","16":"product-type-simple"},"_links":{"self":[{"href":"https:\/\/roveyayinevi.com.tr\/index.php\/wp-json\/wp\/v2\/product\/772600","targetHints":{"allow":["GET"]}}],"collection":[{"href":"https:\/\/roveyayinevi.com.tr\/index.php\/wp-json\/wp\/v2\/product"}],"about":[{"href":"https:\/\/roveyayinevi.com.tr\/index.php\/wp-json\/wp\/v2\/types\/product"}],"wp:attachment":[{"href":"https:\/\/roveyayinevi.com.tr\/index.php\/wp-json\/wp\/v2\/media?parent=772600"}],"wp:term":[{"taxonomy":"product_brand","embeddable":true,"href":"https:\/\/roveyayinevi.com.tr\/index.php\/wp-json\/wp\/v2\/product_brand?post=772600"},{"taxonomy":"product_cat","embeddable":true,"href":"https:\/\/roveyayinevi.com.tr\/index.php\/wp-json\/wp\/v2\/product_cat?post=772600"},{"taxonomy":"product_tag","embeddable":true,"href":"https:\/\/roveyayinevi.com.tr\/index.php\/wp-json\/wp\/v2\/product_tag?post=772600"}],"curies":[{"name":"wp","href":"https:\/\/api.w.org\/{rel}","templated":true}]}}